{"id":95705,"date":"2016-12-15T15:39:16","date_gmt":"2016-12-15T14:39:16","guid":{"rendered":"https:\/\/clinical.r-biopharm.com\/diagnostici\/autoimmunita\/"},"modified":"2019-07-08T09:38:42","modified_gmt":"2019-07-08T07:38:42","slug":"autoimmunita","status":"publish","type":"page","link":"https:\/\/devclinical.r-biopharm.com\/it\/diagnostici\/autoimmunita\/","title":{"rendered":"Autoimmunit\u00e0"},"content":{"rendered":"<div class=\"wpb-content-wrapper\">[mk_page_section padding_top=&#8221;30&#8243; padding_bottom=&#8221;30&#8243; sidebar=&#8221;sidebar-1&#8243;][vc_column width=&#8221;2\/3&#8243;][vc_column_text]<strong>R-Biopharm presenta SeraSpot\u00ae, il nuovo sistema formato da microspot per la diagnostica multipla di malattie autoimmuni.<\/strong><\/p>\n<p>Nelle malattie autoimmuni, il sistema immunitario di un paziente attacca le strutture del suo stesso corpo. A seconda dell\u2019apparato coinvolto (per esempio il sistema nervoso, il sistema osteo-articolare o il sistema epatico) i sintomi, e quindi il tipo di patologia, possono essere molto diversi. A oggi si conoscono 81 diverse malattie autoimmuni, sia localizzate, ovvero riguardanti un organo specifico, sia sistemiche.<\/p>\n<p>Molte malattie autoimmuni si caratterizzano per la produzione di autoanticorpi. Gli autoanticorpi possono essere direttamente patogeni, come per esempio gli anti-GMB, oppure essere solo associati alla patologia. Essi possono quindi essere considerati come marcatori prognostici (anti-AMA-M2), utilizzati per il monitoraggio del paziente (anti-dsDNA) o per una diagnosi differenziale (anti-Mi2).\u00a0 Di notevole importanza \u00e8 la precocit\u00e0 della diagnosi: prima viene riconosciuta una malattia autoimmune, migliori saranno i risultati per il paziente. Questo \u00e8 ancora pi\u00f9 significativo nei casi di malattie progressive come le patologie reumatiche e fibrotiche che portano a deficit irreversibili.<\/p>\n<h3>Test diagnostici per le malattie autoimmuni<\/h3>\n<p>La ricerca degli autoanticorpi \u00e8 l\u2019elemento centrale nella diagnosi e nel trattamento delle malattie autoimmuni. R-Biopharm offre SeraSpot\u00ae, un nuovo metodo basato sulla tecnologia dei microspot per la diagnosi delle malattie autoimmuni e infettive. A oggi la piattaforma SeraSpot\u00ae comprende 4 diverse proposte di array e il lettore di microspot per la diagnosi delle malattie connettivali ed epatiche, delle vasculiti sistemiche e della sindrome di Goodpasture.[\/vc_column_text][vc_accordions style=&#8221;simple-style&#8221; open_toggle=&#8221;-1&#8243; container_bg_color=&#8221;#ffffff&#8221;][vc_accordion_tab icon=&#8221;mk-moon-circle-small&#8221; title=&#8221;Malattie del tessuto connettivo&#8221;][vc_column_text]Le malattie del tessuto connettivo sono infiammazioni reumatiche sistemiche caratterizzate da un decorso cronico (malattie sistemiche del tessuto connettivo) che spesso manifestano sintomi sovrapposti (sindromi sovrapposte). Di seguito sono elencate le malattie del tessuto connettivo, per le quali i pazienti sono esaminati per la presenza di anticorpi anti-nucleo (ANA):[\/vc_column_text][mk_custom_list style=&#8221;mk-moon-circle-small&#8221;]\n<ul>\n<li>Lupus eritematoso sistemico (SLE) e sottogruppi<\/li>\n<li>Sindrome di Sj\u00f6gren (SjS)<\/li>\n<li>Sclerosi sistemica (SS)<\/li>\n<li>Miosite idiopatica (autoimmune)<\/li>\n<li>Malattia mista del tessuto connettivo (MCTD o sindrome acuta)<\/li>\n<li>Sindromi sovrapposte<\/li>\n<\/ul>\n[\/mk_custom_list][\/vc_accordion_tab][vc_accordion_tab icon=&#8221;mk-moon-circle-small&#8221; title=&#8221;Malattie autoimmuni epatiche primarie&#8221;][vc_column_text]Le malattie autoimmuni epatiche primarie (AL) possono essere suddivise in:[\/vc_column_text][mk_custom_list style=&#8221;mk-moon-circle-small&#8221;]\n<ul>\n<li>Epatite autoimmune (AIH) dal tipo I al III<\/li>\n<li>Cirrosi biliare primaria (PBC)<\/li>\n<li>Colangite sclerosante primitiva (PSC)<\/li>\n<li>Malattie sovrapposte con i sintomi di AIH insieme a PBC o PSC<\/li>\n<\/ul>\n[\/mk_custom_list][vc_column_text]I sintomi clinici di una AL sono simili ad altre patologie epatiche croniche e possono progredire in cirrosi epatica. Solo la diagnosi precoce e il trattamento possono prevenire questa degenerazione. Quasi il 15% dei casi di malattie epatiche croniche nasconde una patogenesi autoimmune, perci\u00f2 la ricerca dei diversi anticorpi \u00e8 di importanza fondamentale e di grande supporto per la diagnosi.<\/p>\n<p>Scoperte di laboratorio sulle epatiti autoimmuni rivelano nel siero la presenza di anticorpi anti-nucleo (ANAs), anticorpi anti-F actina, anticorpi anti-microsomi epato-renali di tipo 1 (LKM-1) o anticorpi anti-citosol epatico 1 (anti-LC1). Gli anticorpi utili alla diagnosi di AIH vengono utilizzati per classificare le diverse forme di AIH e differenziarle dalla cirrosi biliare primaria (PBC).[\/vc_column_text][\/vc_accordion_tab][vc_accordion_tab icon=&#8221;mk-moon-circle-small&#8221; title=&#8221;Vasculite sistemica primitiva&#8221;][vc_column_text]La vasculite sistemica primitiva dei piccoli e medi vasi, di eziopatogenesi sconosciuta, \u00e8 associata alla presenza di anticorpi citoplasmatici anti-neutrofili (ANCA). Esistono tre tipi di vasculiti associate agli ANCA e sono:[\/vc_column_text][mk_custom_list style=&#8221;mk-moon-circle-small&#8221;]\n<ul>\n<li>Granulomatosi con poliangioite (di Wegener) (GPA)<\/li>\n<li>Poliangioite microscopica (MPA)<\/li>\n<li>Granulomatosi eosinofila con poliangioite (sindrome di Churg-Strauss) (EGPA)<\/li>\n<\/ul>\n[\/mk_custom_list][vc_column_text]Pi\u00f9 del 90% dei pazienti affetti da GPA e MPA sono positivi agli anticorpi ANCA. La maggior parte degli studi europei ha rilevato che nelle forme di MPA gli ANCA sono specifici per la mielo-perossidasi (MPO), mentre nelle forme di GPA predominano gli Ab anti Proteinase 3 (PR3). I pazienti affetti da EGPA sono positivi agli ANCA nel 50% dei casi, e si tratta prevalentemente di Ab anti MPO. Le vasculiti associate alla presenza di MPO-ANCA sono pi\u00f9 comuni fra i cittadini giapponesi e cinesi, mentre quelle associate alla presenza di Ab PR3-ANCA sono pi\u00f9 diffuse nella popolazione europea. Le glomerulonefriti sono pi\u00f9 diffuse e severe nei pazienti affetti da vasculiti associate agli PR3-ANCA piuttosto che in soggetti con vasculiti associate agli MPO.[\/vc_column_text][\/vc_accordion_tab][vc_accordion_tab icon=&#8221;mk-moon-circle-small&#8221; title=&#8221;Malattia di Goodpasture&#8221;][vc_column_text]La malattia di Goodpasture \u00e8 una glomerulonefrite, che pu\u00f2 essere associata o meno a emorragia polmonare e che \u00e8 caratterizzata dalla presenza di anticorpi circolanti anti-membrana basale del glomerulo (anti GMB). La diagnosi precoce e il trattamento di questa sindrome sono fondamentali per la buona prognosi della funzione renale. Qualche volta la malattia di Goodpasture pu\u00f2 essere sovrapposta alle vasculiti sistemiche positive agli ANCA. Oltre agli anticorpi anti-GMB caratteristici della malattia, circa uno su tre pazienti risulta positivo anche agli ANCA. La positivit\u00e0 agli ANCA spesso anticipa la manifestazione degli anticorpi anti-GBM di qualche mese o addirittura anni.<\/p>\n[\/vc_column_text][\/vc_accordion_tab][\/vc_accordions][\/vc_column][vc_column width=&#8221;1\/3&#8243;][vc_column_text margin_bottom=&#8221;20&#8243;]\n<h3 style=\"margin-bottom: 25px;\">Scegli un\u2019indicazione<\/h3>\n<div class=\"facetwp-facet facetwp-facet-indication_fselect facetwp-type-fselect\" data-name=\"indication_fselect\" data-type=\"fselect\"><\/div>[\/vc_column_text][vc_column_text margin_bottom=&#8221;20&#8243;]\n<h3 style=\"margin-bottom: 25px;\">Scegli una tecnologia<\/h3>\n<div class=\"facetwp-facet facetwp-facet-technology_fselect facetwp-type-fselect\" data-name=\"technology_fselect\" data-type=\"fselect\"><\/div>[\/vc_column_text][vc_column_text margin_bottom=&#8221;40&#8243;]\n<h3 style=\"margin-bottom: 25px;\"><\/h3>\n<h3 style=\"margin-bottom: 25px;\">Scegli il tuo prodotto<\/h3>\n<div class=\"facetwp-template\" data-name=\"autoimmunity\"><ul class=\"product_facets\"><\/ul><\/div>[\/vc_column_text][\/vc_column][\/mk_page_section][mk_page_section bg_color=&#8221;#f7f7f7&#8243; padding_top=&#8221;0&#8243; padding_bottom=&#8221;0&#8243; sidebar=&#8221;sidebar-1&#8243;][vc_column css=&#8221;.vc_custom_1469015765963{margin-top: 25px !important;padding-bottom: 5px !important;}&#8221;][vc_column_text margin_bottom=&#8221;20&#8243;]\n<h2 class=\"knubbel\">Autoimmunit\u00e0 &#8211; ultime notizie<\/h2>\n[\/vc_column_text][mk_blog_carousel cat=&#8221;213&#8243;][\/vc_column][\/mk_page_section][mk_page_section bg_color=&#8221;#ffffff&#8221; padding_top=&#8221;0&#8243; sidebar=&#8221;sidebar-1&#8243;][vc_column css=&#8221;.vc_custom_1467042052405{margin-top: 40px !important;}&#8221;][vc_column_text margin_bottom=&#8221;20&#8243;]\n<h2 class=\"knubbel\">Potrebbe interessarti anche<\/h2>\n[\/vc_column_text][vc_row_inner css=&#8221;.vc_custom_1468404266697{margin-bottom: 40px !important;}&#8221;][vc_column_inner width=&#8221;1\/3&#8243; css=&#8221;.vc_custom_1468416557833{padding-bottom: 10px !important;padding-left: 0px !important;}&#8221;][mk_flipbox_rb taxonomy=&#8221;diagnostic&#8221; tag_diagnostics=&#8221;autoimmunity&#8221; min_height=&#8221;200&#8243; button_bg_color=&#8221;#4d4d4d&#8221; button_bg_hover_color=&#8221;#ffffff&#8221; button_text=&#8221;More&#8221;][\/vc_column_inner][vc_column_inner width=&#8221;1\/3&#8243; css=&#8221;.vc_custom_1468416552613{padding-right: 7.5px !important;padding-bottom: 10px !important;padding-left: 7.5px !important;}&#8221;][mk_flipbox_rb taxonomy=&#8221;diagnostic&#8221; tag_diagnostics=&#8221;autoimmunity&#8221; offset=&#8221;1&#8243; min_height=&#8221;200&#8243; button_bg_color=&#8221;#4d4d4d&#8221; button_bg_hover_color=&#8221;#ffffff&#8221; button_text=&#8221;More&#8221;][\/vc_column_inner][vc_column_inner width=&#8221;1\/3&#8243; css=&#8221;.vc_custom_1468416547451{padding-right: 0px !important;padding-bottom: 10px !important;}&#8221;][mk_flipbox_rb taxonomy=&#8221;diagnostic&#8221; tag_diagnostics=&#8221;autoimmunity&#8221; offset=&#8221;2&#8243; min_height=&#8221;200&#8243; button_bg_color=&#8221;#4d4d4d&#8221; button_bg_hover_color=&#8221;#ffffff&#8221; button_text=&#8221;More Information&#8221;][\/vc_column_inner][\/vc_row_inner][\/vc_column][\/mk_page_section][mk_page_section bg_color=&#8221;#f7f7f7&#8243; padding_top=&#8221;20&#8243; padding_bottom=&#8221;20&#8243; sidebar=&#8221;sidebar-1&#8243;][vc_column css=&#8221;.vc_custom_1468415774645{padding-top: 0px !important;padding-bottom: 0px !important;}&#8221;][vc_column_text disable_pattern=&#8221;false&#8221; align=&#8221;center&#8221;]\n<h2>Autoimmunit\u00e0 &#8211; supporto<\/h2>\n<p>Hai domande? Le nostre competenze sono a tua disposizione! La nostra assistenza \u00e8 garanzia di successo per i test diagnostici della tua azienda[\/vc_column_text][mk_button dimension=&#8221;flat&#8221; url=&#8221;\/it\/contatti\/&#8221; align=&#8221;center&#8221; margin_bottom=&#8221;&#8221; bg_color=&#8221;#4d4d4d&#8221; btn_hover_bg=&#8221;#ffffff&#8221; btn_hover_txt_color=&#8221;#4d4d4d&#8221;]Contattaci[\/mk_button][\/vc_column][\/mk_page_section]\n<\/div>","protected":false},"excerpt":{"rendered":"<p>[mk_page_section padding_top=&#8221;30&#8243; padding_bottom=&#8221;30&#8243; sidebar=&#8221;sidebar-1&#8243;][vc_column width=&#8221;2\/3&#8243;][vc_column_text]R-Biopharm presenta SeraSpot\u00ae, il nuovo sistema formato da microspot per la diagnostica multipla di malattie autoimmuni. Nelle malattie autoimmuni, il sistema immunitario di un paziente attacca le strutture del suo stesso corpo. A seconda dell\u2019apparato coinvolto (per esempio il sistema nervoso, il sistema osteo-articolare o il sistema epatico) i sintomi, e [&hellip;]<\/p>\n","protected":false},"author":1,"featured_media":0,"parent":89740,"menu_order":0,"comment_status":"closed","ping_status":"closed","template":"","meta":{"content-type":"","_relevanssi_hide_post":"","_relevanssi_hide_content":"","_relevanssi_pin_for_all":"","_relevanssi_pin_keywords":"","_relevanssi_unpin_keywords":"","_relevanssi_related_keywords":"","_relevanssi_related_include_ids":"","_relevanssi_related_exclude_ids":"","_relevanssi_related_no_append":"","_relevanssi_related_not_related":"","_relevanssi_related_posts":"","_relevanssi_noindex_reason":"","footnotes":""},"acf":[],"yoast_head":"<!-- This site is optimized with the Yoast SEO plugin v21.9 - https:\/\/yoast.com\/wordpress\/plugins\/seo\/ -->\n<title>Autoimmunit\u00e0: Diagnostica di malattie autoimmuni<\/title>\n<meta name=\"robots\" content=\"noindex, follow, max-snippet:-1, max-image-preview:large, max-video-preview:-1\" \/>\n<meta property=\"og:locale\" content=\"it_IT\" \/>\n<meta property=\"og:type\" content=\"article\" \/>\n<meta property=\"og:title\" content=\"Autoimmunit\u00e0: Diagnostica di malattie autoimmuni\" \/>\n<meta property=\"og:description\" content=\"[mk_page_section padding_top=&#8221;30&#8243; padding_bottom=&#8221;30&#8243; sidebar=&#8221;sidebar-1&#8243;][vc_column width=&#8221;2\/3&#8243;][vc_column_text]R-Biopharm presenta SeraSpot\u00ae, il nuovo sistema formato da microspot per la diagnostica multipla di malattie autoimmuni. Nelle malattie autoimmuni, il sistema immunitario di un paziente attacca le strutture del suo stesso corpo. A seconda dell\u2019apparato coinvolto (per esempio il sistema nervoso, il sistema osteo-articolare o il sistema epatico) i sintomi, e [&hellip;]\" \/>\n<meta property=\"og:url\" content=\"https:\/\/devclinical.r-biopharm.com\/it\/diagnostici\/autoimmunita\/\" \/>\n<meta property=\"og:site_name\" content=\"\ud83d\udea8\ud83d\udea8\ud83d\udea8 Staging!!! Clinical Diagnostics \ud83d\udea8\ud83d\udea8\ud83d\udea8\" \/>\n<meta property=\"article:modified_time\" content=\"2019-07-08T07:38:42+00:00\" \/>\n<meta name=\"twitter:label1\" content=\"Est. reading time\" \/>\n\t<meta name=\"twitter:data1\" content=\"6 minutes\" \/>\n<script type=\"application\/ld+json\" class=\"yoast-schema-graph\">{\"@context\":\"https:\/\/schema.org\",\"@graph\":[{\"@type\":\"WebPage\",\"@id\":\"https:\/\/devclinical.r-biopharm.com\/it\/diagnostici\/autoimmunita\/\",\"url\":\"https:\/\/devclinical.r-biopharm.com\/it\/diagnostici\/autoimmunita\/\",\"name\":\"Autoimmunit\u00e0: Diagnostica di malattie autoimmuni\",\"isPartOf\":{\"@id\":\"https:\/\/devdevclinical.r-biopharm.com\/#website\"},\"datePublished\":\"2016-12-15T14:39:16+00:00\",\"dateModified\":\"2019-07-08T07:38:42+00:00\",\"breadcrumb\":{\"@id\":\"https:\/\/devclinical.r-biopharm.com\/it\/diagnostici\/autoimmunita\/#breadcrumb\"},\"inLanguage\":\"it-IT\",\"potentialAction\":[{\"@type\":\"ReadAction\",\"target\":[\"https:\/\/devclinical.r-biopharm.com\/it\/diagnostici\/autoimmunita\/\"]}]},{\"@type\":\"BreadcrumbList\",\"@id\":\"https:\/\/devclinical.r-biopharm.com\/it\/diagnostici\/autoimmunita\/#breadcrumb\",\"itemListElement\":[{\"@type\":\"ListItem\",\"position\":1,\"name\":\"Home\",\"item\":\"https:\/\/devclinical.r-biopharm.com\/it\/\"},{\"@type\":\"ListItem\",\"position\":2,\"name\":\"Diagnostica\",\"item\":\"https:\/\/devclinical.r-biopharm.com\/it\/diagnostici\/\"},{\"@type\":\"ListItem\",\"position\":3,\"name\":\"Autoimmunit\u00e0\"}]},{\"@type\":\"WebSite\",\"@id\":\"https:\/\/devdevclinical.r-biopharm.com\/#website\",\"url\":\"https:\/\/devdevclinical.r-biopharm.com\/\",\"name\":\"\ud83d\udea8\ud83d\udea8\ud83d\udea8 Staging!!! Clinical Diagnostics \ud83d\udea8\ud83d\udea8\ud83d\udea8\",\"description\":\"A Division of the R-Biopharm Group\",\"potentialAction\":[{\"@type\":\"SearchAction\",\"target\":{\"@type\":\"EntryPoint\",\"urlTemplate\":\"https:\/\/devdevclinical.r-biopharm.com\/?s={search_term_string}\"},\"query-input\":\"required name=search_term_string\"}],\"inLanguage\":\"it-IT\"}]}<\/script>\n<!-- \/ Yoast SEO plugin. -->","yoast_head_json":{"title":"Autoimmunit\u00e0: Diagnostica di malattie autoimmuni","robots":{"index":"noindex","follow":"follow","max-snippet":"max-snippet:-1","max-image-preview":"max-image-preview:large","max-video-preview":"max-video-preview:-1"},"og_locale":"it_IT","og_type":"article","og_title":"Autoimmunit\u00e0: Diagnostica di malattie autoimmuni","og_description":"[mk_page_section padding_top=&#8221;30&#8243; padding_bottom=&#8221;30&#8243; sidebar=&#8221;sidebar-1&#8243;][vc_column width=&#8221;2\/3&#8243;][vc_column_text]R-Biopharm presenta SeraSpot\u00ae, il nuovo sistema formato da microspot per la diagnostica multipla di malattie autoimmuni. Nelle malattie autoimmuni, il sistema immunitario di un paziente attacca le strutture del suo stesso corpo. A seconda dell\u2019apparato coinvolto (per esempio il sistema nervoso, il sistema osteo-articolare o il sistema epatico) i sintomi, e [&hellip;]","og_url":"https:\/\/devclinical.r-biopharm.com\/it\/diagnostici\/autoimmunita\/","og_site_name":"\ud83d\udea8\ud83d\udea8\ud83d\udea8 Staging!!! Clinical Diagnostics \ud83d\udea8\ud83d\udea8\ud83d\udea8","article_modified_time":"2019-07-08T07:38:42+00:00","twitter_misc":{"Est. reading time":"6 minutes"},"schema":{"@context":"https:\/\/schema.org","@graph":[{"@type":"WebPage","@id":"https:\/\/devclinical.r-biopharm.com\/it\/diagnostici\/autoimmunita\/","url":"https:\/\/devclinical.r-biopharm.com\/it\/diagnostici\/autoimmunita\/","name":"Autoimmunit\u00e0: Diagnostica di malattie autoimmuni","isPartOf":{"@id":"https:\/\/devdevclinical.r-biopharm.com\/#website"},"datePublished":"2016-12-15T14:39:16+00:00","dateModified":"2019-07-08T07:38:42+00:00","breadcrumb":{"@id":"https:\/\/devclinical.r-biopharm.com\/it\/diagnostici\/autoimmunita\/#breadcrumb"},"inLanguage":"it-IT","potentialAction":[{"@type":"ReadAction","target":["https:\/\/devclinical.r-biopharm.com\/it\/diagnostici\/autoimmunita\/"]}]},{"@type":"BreadcrumbList","@id":"https:\/\/devclinical.r-biopharm.com\/it\/diagnostici\/autoimmunita\/#breadcrumb","itemListElement":[{"@type":"ListItem","position":1,"name":"Home","item":"https:\/\/devclinical.r-biopharm.com\/it\/"},{"@type":"ListItem","position":2,"name":"Diagnostica","item":"https:\/\/devclinical.r-biopharm.com\/it\/diagnostici\/"},{"@type":"ListItem","position":3,"name":"Autoimmunit\u00e0"}]},{"@type":"WebSite","@id":"https:\/\/devdevclinical.r-biopharm.com\/#website","url":"https:\/\/devdevclinical.r-biopharm.com\/","name":"\ud83d\udea8\ud83d\udea8\ud83d\udea8 Staging!!! Clinical Diagnostics \ud83d\udea8\ud83d\udea8\ud83d\udea8","description":"A Division of the R-Biopharm Group","potentialAction":[{"@type":"SearchAction","target":{"@type":"EntryPoint","urlTemplate":"https:\/\/devdevclinical.r-biopharm.com\/?s={search_term_string}"},"query-input":"required name=search_term_string"}],"inLanguage":"it-IT"}]}},"_links":{"self":[{"href":"https:\/\/devclinical.r-biopharm.com\/it\/wp-json\/wp\/v2\/pages\/95705"}],"collection":[{"href":"https:\/\/devclinical.r-biopharm.com\/it\/wp-json\/wp\/v2\/pages"}],"about":[{"href":"https:\/\/devclinical.r-biopharm.com\/it\/wp-json\/wp\/v2\/types\/page"}],"author":[{"embeddable":true,"href":"https:\/\/devclinical.r-biopharm.com\/it\/wp-json\/wp\/v2\/users\/1"}],"replies":[{"embeddable":true,"href":"https:\/\/devclinical.r-biopharm.com\/it\/wp-json\/wp\/v2\/comments?post=95705"}],"version-history":[{"count":4,"href":"https:\/\/devclinical.r-biopharm.com\/it\/wp-json\/wp\/v2\/pages\/95705\/revisions"}],"predecessor-version":[{"id":97332,"href":"https:\/\/devclinical.r-biopharm.com\/it\/wp-json\/wp\/v2\/pages\/95705\/revisions\/97332"}],"up":[{"embeddable":true,"href":"https:\/\/devclinical.r-biopharm.com\/it\/wp-json\/wp\/v2\/pages\/89740"}],"wp:attachment":[{"href":"https:\/\/devclinical.r-biopharm.com\/it\/wp-json\/wp\/v2\/media?parent=95705"}],"curies":[{"name":"wp","href":"https:\/\/api.w.org\/{rel}","templated":true}]}}