{"id":95709,"date":"2015-10-05T11:41:12","date_gmt":"2015-10-05T09:41:12","guid":{"rendered":"https:\/\/clinical.r-biopharm.com\/diagnostici\/gastroenterologia\/"},"modified":"2022-02-17T12:40:24","modified_gmt":"2022-02-17T11:40:24","slug":"gastroenterologia","status":"publish","type":"page","link":"https:\/\/devclinical.r-biopharm.com\/it\/diagnostici\/gastroenterologia\/","title":{"rendered":"Gastroenterologia"},"content":{"rendered":"<div class=\"wpb-content-wrapper\">[mk_page_section padding_top=&#8221;30&#8243; padding_bottom=&#8221;30&#8243; sidebar=&#8221;sidebar-1&#8243;][vc_column width=&#8221;2\/3&#8243;][vc_column_text]<strong>Il nostro catalogo per la gastroenterologia \u00e8 dedicato alla diagnosi avanzata delle affezioni dell\u2019apparato gastro-intestinale, come le malattie infiammatorie intestinali e le pancreatiti, e alla prevenzione di malattie dell\u2019intestino come il cancro al colon.<\/strong><\/p>\n<p>I test ELISA sono adatti sia alle analisi su singola piastra, sia a quelle a medio-alta produttivit\u00e0 eseguite con strumenti automatici. Di seguito trovate l\u2019elenco dei marcatori e il loro significato diagnostico in breve.<\/p>\n<h3>Biomarcatori utili alla diagnosi clinica<\/h3>\n<p>I marcatori biologici, detti biomarcatori, sono molecole quantificabili, indicatrici di specifiche malattie. I seguenti bio-marcatori sono rilevanti in gastroenterologia:[\/vc_column_text][mk_custom_list style=&#8221;mk-moon-circle-small&#8221;]\n<ul>\n<li>La <a href=\"https:\/\/devclinical.r-biopharm.com\/products\/ridascreen-calprotectin-test-ibd-ibs\/\">calprotectina<\/a> \u00e8 un indicatore altamente specifico di infiammazione gastrointestinale che viene usato per differenziare la diagnosi di IBD da quella di IBS e per monitorare la terapia<\/li>\n<li>L\u2019<a href=\"https:\/\/devclinical.r-biopharm.com\/products\/ridascreen-1-antitrypsin\/\">\u03b11-antitripsina<\/a> e le <a href=\"https:\/\/devclinical.r-biopharm.com\/products\/ridascreen-siga\/\">IgA secretorie<\/a> sono indicatori della integrit\u00e0 della parete intestinale. Il loro dosaggio \u00e8 quindi rilevante per la diagnosi di casi di permeabilit\u00e0 intestinale<\/li>\n<li>L\u2019<a href=\"https:\/\/devclinical.r-biopharm.com\/products\/pankreatic-elastase-elisa\/\">elastasi pancreatica<\/a> viene utilizzata per identificare le insufficienze pancreatiche e le pancreatiti<\/li>\n<\/ul>\n[\/mk_custom_list][vc_cta h2=&#8221;Monitoraggio terapeutico dei farmaci&#8221; shape=&#8221;square&#8221; style=&#8221;flat&#8221; color=&#8221;grey&#8221; add_button=&#8221;right&#8221; btn_title=&#8221;Maggiori informazioni&#8221; btn_style=&#8221;flat&#8221; btn_shape=&#8221;square&#8221; btn_color=&#8221;inverse&#8221; btn_link=&#8221;url:https%3A%2F%2Fdevclinical.r-biopharm.com%2Fit%2Findicazioni%2Fmonitoraggio-terapeutico-dei-farmaci%2F|||&#8221;]Il monitoraggio terapeutico dell\u2019Infliximab (IFX, Remicade\u00ae) e Adalimumab (Humira\u00ae) permette di ottimizzare e ridurre i costi della terapia.[\/vc_cta][vc_cta h2=&#8221;Panoramica sui prodotti&#8221; shape=&#8221;square&#8221; style=&#8221;flat&#8221; color=&#8221;grey&#8221; add_button=&#8221;right&#8221; btn_title=&#8221;Scarica&#8221; btn_style=&#8221;flat&#8221; btn_shape=&#8221;square&#8221; btn_color=&#8221;inverse&#8221; btn_link=&#8221;url:https%3A%2F%2Fdevclinical.r-biopharm.com%2Fwp-content%2Fuploads%2Fsites%2F3%2F2018%2F06%2F2018-01_gastro_handout_2p_en_lores.pdf|target:%20_blank|&#8221;]Per maggiori informazioni sulla nostra gamma di test kit per la gastroenterologia, consulta il nostro opuscolo gratuito.[\/vc_cta][\/vc_column][vc_column width=&#8221;1\/3&#8243;][vc_column_text margin_bottom=&#8221;20&#8243;]\n<h3 style=\"margin-bottom: 25px;\">Scegli un\u2019indicazione<\/h3>\n<div class=\"facetwp-facet facetwp-facet-indication_fselect facetwp-type-fselect\" data-name=\"indication_fselect\" data-type=\"fselect\"><\/div>[\/vc_column_text][vc_column_text margin_bottom=&#8221;20&#8243;]\n<h3 style=\"margin-bottom: 25px;\">Scegli una tecnologia<\/h3>\n<div class=\"facetwp-facet facetwp-facet-technology_fselect facetwp-type-fselect\" data-name=\"technology_fselect\" data-type=\"fselect\"><\/div>[\/vc_column_text][vc_column_text margin_bottom=&#8221;40&#8243;]\n<h3>Scegli il tuo prodotto<\/h3>\n<div class=\"facetwp-template\" data-name=\"gastroenterology\"><ul class=\"product_facets\"><\/ul><\/div>[\/vc_column_text][\/vc_column][\/mk_page_section][mk_page_section bg_color=&#8221;#f7f7f7&#8243; padding_top=&#8221;0&#8243; padding_bottom=&#8221;0&#8243; sidebar=&#8221;sidebar-1&#8243;][vc_column css=&#8221;.vc_custom_1469015765963{margin-top: 25px !important;padding-bottom: 5px !important;}&#8221;][vc_column_text margin_bottom=&#8221;20&#8243;]\n<h2 class=\"knubbel\">Gastroenterologia &#8211; ultime notizie<\/h2>\n[\/vc_column_text][mk_blog_carousel cat=&#8221;214&#8243;][\/vc_column][\/mk_page_section][mk_page_section bg_color=&#8221;#ffffff&#8221; padding_top=&#8221;0&#8243; sidebar=&#8221;sidebar-1&#8243;][vc_column css=&#8221;.vc_custom_1467042052405{margin-top: 40px !important;}&#8221;][vc_column_text margin_bottom=&#8221;20&#8243;]\n<h2 class=\"knubbel\">Potrebbe interessarti anche<\/h2>\n[\/vc_column_text][vc_row_inner css=&#8221;.vc_custom_1468404266697{margin-bottom: 40px !important;}&#8221;][vc_column_inner width=&#8221;1\/3&#8243; css=&#8221;.vc_custom_1468416557833{padding-bottom: 10px !important;padding-left: 0px !important;}&#8221;][mk_flipbox_rb taxonomy=&#8221;diagnostic&#8221; tag_diagnostics=&#8221;gastroenterology&#8221; min_height=&#8221;200&#8243; button_bg_color=&#8221;#4d4d4d&#8221; button_bg_hover_color=&#8221;#ffffff&#8221; button_text=&#8221;More&#8221;][\/vc_column_inner][vc_column_inner width=&#8221;1\/3&#8243; css=&#8221;.vc_custom_1468416552613{padding-right: 7.5px !important;padding-bottom: 10px !important;padding-left: 7.5px !important;}&#8221;][mk_flipbox_rb taxonomy=&#8221;diagnostic&#8221; tag_diagnostics=&#8221;gastroenterology&#8221; offset=&#8221;1&#8243; min_height=&#8221;200&#8243; button_bg_color=&#8221;#4d4d4d&#8221; button_bg_hover_color=&#8221;#ffffff&#8221; button_text=&#8221;More&#8221;][\/vc_column_inner][vc_column_inner width=&#8221;1\/3&#8243; css=&#8221;.vc_custom_1468416547451{padding-right: 0px !important;padding-bottom: 10px !important;}&#8221;][mk_flipbox_rb taxonomy=&#8221;diagnostic&#8221; tag_diagnostics=&#8221;gastroenterology&#8221; offset=&#8221;2&#8243; min_height=&#8221;200&#8243; button_bg_color=&#8221;#4d4d4d&#8221; button_bg_hover_color=&#8221;#ffffff&#8221; button_text=&#8221;More&#8221;][\/vc_column_inner][\/vc_row_inner][\/vc_column][\/mk_page_section][mk_page_section bg_color=&#8221;#f7f7f7&#8243; padding_top=&#8221;20&#8243; padding_bottom=&#8221;20&#8243; sidebar=&#8221;sidebar-1&#8243;][vc_column css=&#8221;.vc_custom_1468415774645{padding-top: 0px !important;padding-bottom: 0px !important;}&#8221;][vc_column_text disable_pattern=&#8221;false&#8221; align=&#8221;center&#8221;]\n<h2>Gastroenterologia &#8211; supporto<\/h2>\n<p>Hai domande? Le nostre competenze sono a tua disposizione! La nostra assistenza \u00e8 garanzia di successo per i test diagnostici della tua azienda[\/vc_column_text][mk_button dimension=&#8221;flat&#8221; url=&#8221;\/it\/contatti\/&#8221; align=&#8221;center&#8221; margin_bottom=&#8221;&#8221; bg_color=&#8221;#4d4d4d&#8221; btn_hover_bg=&#8221;#ffffff&#8221; btn_hover_txt_color=&#8221;#4d4d4d&#8221;]Contattaci[\/mk_button][\/vc_column][\/mk_page_section]\n<\/div>","protected":false},"excerpt":{"rendered":"<p>[mk_page_section padding_top=&#8221;30&#8243; padding_bottom=&#8221;30&#8243; sidebar=&#8221;sidebar-1&#8243;][vc_column width=&#8221;2\/3&#8243;][vc_column_text]Il nostro catalogo per la gastroenterologia \u00e8 dedicato alla diagnosi avanzata delle affezioni dell\u2019apparato gastro-intestinale, come le malattie infiammatorie intestinali e le pancreatiti, e alla prevenzione di malattie dell\u2019intestino come il cancro al colon. I test ELISA sono adatti sia alle analisi su singola piastra, sia a quelle a medio-alta produttivit\u00e0 [&hellip;]<\/p>\n","protected":false},"author":1,"featured_media":0,"parent":89740,"menu_order":0,"comment_status":"closed","ping_status":"closed","template":"","meta":{"content-type":"","_relevanssi_hide_post":"","_relevanssi_hide_content":"","_relevanssi_pin_for_all":"","_relevanssi_pin_keywords":"","_relevanssi_unpin_keywords":"","_relevanssi_related_keywords":"","_relevanssi_related_include_ids":"","_relevanssi_related_exclude_ids":"","_relevanssi_related_no_append":"","_relevanssi_related_not_related":"","_relevanssi_related_posts":"","_relevanssi_noindex_reason":"","footnotes":""},"acf":[],"yoast_head":"<!-- This site is optimized with the Yoast SEO plugin v21.9 - https:\/\/yoast.com\/wordpress\/plugins\/seo\/ -->\n<title>Gastroenterologia: Test kit per la diagnosi di malattie intestinali<\/title>\n<meta name=\"description\" content=\"Gastroenterological test kits for the diagnosis of gut-related diseases such as colon cancer, inflammatory bowel disease and pancreatic insufficiency.\" \/>\n<meta name=\"robots\" content=\"noindex, follow, max-snippet:-1, max-image-preview:large, max-video-preview:-1\" \/>\n<meta property=\"og:locale\" content=\"it_IT\" \/>\n<meta property=\"og:type\" content=\"article\" \/>\n<meta property=\"og:title\" content=\"Gastroenterologia: Test kit per la diagnosi di malattie intestinali\" \/>\n<meta property=\"og:description\" content=\"Gastroenterological test kits for the diagnosis of gut-related diseases such as colon cancer, inflammatory bowel disease and pancreatic insufficiency.\" \/>\n<meta property=\"og:url\" content=\"https:\/\/devclinical.r-biopharm.com\/it\/diagnostici\/gastroenterologia\/\" \/>\n<meta property=\"og:site_name\" content=\"\ud83d\udea8\ud83d\udea8\ud83d\udea8 Staging!!! Clinical Diagnostics \ud83d\udea8\ud83d\udea8\ud83d\udea8\" \/>\n<meta property=\"article:modified_time\" content=\"2022-02-17T11:40:24+00:00\" \/>\n<meta name=\"twitter:label1\" content=\"Est. reading time\" \/>\n\t<meta name=\"twitter:data1\" content=\"2 minutes\" \/>\n<script type=\"application\/ld+json\" class=\"yoast-schema-graph\">{\"@context\":\"https:\/\/schema.org\",\"@graph\":[{\"@type\":\"WebPage\",\"@id\":\"https:\/\/devclinical.r-biopharm.com\/it\/diagnostici\/gastroenterologia\/\",\"url\":\"https:\/\/devclinical.r-biopharm.com\/it\/diagnostici\/gastroenterologia\/\",\"name\":\"Gastroenterologia: Test kit per la diagnosi di malattie intestinali\",\"isPartOf\":{\"@id\":\"https:\/\/devdevclinical.r-biopharm.com\/#website\"},\"datePublished\":\"2015-10-05T09:41:12+00:00\",\"dateModified\":\"2022-02-17T11:40:24+00:00\",\"description\":\"Gastroenterological test kits for the diagnosis of gut-related diseases such as colon cancer, inflammatory bowel disease and pancreatic insufficiency.\",\"breadcrumb\":{\"@id\":\"https:\/\/devclinical.r-biopharm.com\/it\/diagnostici\/gastroenterologia\/#breadcrumb\"},\"inLanguage\":\"it-IT\",\"potentialAction\":[{\"@type\":\"ReadAction\",\"target\":[\"https:\/\/devclinical.r-biopharm.com\/it\/diagnostici\/gastroenterologia\/\"]}]},{\"@type\":\"BreadcrumbList\",\"@id\":\"https:\/\/devclinical.r-biopharm.com\/it\/diagnostici\/gastroenterologia\/#breadcrumb\",\"itemListElement\":[{\"@type\":\"ListItem\",\"position\":1,\"name\":\"Home\",\"item\":\"https:\/\/devclinical.r-biopharm.com\/it\/\"},{\"@type\":\"ListItem\",\"position\":2,\"name\":\"Diagnostica\",\"item\":\"https:\/\/devclinical.r-biopharm.com\/it\/diagnostici\/\"},{\"@type\":\"ListItem\",\"position\":3,\"name\":\"Gastroenterologia\"}]},{\"@type\":\"WebSite\",\"@id\":\"https:\/\/devdevclinical.r-biopharm.com\/#website\",\"url\":\"https:\/\/devdevclinical.r-biopharm.com\/\",\"name\":\"\ud83d\udea8\ud83d\udea8\ud83d\udea8 Staging!!! Clinical Diagnostics \ud83d\udea8\ud83d\udea8\ud83d\udea8\",\"description\":\"A Division of the R-Biopharm Group\",\"potentialAction\":[{\"@type\":\"SearchAction\",\"target\":{\"@type\":\"EntryPoint\",\"urlTemplate\":\"https:\/\/devdevclinical.r-biopharm.com\/?s={search_term_string}\"},\"query-input\":\"required name=search_term_string\"}],\"inLanguage\":\"it-IT\"}]}<\/script>\n<!-- \/ Yoast SEO plugin. -->","yoast_head_json":{"title":"Gastroenterologia: Test kit per la diagnosi di malattie intestinali","description":"Gastroenterological test kits for the diagnosis of gut-related diseases such as colon cancer, inflammatory bowel disease and pancreatic insufficiency.","robots":{"index":"noindex","follow":"follow","max-snippet":"max-snippet:-1","max-image-preview":"max-image-preview:large","max-video-preview":"max-video-preview:-1"},"og_locale":"it_IT","og_type":"article","og_title":"Gastroenterologia: Test kit per la diagnosi di malattie intestinali","og_description":"Gastroenterological test kits for the diagnosis of gut-related diseases such as colon cancer, inflammatory bowel disease and pancreatic insufficiency.","og_url":"https:\/\/devclinical.r-biopharm.com\/it\/diagnostici\/gastroenterologia\/","og_site_name":"\ud83d\udea8\ud83d\udea8\ud83d\udea8 Staging!!! Clinical Diagnostics \ud83d\udea8\ud83d\udea8\ud83d\udea8","article_modified_time":"2022-02-17T11:40:24+00:00","twitter_misc":{"Est. reading time":"2 minutes"},"schema":{"@context":"https:\/\/schema.org","@graph":[{"@type":"WebPage","@id":"https:\/\/devclinical.r-biopharm.com\/it\/diagnostici\/gastroenterologia\/","url":"https:\/\/devclinical.r-biopharm.com\/it\/diagnostici\/gastroenterologia\/","name":"Gastroenterologia: Test kit per la diagnosi di malattie intestinali","isPartOf":{"@id":"https:\/\/devdevclinical.r-biopharm.com\/#website"},"datePublished":"2015-10-05T09:41:12+00:00","dateModified":"2022-02-17T11:40:24+00:00","description":"Gastroenterological test kits for the diagnosis of gut-related diseases such as colon cancer, inflammatory bowel disease and pancreatic insufficiency.","breadcrumb":{"@id":"https:\/\/devclinical.r-biopharm.com\/it\/diagnostici\/gastroenterologia\/#breadcrumb"},"inLanguage":"it-IT","potentialAction":[{"@type":"ReadAction","target":["https:\/\/devclinical.r-biopharm.com\/it\/diagnostici\/gastroenterologia\/"]}]},{"@type":"BreadcrumbList","@id":"https:\/\/devclinical.r-biopharm.com\/it\/diagnostici\/gastroenterologia\/#breadcrumb","itemListElement":[{"@type":"ListItem","position":1,"name":"Home","item":"https:\/\/devclinical.r-biopharm.com\/it\/"},{"@type":"ListItem","position":2,"name":"Diagnostica","item":"https:\/\/devclinical.r-biopharm.com\/it\/diagnostici\/"},{"@type":"ListItem","position":3,"name":"Gastroenterologia"}]},{"@type":"WebSite","@id":"https:\/\/devdevclinical.r-biopharm.com\/#website","url":"https:\/\/devdevclinical.r-biopharm.com\/","name":"\ud83d\udea8\ud83d\udea8\ud83d\udea8 Staging!!! Clinical Diagnostics \ud83d\udea8\ud83d\udea8\ud83d\udea8","description":"A Division of the R-Biopharm Group","potentialAction":[{"@type":"SearchAction","target":{"@type":"EntryPoint","urlTemplate":"https:\/\/devdevclinical.r-biopharm.com\/?s={search_term_string}"},"query-input":"required name=search_term_string"}],"inLanguage":"it-IT"}]}},"_links":{"self":[{"href":"https:\/\/devclinical.r-biopharm.com\/it\/wp-json\/wp\/v2\/pages\/95709"}],"collection":[{"href":"https:\/\/devclinical.r-biopharm.com\/it\/wp-json\/wp\/v2\/pages"}],"about":[{"href":"https:\/\/devclinical.r-biopharm.com\/it\/wp-json\/wp\/v2\/types\/page"}],"author":[{"embeddable":true,"href":"https:\/\/devclinical.r-biopharm.com\/it\/wp-json\/wp\/v2\/users\/1"}],"replies":[{"embeddable":true,"href":"https:\/\/devclinical.r-biopharm.com\/it\/wp-json\/wp\/v2\/comments?post=95709"}],"version-history":[{"count":7,"href":"https:\/\/devclinical.r-biopharm.com\/it\/wp-json\/wp\/v2\/pages\/95709\/revisions"}],"predecessor-version":[{"id":157313,"href":"https:\/\/devclinical.r-biopharm.com\/it\/wp-json\/wp\/v2\/pages\/95709\/revisions\/157313"}],"up":[{"embeddable":true,"href":"https:\/\/devclinical.r-biopharm.com\/it\/wp-json\/wp\/v2\/pages\/89740"}],"wp:attachment":[{"href":"https:\/\/devclinical.r-biopharm.com\/it\/wp-json\/wp\/v2\/media?parent=95709"}],"curies":[{"name":"wp","href":"https:\/\/api.w.org\/{rel}","templated":true}]}}