{"id":95715,"date":"2015-10-05T11:42:07","date_gmt":"2015-10-05T09:42:07","guid":{"rendered":"https:\/\/clinical.r-biopharm.com\/diagnostici\/virologia\/"},"modified":"2019-07-08T14:40:26","modified_gmt":"2019-07-08T12:40:26","slug":"virologia","status":"publish","type":"page","link":"https:\/\/devclinical.r-biopharm.com\/it\/diagnostici\/virologia\/","title":{"rendered":"Virologia"},"content":{"rendered":"<div class=\"wpb-content-wrapper\">[mk_page_section padding_top=&#8221;30&#8243; padding_bottom=&#8221;30&#8243; sidebar=&#8221;sidebar-1&#8243;][vc_column width=&#8221;2\/3&#8243;][vc_column_text]\n<strong>La virologia clinica \u00e8 cambiata rapidamente negli ultimi anni. I moderni laboratori diagnostici eseguono test di varia natura, come la ricerca rapida di antigeni, i test sierologici e la diagnostica molecolare, per garantire il migliore servizio possibile al sistema sanitario e ai pazienti.<\/strong><\/p>\n<p>Un utilizzo efficiente di questi metodi diagnostici permette di emettere diagnosi tempestive e di controllare efficacemente le patologie infettive causate da agenti virali. Il nostro catalogo al riguardo \u00e8 ricco di parametri e di tecnologie per la virologia clinica, con un\u2019attenzione particolare rivolta ai virus responsabili delle infezioni gastrointestinali e respiratorie.<\/p>\n<h3>All\u2019avanguardia contro il norovirus: diagnosi rapida durante le epidemie<\/h3>\n<p>Il norovirus rappresenta la principale causa di gastroenteriti in tutto il mondo, con una stima di 23 milioni di casi all\u2019anno negli Stati Uniti. Questi patogeni sono spesso causa di epidemie che si diffondono nei luoghi pubblici come case di cura, ospedali, strutture di detenzione e navi da crociera. Poich\u00e9 queste epidemie si registrano pi\u00f9 frequentemente rispetto a quelle causate da agenti batterici, il norovirus \u00e8 considerato un patogeno di forte impatto sulla salute pubblica.<\/p>\n<p>Gli affidabili test diagnostici di R-Biopharm consentono ai laboratori ogni dimensione di identificare questo virus in modo semplice e veloce. A seconda dei loro bisogni, i laboratori potranno scegliere tra i nostri test ELISA, i test rapidi o la gamma di prodotti PCR.<\/p>\n<h3>Soluzioni diagnostiche innovative in virologia<\/h3>\n<p>Il nostro catalogo dedicato alla virologia offre test tecnologicamente vari, che incontrano le necessit\u00e0 diagnostiche e organizzative dei grandi e piccoli laboratori di analisi, e include:<br \/>\n[\/vc_column_text][mk_custom_list style=&#8221;mk-moon-circle-small&#8221;]\n<ul>\n<li>Test rapido basato su metodo immuno-cromatografico nel doppio formato di strip o cassetta \u2013 sistema chiaro, semplice, veloce e sensibile per l\u2019identificazione degli antigeni virali nei campioni biologici.<\/li>\n<li>Test di Real-time PCR, con kit compatibili con diverse piattaforme strumentali<\/li>\n<li>Test Immunoenzimatici validati anche per le piattaforme automatiche<\/li>\n<\/ul>\n[\/mk_custom_list][vc_column_text]Puoi scegliere tra diversi sistemi per testare una grande variet\u00e0 di patogeni virali come influenza, norovirus, rotavirus, adenovirus, astrovirus, enterovirus, hRSV, parainfluenza, FSME, HSV, parotite, morbillo, parvovirus e sapovirus.[\/vc_column_text][\/vc_column][vc_column width=&#8221;1\/3&#8243;][vc_column_text margin_bottom=&#8221;20&#8243;]\n<h3 style=\"margin-bottom: 25px;\">Scegli un\u2019indicazione<\/h3>\n<div class=\"facetwp-facet facetwp-facet-indication_fselect facetwp-type-fselect\" data-name=\"indication_fselect\" data-type=\"fselect\"><\/div>[\/vc_column_text][vc_column_text margin_bottom=&#8221;20&#8243;]\n<h3 style=\"margin-bottom: 25px;\">Scegli una tecnologia<\/h3>\n<div class=\"facetwp-facet facetwp-facet-technology_fselect facetwp-type-fselect\" data-name=\"technology_fselect\" data-type=\"fselect\"><\/div>[\/vc_column_text][vc_column_text margin_bottom=&#8221;40&#8243;]\n<h3 style=\"margin-bottom: 25px;\">Scegli il tuo prodotto<\/h3>\n<div class=\"facetwp-template\" data-name=\"virology\"><ul class=\"product_facets\"><\/ul><\/div>[\/vc_column_text][\/vc_column][\/mk_page_section][mk_page_section bg_color=&#8221;#f7f7f7&#8243; padding_top=&#8221;0&#8243; padding_bottom=&#8221;0&#8243; sidebar=&#8221;sidebar-1&#8243;][vc_column css=&#8221;.vc_custom_1469015765963{margin-top: 25px !important;padding-bottom: 5px !important;}&#8221;][vc_column_text margin_bottom=&#8221;20&#8243;]\n<h2 class=\"knubbel\">Virologia &#8211; ultime notizie<\/h2>\n[\/vc_column_text][mk_blog_carousel cat=&#8221;216&#8243;][\/vc_column][\/mk_page_section][mk_page_section bg_color=&#8221;#ffffff&#8221; padding_top=&#8221;0&#8243; sidebar=&#8221;sidebar-1&#8243;][vc_column css=&#8221;.vc_custom_1467042052405{margin-top: 40px !important;}&#8221;][vc_column_text margin_bottom=&#8221;20&#8243;]\n<h2 class=\"knubbel\">Potrebbe interessarti anche<\/h2>\n[\/vc_column_text][vc_row_inner css=&#8221;.vc_custom_1468404266697{margin-bottom: 40px !important;}&#8221;][vc_column_inner width=&#8221;1\/3&#8243; css=&#8221;.vc_custom_1468416557833{padding-bottom: 10px !important;padding-left: 0px !important;}&#8221;][mk_flipbox_rb taxonomy=&#8221;diagnostic&#8221; tag_diagnostics=&#8221;virology&#8221; min_height=&#8221;200&#8243; button_bg_color=&#8221;#4d4d4d&#8221; button_bg_hover_color=&#8221;#ffffff&#8221; button_text=&#8221;More&#8221;][\/vc_column_inner][vc_column_inner width=&#8221;1\/3&#8243; css=&#8221;.vc_custom_1468416552613{padding-right: 7.5px !important;padding-bottom: 10px !important;padding-left: 7.5px !important;}&#8221;][mk_flipbox_rb taxonomy=&#8221;diagnostic&#8221; tag_diagnostics=&#8221;virology&#8221; offset=&#8221;1&#8243; min_height=&#8221;200&#8243; button_bg_color=&#8221;#4d4d4d&#8221; button_bg_hover_color=&#8221;#ffffff&#8221; button_text=&#8221;More&#8221;][\/vc_column_inner][vc_column_inner width=&#8221;1\/3&#8243; css=&#8221;.vc_custom_1468416547451{padding-right: 0px !important;padding-bottom: 10px !important;}&#8221;][mk_flipbox_rb taxonomy=&#8221;diagnostic&#8221; tag_diagnostics=&#8221;virology&#8221; offset=&#8221;2&#8243; min_height=&#8221;200&#8243; button_bg_color=&#8221;#4d4d4d&#8221; button_bg_hover_color=&#8221;#ffffff&#8221; button_text=&#8221;More&#8221;][\/vc_column_inner][\/vc_row_inner][\/vc_column][\/mk_page_section][mk_page_section bg_color=&#8221;#f7f7f7&#8243; padding_top=&#8221;20&#8243; padding_bottom=&#8221;20&#8243; sidebar=&#8221;sidebar-1&#8243;][vc_column css=&#8221;.vc_custom_1468415774645{padding-top: 0px !important;padding-bottom: 0px !important;}&#8221;][vc_column_text disable_pattern=&#8221;false&#8221; align=&#8221;center&#8221;]\n<h2>Virologia &#8211; supporto<\/h2>\n<p>Hai domande? Le nostre competenze sono a tua disposizione! La nostra assistenza \u00e8 garanzia di successo per i test diagnostici della tua azienda[\/vc_column_text][mk_button dimension=&#8221;flat&#8221; url=&#8221;\/it\/contatti\/&#8221; align=&#8221;center&#8221; margin_bottom=&#8221;&#8221; bg_color=&#8221;#4d4d4d&#8221; btn_hover_bg=&#8221;#ffffff&#8221; btn_hover_txt_color=&#8221;#4d4d4d&#8221;]Contattaci[\/mk_button][\/vc_column][\/mk_page_section]\n<\/div>","protected":false},"excerpt":{"rendered":"<p>[mk_page_section padding_top=&#8221;30&#8243; padding_bottom=&#8221;30&#8243; sidebar=&#8221;sidebar-1&#8243;][vc_column width=&#8221;2\/3&#8243;][vc_column_text] La virologia clinica \u00e8 cambiata rapidamente negli ultimi anni. I moderni laboratori diagnostici eseguono test di varia natura, come la ricerca rapida di antigeni, i test sierologici e la diagnostica molecolare, per garantire il migliore servizio possibile al sistema sanitario e ai pazienti. Un utilizzo efficiente di questi metodi diagnostici [&hellip;]<\/p>\n","protected":false},"author":1,"featured_media":0,"parent":89740,"menu_order":0,"comment_status":"closed","ping_status":"closed","template":"","meta":{"content-type":"","_relevanssi_hide_post":"","_relevanssi_hide_content":"","_relevanssi_pin_for_all":"","_relevanssi_pin_keywords":"","_relevanssi_unpin_keywords":"","_relevanssi_related_keywords":"","_relevanssi_related_include_ids":"","_relevanssi_related_exclude_ids":"","_relevanssi_related_no_append":"","_relevanssi_related_not_related":"","_relevanssi_related_posts":"","_relevanssi_noindex_reason":"","footnotes":""},"acf":[],"yoast_head":"<!-- This site is optimized with the Yoast SEO plugin v21.9 - https:\/\/yoast.com\/wordpress\/plugins\/seo\/ -->\n<title>Virologia: Soluzioni diagnostiche per la virologia clinica<\/title>\n<meta name=\"description\" content=\"Viruses are a major cause of infections. We offer innovative solutions in clinical virology - view our portfolio for diagnosis of viral infections here.\" \/>\n<meta name=\"robots\" content=\"noindex, follow, max-snippet:-1, max-image-preview:large, max-video-preview:-1\" \/>\n<meta property=\"og:locale\" content=\"it_IT\" \/>\n<meta property=\"og:type\" content=\"article\" \/>\n<meta property=\"og:title\" content=\"Virologia: Soluzioni diagnostiche per la virologia clinica\" \/>\n<meta property=\"og:description\" content=\"Viruses are a major cause of infections. We offer innovative solutions in clinical virology - view our portfolio for diagnosis of viral infections here.\" \/>\n<meta property=\"og:url\" content=\"https:\/\/devclinical.r-biopharm.com\/it\/diagnostici\/virologia\/\" \/>\n<meta property=\"og:site_name\" content=\"\ud83d\udea8\ud83d\udea8\ud83d\udea8 Staging!!! Clinical Diagnostics \ud83d\udea8\ud83d\udea8\ud83d\udea8\" \/>\n<meta property=\"article:modified_time\" content=\"2019-07-08T12:40:26+00:00\" \/>\n<meta name=\"twitter:label1\" content=\"Est. reading time\" \/>\n\t<meta name=\"twitter:data1\" content=\"4 minutes\" \/>\n<script type=\"application\/ld+json\" class=\"yoast-schema-graph\">{\"@context\":\"https:\/\/schema.org\",\"@graph\":[{\"@type\":\"WebPage\",\"@id\":\"https:\/\/devclinical.r-biopharm.com\/it\/diagnostici\/virologia\/\",\"url\":\"https:\/\/devclinical.r-biopharm.com\/it\/diagnostici\/virologia\/\",\"name\":\"Virologia: Soluzioni diagnostiche per la virologia clinica\",\"isPartOf\":{\"@id\":\"https:\/\/devdevclinical.r-biopharm.com\/#website\"},\"datePublished\":\"2015-10-05T09:42:07+00:00\",\"dateModified\":\"2019-07-08T12:40:26+00:00\",\"description\":\"Viruses are a major cause of infections. We offer innovative solutions in clinical virology - view our portfolio for diagnosis of viral infections here.\",\"breadcrumb\":{\"@id\":\"https:\/\/devclinical.r-biopharm.com\/it\/diagnostici\/virologia\/#breadcrumb\"},\"inLanguage\":\"it-IT\",\"potentialAction\":[{\"@type\":\"ReadAction\",\"target\":[\"https:\/\/devclinical.r-biopharm.com\/it\/diagnostici\/virologia\/\"]}]},{\"@type\":\"BreadcrumbList\",\"@id\":\"https:\/\/devclinical.r-biopharm.com\/it\/diagnostici\/virologia\/#breadcrumb\",\"itemListElement\":[{\"@type\":\"ListItem\",\"position\":1,\"name\":\"Home\",\"item\":\"https:\/\/devclinical.r-biopharm.com\/it\/\"},{\"@type\":\"ListItem\",\"position\":2,\"name\":\"Diagnostica\",\"item\":\"https:\/\/devclinical.r-biopharm.com\/it\/diagnostici\/\"},{\"@type\":\"ListItem\",\"position\":3,\"name\":\"Virologia\"}]},{\"@type\":\"WebSite\",\"@id\":\"https:\/\/devdevclinical.r-biopharm.com\/#website\",\"url\":\"https:\/\/devdevclinical.r-biopharm.com\/\",\"name\":\"\ud83d\udea8\ud83d\udea8\ud83d\udea8 Staging!!! Clinical Diagnostics \ud83d\udea8\ud83d\udea8\ud83d\udea8\",\"description\":\"A Division of the R-Biopharm Group\",\"potentialAction\":[{\"@type\":\"SearchAction\",\"target\":{\"@type\":\"EntryPoint\",\"urlTemplate\":\"https:\/\/devdevclinical.r-biopharm.com\/?s={search_term_string}\"},\"query-input\":\"required name=search_term_string\"}],\"inLanguage\":\"it-IT\"}]}<\/script>\n<!-- \/ Yoast SEO plugin. -->","yoast_head_json":{"title":"Virologia: Soluzioni diagnostiche per la virologia clinica","description":"Viruses are a major cause of infections. We offer innovative solutions in clinical virology - view our portfolio for diagnosis of viral infections here.","robots":{"index":"noindex","follow":"follow","max-snippet":"max-snippet:-1","max-image-preview":"max-image-preview:large","max-video-preview":"max-video-preview:-1"},"og_locale":"it_IT","og_type":"article","og_title":"Virologia: Soluzioni diagnostiche per la virologia clinica","og_description":"Viruses are a major cause of infections. We offer innovative solutions in clinical virology - view our portfolio for diagnosis of viral infections here.","og_url":"https:\/\/devclinical.r-biopharm.com\/it\/diagnostici\/virologia\/","og_site_name":"\ud83d\udea8\ud83d\udea8\ud83d\udea8 Staging!!! Clinical Diagnostics \ud83d\udea8\ud83d\udea8\ud83d\udea8","article_modified_time":"2019-07-08T12:40:26+00:00","twitter_misc":{"Est. reading time":"4 minutes"},"schema":{"@context":"https:\/\/schema.org","@graph":[{"@type":"WebPage","@id":"https:\/\/devclinical.r-biopharm.com\/it\/diagnostici\/virologia\/","url":"https:\/\/devclinical.r-biopharm.com\/it\/diagnostici\/virologia\/","name":"Virologia: Soluzioni diagnostiche per la virologia clinica","isPartOf":{"@id":"https:\/\/devdevclinical.r-biopharm.com\/#website"},"datePublished":"2015-10-05T09:42:07+00:00","dateModified":"2019-07-08T12:40:26+00:00","description":"Viruses are a major cause of infections. We offer innovative solutions in clinical virology - view our portfolio for diagnosis of viral infections here.","breadcrumb":{"@id":"https:\/\/devclinical.r-biopharm.com\/it\/diagnostici\/virologia\/#breadcrumb"},"inLanguage":"it-IT","potentialAction":[{"@type":"ReadAction","target":["https:\/\/devclinical.r-biopharm.com\/it\/diagnostici\/virologia\/"]}]},{"@type":"BreadcrumbList","@id":"https:\/\/devclinical.r-biopharm.com\/it\/diagnostici\/virologia\/#breadcrumb","itemListElement":[{"@type":"ListItem","position":1,"name":"Home","item":"https:\/\/devclinical.r-biopharm.com\/it\/"},{"@type":"ListItem","position":2,"name":"Diagnostica","item":"https:\/\/devclinical.r-biopharm.com\/it\/diagnostici\/"},{"@type":"ListItem","position":3,"name":"Virologia"}]},{"@type":"WebSite","@id":"https:\/\/devdevclinical.r-biopharm.com\/#website","url":"https:\/\/devdevclinical.r-biopharm.com\/","name":"\ud83d\udea8\ud83d\udea8\ud83d\udea8 Staging!!! Clinical Diagnostics \ud83d\udea8\ud83d\udea8\ud83d\udea8","description":"A Division of the R-Biopharm Group","potentialAction":[{"@type":"SearchAction","target":{"@type":"EntryPoint","urlTemplate":"https:\/\/devdevclinical.r-biopharm.com\/?s={search_term_string}"},"query-input":"required name=search_term_string"}],"inLanguage":"it-IT"}]}},"_links":{"self":[{"href":"https:\/\/devclinical.r-biopharm.com\/it\/wp-json\/wp\/v2\/pages\/95715"}],"collection":[{"href":"https:\/\/devclinical.r-biopharm.com\/it\/wp-json\/wp\/v2\/pages"}],"about":[{"href":"https:\/\/devclinical.r-biopharm.com\/it\/wp-json\/wp\/v2\/types\/page"}],"author":[{"embeddable":true,"href":"https:\/\/devclinical.r-biopharm.com\/it\/wp-json\/wp\/v2\/users\/1"}],"replies":[{"embeddable":true,"href":"https:\/\/devclinical.r-biopharm.com\/it\/wp-json\/wp\/v2\/comments?post=95715"}],"version-history":[{"count":3,"href":"https:\/\/devclinical.r-biopharm.com\/it\/wp-json\/wp\/v2\/pages\/95715\/revisions"}],"predecessor-version":[{"id":97369,"href":"https:\/\/devclinical.r-biopharm.com\/it\/wp-json\/wp\/v2\/pages\/95715\/revisions\/97369"}],"up":[{"embeddable":true,"href":"https:\/\/devclinical.r-biopharm.com\/it\/wp-json\/wp\/v2\/pages\/89740"}],"wp:attachment":[{"href":"https:\/\/devclinical.r-biopharm.com\/it\/wp-json\/wp\/v2\/media?parent=95715"}],"curies":[{"name":"wp","href":"https:\/\/api.w.org\/{rel}","templated":true}]}}