{"id":95734,"date":"2016-12-15T15:55:36","date_gmt":"2016-12-15T14:55:36","guid":{"rendered":"https:\/\/clinical.r-biopharm.com\/indicazioni\/malattie-trasmesse-da-zanzare\/"},"modified":"2018-12-18T16:47:01","modified_gmt":"2018-12-18T15:47:01","slug":"malattie-trasmesse-da-zanzare","status":"publish","type":"page","link":"https:\/\/devclinical.r-biopharm.com\/it\/indicazioni\/malattie-trasmesse-da-zanzare\/","title":{"rendered":"Malattie trasmesse da zanzare"},"content":{"rendered":"<div class=\"wpb-content-wrapper\">[mk_page_section padding_top=&#8221;30&#8243; padding_bottom=&#8221;30&#8243; sidebar=&#8221;sidebar-1&#8243;][vc_column width=&#8221;2\/3&#8243;][vc_column_text css=&#8221;.vc_custom_1527602123694{margin-bottom: 0px !important;}&#8221;]<strong>Le infezioni trasmesse dalle zanzare si stanno rapidamente diffondendo in tutto il mondo con oltre un milione di decessi ogni anno. La crescente globalizzazione dei viaggi e del commercio, cos\u00ec come i cambiamenti ambientali e climatici, hanno un forte impatto sulla trasmissione di queste malattie, la cui incidenza ha visto un costante aumento nel corso degli ultimi anni.<\/strong><\/p>\n<p>Poich\u00e9 molte malattie trasmesse da zanzare possono manifestarsi con sintomi molto simili fra loro, come stato febbrile e dolori muscolari e osteoarticolari, i test di laboratorio assumono un\u2019importanza fondamentale per confermare l\u2019eziologia della malattia e per consigliarne la cura pi\u00f9 appropriata.<\/p>\n<h3 class=\"knubbel\">Malaria<\/h3>\n<p>La malaria \u00e8 una malattia potenzialmente mortale causata dall\u2019infezione del parassita <em>Plasmodium<\/em>, che viene veicolato nel sangue attraverso la puntura delle le zanzare femmine del genere <em>Anopheles<\/em>. Rappresenta uno dei maggiori problemi sanitari mondiali, con un totale stimato di 400.000 decessi l\u2019anno.<\/p>\n<h3 class=\"knubbel\">Zika<\/h3>\n<p>Zika \u00e8 una malattia virale trasmessa principalmente dalle zanzare infette del genere <em>Aedes<\/em>. Generalmente i soggetti infettati dal virus Zika mostrano sintomi lievi, eppure esistono evidenze scientifiche secondo cui il virus Zika sia responsabile della microcefalia e della sindrome di Guillain-Barr\u00e9. \u00c8 perci\u00f2 necessaria una diagnostica affidabile e rapida.<\/p>\n<h3 class=\"knubbel\">Chikungunya<\/h3>\n<p>Chikungunya \u00e8 la malattia virale trasmessa dalle zanzare infette del genere <em>Aedes<\/em>. La sua trasmissione non \u00e8 limitata ai territori dell\u2019Africa e dell\u2019Asia, ma \u00e8 diventata frequente anche nelle Americhe e persino in Europa negli ultimi anni. Poich\u00e9 manifesta segni clinici in comune con la malattia di Dengue, e pu\u00f2 essere facilmente confusa con essa, la sua diagnostica differenziale \u00e8 essenziale per la cura appropriata.<\/p>\n<h3 class=\"knubbel\">Dengue<\/h3>\n<p>Dengue \u00e8 la pi\u00f9 comune malattia arbovirale e \u00e8 trasmessa dalle zanzare infette del genere <em>Aedes<\/em>. Circa la met\u00e0 della popolazione mondiale vive in aree a alto rischio di trasmissione, il che risulta in circa 390 milioni di infezioni all\u2019anno. Dato che non \u00e8 ancora disponibile un trattamento specifico per questa malattia, una diagnosi precoce e un tempestivo trattamento di supporto possono ridurre la quota di decessi nei casi pi\u00f9 gravi di Dengue.[\/vc_column_text][vc_cta h2=&#8221;Infezioni trasmesse da zanzare&#8221; shape=&#8221;square&#8221; style=&#8221;flat&#8221; color=&#8221;grey&#8221; add_button=&#8221;right&#8221; btn_title=&#8221;Scarica&#8221; btn_style=&#8221;flat&#8221; btn_shape=&#8221;square&#8221; btn_color=&#8221;inverse&#8221; btn_link=&#8221;url:https%3A%2F%2Fdevclinical.r-biopharm.com%2Fwp-content%2Fuploads%2Fsites%2F3%2F2017%2F12%2F2017-10_antibod.detect._mosquito-borne-infections_4p_en_lores.pdf|target:%20_blank|&#8221;]Per maggiori informazioni sulle nostre soluzioni diagnostiche per le malattie trasmesse da zanzare, consulta il nostro opuscolo gratuito.[\/vc_cta][\/vc_column][vc_column width=&#8221;1\/3&#8243;][vc_column_text margin_bottom=&#8221;20&#8243;]\n<h3 style=\"margin-bottom: 25px\">Scegli una tecnologia<\/h3>\n<div class=\"facetwp-facet facetwp-facet-technology_fselect facetwp-type-fselect\" data-name=\"technology_fselect\" data-type=\"fselect\"><\/div>[\/vc_column_text][vc_column_text margin_bottom=&#8221;20&#8243;]\n<h3 style=\"margin-bottom: 25px\">Scegli un settore diagnostico<\/h3>\n<div class=\"facetwp-facet facetwp-facet-diagnostics_fselect facetwp-type-fselect\" data-name=\"diagnostics_fselect\" data-type=\"fselect\"><\/div>[\/vc_column_text][vc_column_text margin_bottom=&#8221;40&#8243;]\n<h3 style=\"margin-bottom: 25px\">Scegli il tuo prodotto<\/h3>\n<div class=\"facetwp-template\" data-name=\"mosquito_borne_diseases\"><ul class=\"product_facets\"><\/ul><\/div>[\/vc_column_text][\/vc_column][\/mk_page_section][mk_page_section bg_color=&#8221;#f7f7f7&#8243; padding_top=&#8221;0&#8243; padding_bottom=&#8221;0&#8243; sidebar=&#8221;sidebar-1&#8243;][vc_column css=&#8221;.vc_custom_1469015765963{margin-top: 25px !important;padding-bottom: 5px !important;}&#8221;][vc_column_text margin_bottom=&#8221;20&#8243;]\n<h2 class=\"knubbel\">Malattie trasmesse da zanzare &#8211; ultime notizie<\/h2>\n[\/vc_column_text][mk_blog_carousel cat=&#8221;224&#8243;][\/vc_column][\/mk_page_section][mk_page_section bg_color=&#8221;#ffffff&#8221; padding_top=&#8221;0&#8243; sidebar=&#8221;sidebar-1&#8243;][vc_column css=&#8221;.vc_custom_1467042052405{margin-top: 40px !important;}&#8221;][vc_column_text margin_bottom=&#8221;20&#8243;]\n<h2 class=\"knubbel\">Potrebbe interessarti anche<\/h2>\n[\/vc_column_text][vc_row_inner css=&#8221;.vc_custom_1468404266697{margin-bottom: 40px !important;}&#8221;][vc_column_inner width=&#8221;1\/3&#8243; css=&#8221;.vc_custom_1468416557833{padding-bottom: 10px !important;padding-left: 0px !important;}&#8221;][mk_flipbox_rb taxonomy=&#8221;indication&#8221; tag_indication=&#8221;parasitic-infections&#8221; min_height=&#8221;200&#8243; button_bg_color=&#8221;#4d4d4d&#8221; button_bg_hover_color=&#8221;#ffffff&#8221; button_text=&#8221;More&#8221;][\/vc_column_inner][vc_column_inner width=&#8221;1\/3&#8243; css=&#8221;.vc_custom_1468416552613{padding-right: 7.5px !important;padding-bottom: 10px !important;padding-left: 7.5px !important;}&#8221;][mk_flipbox_rb taxonomy=&#8221;indication&#8221; tag_indication=&#8221;parasitic-infections&#8221; offset=&#8221;1&#8243; min_height=&#8221;200&#8243; button_bg_color=&#8221;#4d4d4d&#8221; button_bg_hover_color=&#8221;#ffffff&#8221; button_text=&#8221;More&#8221;][\/vc_column_inner][vc_column_inner width=&#8221;1\/3&#8243; css=&#8221;.vc_custom_1468416547451{padding-right: 0px !important;padding-bottom: 10px !important;}&#8221;][mk_flipbox_rb taxonomy=&#8221;indication&#8221; tag_indication=&#8221;parasitic-infections&#8221; offset=&#8221;2&#8243; min_height=&#8221;200&#8243; button_bg_color=&#8221;#4d4d4d&#8221; button_bg_hover_color=&#8221;#ffffff&#8221; button_text=&#8221;More&#8221;][\/vc_column_inner][\/vc_row_inner][\/vc_column][\/mk_page_section][mk_page_section bg_color=&#8221;#f7f7f7&#8243; padding_top=&#8221;20&#8243; padding_bottom=&#8221;20&#8243; sidebar=&#8221;sidebar-1&#8243;][vc_column css=&#8221;.vc_custom_1468415774645{padding-top: 0px !important;padding-bottom: 0px !important;}&#8221;][vc_column_text disable_pattern=&#8221;false&#8221; align=&#8221;center&#8221;]\n<h2>Malattie trasmesse da zanzare &#8211; supporto<\/h2>\n<p>Hai domande? Le nostre competenze sono a tua disposizione! La nostra assistenza \u00e8 garanzia di successo per i test diagnostici della tua azienda[\/vc_column_text][mk_button dimension=&#8221;flat&#8221; url=&#8221;\/it\/contatti\/&#8221; align=&#8221;center&#8221; margin_bottom=&#8221;&#8221; bg_color=&#8221;#4d4d4d&#8221; btn_hover_bg=&#8221;#ffffff&#8221; btn_hover_txt_color=&#8221;#4d4d4d&#8221;]Contattaci[\/mk_button][\/vc_column][\/mk_page_section]\n<\/div>","protected":false},"excerpt":{"rendered":"<p>[mk_page_section padding_top=&#8221;30&#8243; padding_bottom=&#8221;30&#8243; sidebar=&#8221;sidebar-1&#8243;][vc_column width=&#8221;2\/3&#8243;][vc_column_text css=&#8221;.vc_custom_1527602123694{margin-bottom: 0px !important;}&#8221;]Le infezioni trasmesse dalle zanzare si stanno rapidamente diffondendo in tutto il mondo con oltre un milione di decessi ogni anno. La crescente globalizzazione dei viaggi e del commercio, cos\u00ec come i cambiamenti ambientali e climatici, hanno un forte impatto sulla trasmissione di queste malattie, la cui incidenza [&hellip;]<\/p>\n","protected":false},"author":1,"featured_media":0,"parent":95627,"menu_order":0,"comment_status":"closed","ping_status":"closed","template":"","meta":{"content-type":"","_relevanssi_hide_post":"","_relevanssi_hide_content":"","_relevanssi_pin_for_all":"","_relevanssi_pin_keywords":"","_relevanssi_unpin_keywords":"","_relevanssi_related_keywords":"","_relevanssi_related_include_ids":"","_relevanssi_related_exclude_ids":"","_relevanssi_related_no_append":"","_relevanssi_related_not_related":"","_relevanssi_related_posts":"","_relevanssi_noindex_reason":"","footnotes":""},"acf":[],"yoast_head":"<!-- This site is optimized with the Yoast SEO plugin v21.9 - https:\/\/yoast.com\/wordpress\/plugins\/seo\/ -->\n<title>Malattie trasmesse da zanzare: Sistemi diagnostici per le malattie diffuse dalla puntura di zanzara infetta<\/title>\n<meta name=\"robots\" content=\"noindex, follow, max-snippet:-1, max-image-preview:large, max-video-preview:-1\" \/>\n<meta property=\"og:locale\" content=\"it_IT\" \/>\n<meta property=\"og:type\" content=\"article\" \/>\n<meta property=\"og:title\" content=\"Malattie trasmesse da zanzare: Sistemi diagnostici per le malattie diffuse dalla puntura di zanzara infetta\" \/>\n<meta property=\"og:description\" content=\"[mk_page_section padding_top=&#8221;30&#8243; padding_bottom=&#8221;30&#8243; sidebar=&#8221;sidebar-1&#8243;][vc_column width=&#8221;2\/3&#8243;][vc_column_text css=&#8221;.vc_custom_1527602123694{margin-bottom: 0px !important;}&#8221;]Le infezioni trasmesse dalle zanzare si stanno rapidamente diffondendo in tutto il mondo con oltre un milione di decessi ogni anno. La crescente globalizzazione dei viaggi e del commercio, cos\u00ec come i cambiamenti ambientali e climatici, hanno un forte impatto sulla trasmissione di queste malattie, la cui incidenza [&hellip;]\" \/>\n<meta property=\"og:url\" content=\"https:\/\/devclinical.r-biopharm.com\/it\/?page_id=95734\" \/>\n<meta property=\"og:site_name\" content=\"\ud83d\udea8\ud83d\udea8\ud83d\udea8 Staging!!! Clinical Diagnostics \ud83d\udea8\ud83d\udea8\ud83d\udea8\" \/>\n<meta property=\"article:modified_time\" content=\"2018-12-18T15:47:01+00:00\" \/>\n<meta name=\"twitter:label1\" content=\"Est. reading time\" \/>\n\t<meta name=\"twitter:data1\" content=\"4 minutes\" \/>\n<script type=\"application\/ld+json\" class=\"yoast-schema-graph\">{\"@context\":\"https:\/\/schema.org\",\"@graph\":[{\"@type\":\"WebPage\",\"@id\":\"https:\/\/devclinical.r-biopharm.com\/it\/?page_id=95734\",\"url\":\"https:\/\/devclinical.r-biopharm.com\/it\/?page_id=95734\",\"name\":\"Malattie trasmesse da zanzare: Sistemi diagnostici per le malattie diffuse dalla puntura di zanzara infetta\",\"isPartOf\":{\"@id\":\"https:\/\/devdevclinical.r-biopharm.com\/#website\"},\"datePublished\":\"2016-12-15T14:55:36+00:00\",\"dateModified\":\"2018-12-18T15:47:01+00:00\",\"breadcrumb\":{\"@id\":\"https:\/\/devclinical.r-biopharm.com\/it\/?page_id=95734#breadcrumb\"},\"inLanguage\":\"it-IT\",\"potentialAction\":[{\"@type\":\"ReadAction\",\"target\":[\"https:\/\/devclinical.r-biopharm.com\/it\/?page_id=95734\"]}]},{\"@type\":\"BreadcrumbList\",\"@id\":\"https:\/\/devclinical.r-biopharm.com\/it\/?page_id=95734#breadcrumb\",\"itemListElement\":[{\"@type\":\"ListItem\",\"position\":1,\"name\":\"Home\",\"item\":\"https:\/\/devclinical.r-biopharm.com\/it\/\"},{\"@type\":\"ListItem\",\"position\":2,\"name\":\"Indicazioni\",\"item\":\"https:\/\/devclinical.r-biopharm.com\/it\/indicazioni\/\"},{\"@type\":\"ListItem\",\"position\":3,\"name\":\"Private: Malattie trasmesse da zanzare\"}]},{\"@type\":\"WebSite\",\"@id\":\"https:\/\/devdevclinical.r-biopharm.com\/#website\",\"url\":\"https:\/\/devdevclinical.r-biopharm.com\/\",\"name\":\"\ud83d\udea8\ud83d\udea8\ud83d\udea8 Staging!!! Clinical Diagnostics \ud83d\udea8\ud83d\udea8\ud83d\udea8\",\"description\":\"A Division of the R-Biopharm Group\",\"potentialAction\":[{\"@type\":\"SearchAction\",\"target\":{\"@type\":\"EntryPoint\",\"urlTemplate\":\"https:\/\/devdevclinical.r-biopharm.com\/?s={search_term_string}\"},\"query-input\":\"required name=search_term_string\"}],\"inLanguage\":\"it-IT\"}]}<\/script>\n<!-- \/ Yoast SEO plugin. -->","yoast_head_json":{"title":"Malattie trasmesse da zanzare: Sistemi diagnostici per le malattie diffuse dalla puntura di zanzara infetta","robots":{"index":"noindex","follow":"follow","max-snippet":"max-snippet:-1","max-image-preview":"max-image-preview:large","max-video-preview":"max-video-preview:-1"},"og_locale":"it_IT","og_type":"article","og_title":"Malattie trasmesse da zanzare: Sistemi diagnostici per le malattie diffuse dalla puntura di zanzara infetta","og_description":"[mk_page_section padding_top=&#8221;30&#8243; padding_bottom=&#8221;30&#8243; sidebar=&#8221;sidebar-1&#8243;][vc_column width=&#8221;2\/3&#8243;][vc_column_text css=&#8221;.vc_custom_1527602123694{margin-bottom: 0px !important;}&#8221;]Le infezioni trasmesse dalle zanzare si stanno rapidamente diffondendo in tutto il mondo con oltre un milione di decessi ogni anno. La crescente globalizzazione dei viaggi e del commercio, cos\u00ec come i cambiamenti ambientali e climatici, hanno un forte impatto sulla trasmissione di queste malattie, la cui incidenza [&hellip;]","og_url":"https:\/\/devclinical.r-biopharm.com\/it\/?page_id=95734","og_site_name":"\ud83d\udea8\ud83d\udea8\ud83d\udea8 Staging!!! Clinical Diagnostics \ud83d\udea8\ud83d\udea8\ud83d\udea8","article_modified_time":"2018-12-18T15:47:01+00:00","twitter_misc":{"Est. reading time":"4 minutes"},"schema":{"@context":"https:\/\/schema.org","@graph":[{"@type":"WebPage","@id":"https:\/\/devclinical.r-biopharm.com\/it\/?page_id=95734","url":"https:\/\/devclinical.r-biopharm.com\/it\/?page_id=95734","name":"Malattie trasmesse da zanzare: Sistemi diagnostici per le malattie diffuse dalla puntura di zanzara infetta","isPartOf":{"@id":"https:\/\/devdevclinical.r-biopharm.com\/#website"},"datePublished":"2016-12-15T14:55:36+00:00","dateModified":"2018-12-18T15:47:01+00:00","breadcrumb":{"@id":"https:\/\/devclinical.r-biopharm.com\/it\/?page_id=95734#breadcrumb"},"inLanguage":"it-IT","potentialAction":[{"@type":"ReadAction","target":["https:\/\/devclinical.r-biopharm.com\/it\/?page_id=95734"]}]},{"@type":"BreadcrumbList","@id":"https:\/\/devclinical.r-biopharm.com\/it\/?page_id=95734#breadcrumb","itemListElement":[{"@type":"ListItem","position":1,"name":"Home","item":"https:\/\/devclinical.r-biopharm.com\/it\/"},{"@type":"ListItem","position":2,"name":"Indicazioni","item":"https:\/\/devclinical.r-biopharm.com\/it\/indicazioni\/"},{"@type":"ListItem","position":3,"name":"Private: Malattie trasmesse da zanzare"}]},{"@type":"WebSite","@id":"https:\/\/devdevclinical.r-biopharm.com\/#website","url":"https:\/\/devdevclinical.r-biopharm.com\/","name":"\ud83d\udea8\ud83d\udea8\ud83d\udea8 Staging!!! Clinical Diagnostics \ud83d\udea8\ud83d\udea8\ud83d\udea8","description":"A Division of the R-Biopharm Group","potentialAction":[{"@type":"SearchAction","target":{"@type":"EntryPoint","urlTemplate":"https:\/\/devdevclinical.r-biopharm.com\/?s={search_term_string}"},"query-input":"required name=search_term_string"}],"inLanguage":"it-IT"}]}},"_links":{"self":[{"href":"https:\/\/devclinical.r-biopharm.com\/it\/wp-json\/wp\/v2\/pages\/95734"}],"collection":[{"href":"https:\/\/devclinical.r-biopharm.com\/it\/wp-json\/wp\/v2\/pages"}],"about":[{"href":"https:\/\/devclinical.r-biopharm.com\/it\/wp-json\/wp\/v2\/types\/page"}],"author":[{"embeddable":true,"href":"https:\/\/devclinical.r-biopharm.com\/it\/wp-json\/wp\/v2\/users\/1"}],"replies":[{"embeddable":true,"href":"https:\/\/devclinical.r-biopharm.com\/it\/wp-json\/wp\/v2\/comments?post=95734"}],"version-history":[{"count":2,"href":"https:\/\/devclinical.r-biopharm.com\/it\/wp-json\/wp\/v2\/pages\/95734\/revisions"}],"predecessor-version":[{"id":95919,"href":"https:\/\/devclinical.r-biopharm.com\/it\/wp-json\/wp\/v2\/pages\/95734\/revisions\/95919"}],"up":[{"embeddable":true,"href":"https:\/\/devclinical.r-biopharm.com\/it\/wp-json\/wp\/v2\/pages\/95627"}],"wp:attachment":[{"href":"https:\/\/devclinical.r-biopharm.com\/it\/wp-json\/wp\/v2\/media?parent=95734"}],"curies":[{"name":"wp","href":"https:\/\/api.w.org\/{rel}","templated":true}]}}