{"id":95738,"date":"2015-10-05T11:44:21","date_gmt":"2015-10-05T09:44:21","guid":{"rendered":"https:\/\/clinical.r-biopharm.com\/indicazioni\/infezioni-respiratorie\/"},"modified":"2020-04-08T16:17:31","modified_gmt":"2020-04-08T14:17:31","slug":"infezioni-respiratorie","status":"publish","type":"page","link":"https:\/\/devclinical.r-biopharm.com\/it\/indicazioni\/infezioni-respiratorie\/","title":{"rendered":"Infezioni respiratorie"},"content":{"rendered":"<div class=\"wpb-content-wrapper\">[mk_page_section padding_top=&#8221;30&#8243; padding_bottom=&#8221;30&#8243; sidebar=&#8221;sidebar-1&#8243;][vc_column width=&#8221;2\/3&#8243;][vc_column_text]<strong>Gli agenti patogeni delle vie respiratorie sono diffusi in tutto il mondo e possono causare epidemie e sintomi gravi.\u00a0 Le infezioni delle vie respiratorie colpiscono soggetti di qualsiasi et\u00e0 e possono risultare mortali per i pazienti immunocompromessi.<\/strong><\/p>\n<p>Secondo le statistiche dell\u2019Unione Europea, nel 2012 l\u20198% dei decessi \u00e8 stato causato da patologie dell\u2019apparato respiratorio. Gli agenti patogeni possono essere microrganismi di diversa natura, ma la maggior parte delle infezioni sono di origine virale. L\u2019infezione pu\u00f2 localizzarsi indifferentemente nelle vie respiratorie superiori o inferiori. In queste ultime le infezioni sono meno comuni ma pi\u00f9 gravi:[\/vc_column_text][mk_custom_list style=&#8221;mk-moon-circle-small&#8221;]\n<ul>\n<li>Le infezioni delle alte vie respiratorie (upper respiratory tract infections &#8211; URIs) coinvolgono il naso, i seni nasali, la faringe e la laringe; tra le pi\u00f9 comuni troviamo l\u2019influenza e il raffreddore.<\/li>\n<li>Le infezioni delle basse vie respiratorie (lower respiratory tract infections &#8211; LRIs) colpiscono la trachea, le vie aeree e i polmoni, e le forme pi\u00f9 comuni sono la polmonite e la bronchite. I virus dell\u2019influenza possono causare infezioni nelle vie respiratorie sia alte sia basse. Questo tipo di infezioni sono pi\u00f9 frequenti nei bambini.<\/li>\n<\/ul>\n[\/mk_custom_list][vc_column_text]Tanti virus diversi sono responsabili dei raffreddori, per esempio gli adenovirus, i coronavirus, i meta-pneumovirus umani (hMPV) e i rinovirus. Questi ultimi sono i principali responsabili dei raffreddori stagionali primaverili e autunnali. La diffusione dei virus avviene prevalentemente attraverso le secrezioni nasali di persone infette che passano alle mani e in seguito alla bocca dei soggetti sani. I sintomi di un raffreddore sono lievi e generalmente scompaiono entro 4-10 giorni.<\/p>\n<p>I sintomi dell\u2019influenza sono diversi e generalmente pi\u00f9 gravi e includono forti mal di testa e febbre. Esistono tre diversi tipi di virus dell\u2019influenza, distinti a loro volta in differenti ceppi. Il 95% dei casi di influenza \u00e8 dovuto ai virus di tipo A e i ceppi che causano le nuove epidemie modificano rapidamente la propria sequenza genica, rendendo difficile lo sviluppo di vaccini. Uno studio del CDC (Centro per il Controllo e la Diffusione delle Malattie) ha calcolato che ogni anno, in media, pi\u00f9 di 200.000 persone negli Stati Uniti vengono ricoverate a seguito di patologie causate da virus dell\u2019influenza stagionale.<\/p>\n<p>Nei bambini, oltre ai virus elencati prima, gli enterovirus e il virus respiratorio sinciziale (RSV) sono le altre cause delle infezioni respiratorie. Negli Stati Uniti il RSV \u00e8 causa di pi\u00f9 di 50.000 ospedalizzazioni di bambini di et\u00e0 inferiore ai 5 anni. Il hMPV mostra la stessa stagionalit\u00e0 dell\u2019RSV e conta fino al 15% di casi di bronchioliti in bambini, anche molto piccoli.[\/vc_column_text][vc_cta h2=&#8221;Diagnosi molecolare per patogeni respiratori&#8221; shape=&#8221;square&#8221; style=&#8221;flat&#8221; add_button=&#8221;right&#8221; btn_title=&#8221;Scarica&#8221; btn_style=&#8221;flat&#8221; btn_shape=&#8221;square&#8221; btn_color=&#8221;inverse&#8221; btn_link=&#8221;url:https%3A%2F%2Fdevclinical.r-biopharm.com%2Fwp-content%2Fuploads%2Fsites%2F3%2F2020%2F04%2Frg_respiratory_infections_4p_en_2020-01.pdf||target:%20_blank|&#8221;]Per maggiori informazioni sui nostri kit RIDA\u00aeGENE real-time PCR per la diagnosi di infezioni respiratorie, consulta il nostro opuscolo gratuito.[\/vc_cta][\/vc_column][vc_column width=&#8221;1\/3&#8243;][vc_column_text margin_bottom=&#8221;20&#8243;]\n<h3 style=\"margin-bottom: 25px;\">Scegli una tecnologia<\/h3>\n<div class=\"facetwp-facet facetwp-facet-technology_fselect facetwp-type-fselect\" data-name=\"technology_fselect\" data-type=\"fselect\"><\/div>[\/vc_column_text][vc_column_text margin_bottom=&#8221;20&#8243;]\n<h3 style=\"margin-bottom: 25px;\">Scegli un settore diagnostico<\/h3>\n<div class=\"facetwp-facet facetwp-facet-diagnostics_fselect facetwp-type-fselect\" data-name=\"diagnostics_fselect\" data-type=\"fselect\"><\/div>[\/vc_column_text][vc_column_text margin_bottom=&#8221;40&#8243;]\n<h3 style=\"margin-bottom: 25px;\">Scegli il tuo prodotto<\/h3>\n<div class=\"facetwp-template\" data-name=\"respiratory_infections\"><ul class=\"product_facets\"><\/ul><\/div>[\/vc_column_text][\/vc_column][\/mk_page_section][mk_page_section bg_color=&#8221;#f7f7f7&#8243; padding_top=&#8221;0&#8243; padding_bottom=&#8221;0&#8243; sidebar=&#8221;sidebar-1&#8243;][vc_column css=&#8221;.vc_custom_1469015765963{margin-top: 25px !important;padding-bottom: 5px !important;}&#8221;][vc_column_text margin_bottom=&#8221;20&#8243;]\n<h2 class=\"knubbel\">Infezioni respiratorie &#8211; ultime notizie<\/h2>\n[\/vc_column_text][mk_blog_carousel cat=&#8221;226&#8243;][\/vc_column][\/mk_page_section][mk_page_section bg_color=&#8221;#ffffff&#8221; padding_top=&#8221;0&#8243; sidebar=&#8221;sidebar-1&#8243;][vc_column css=&#8221;.vc_custom_1467042052405{margin-top: 40px !important;}&#8221;][vc_column_text margin_bottom=&#8221;20&#8243;]\n<h2 class=\"knubbel\">Potrebbe interessarti anche<\/h2>\n[\/vc_column_text][vc_row_inner css=&#8221;.vc_custom_1468404266697{margin-bottom: 40px !important;}&#8221;][vc_column_inner width=&#8221;1\/3&#8243; css=&#8221;.vc_custom_1468416557833{padding-bottom: 10px !important;padding-left: 0px !important;}&#8221;][mk_flipbox_rb taxonomy=&#8221;indication&#8221; tag_indication=&#8221;respiratory-infections&#8221; min_height=&#8221;200&#8243; button_bg_color=&#8221;#4d4d4d&#8221; button_bg_hover_color=&#8221;#ffffff&#8221; button_text=&#8221;More&#8221;][\/vc_column_inner][vc_column_inner width=&#8221;1\/3&#8243; css=&#8221;.vc_custom_1468416552613{padding-right: 7.5px !important;padding-bottom: 10px !important;padding-left: 7.5px !important;}&#8221;][mk_flipbox_rb taxonomy=&#8221;indication&#8221; tag_indication=&#8221;respiratory-infections&#8221; offset=&#8221;1&#8243; min_height=&#8221;200&#8243; button_bg_color=&#8221;#4d4d4d&#8221; button_bg_hover_color=&#8221;#ffffff&#8221; button_text=&#8221;More&#8221;][\/vc_column_inner][vc_column_inner width=&#8221;1\/3&#8243; css=&#8221;.vc_custom_1468416547451{padding-right: 0px !important;padding-bottom: 10px !important;}&#8221;][mk_flipbox_rb taxonomy=&#8221;indication&#8221; tag_indication=&#8221;respiratory-infections&#8221; offset=&#8221;2&#8243; min_height=&#8221;200&#8243; button_bg_color=&#8221;#4d4d4d&#8221; button_bg_hover_color=&#8221;#ffffff&#8221; button_text=&#8221;More&#8221;][\/vc_column_inner][\/vc_row_inner][\/vc_column][\/mk_page_section][mk_page_section bg_color=&#8221;#f7f7f7&#8243; padding_top=&#8221;20&#8243; padding_bottom=&#8221;20&#8243; sidebar=&#8221;sidebar-1&#8243;][vc_column css=&#8221;.vc_custom_1468415774645{padding-top: 0px !important;padding-bottom: 0px !important;}&#8221;][vc_column_text disable_pattern=&#8221;false&#8221; align=&#8221;center&#8221;]\n<h2>Infezioni respiratorie &#8211; supporto<\/h2>\n<p>Hai domande? Le nostre competenze sono a tua disposizione! La nostra assistenza \u00e8 garanzia di successo per i test diagnostici della tua azienda[\/vc_column_text][mk_button dimension=&#8221;flat&#8221; url=&#8221;\/it\/contatti\/&#8221; align=&#8221;center&#8221; margin_bottom=&#8221;&#8221; bg_color=&#8221;#4d4d4d&#8221; btn_hover_bg=&#8221;#ffffff&#8221; btn_hover_txt_color=&#8221;#4d4d4d&#8221;]Contattaci[\/mk_button][\/vc_column][\/mk_page_section]\n<\/div>","protected":false},"excerpt":{"rendered":"<p>[mk_page_section padding_top=&#8221;30&#8243; padding_bottom=&#8221;30&#8243; sidebar=&#8221;sidebar-1&#8243;][vc_column width=&#8221;2\/3&#8243;][vc_column_text]Gli agenti patogeni delle vie respiratorie sono diffusi in tutto il mondo e possono causare epidemie e sintomi gravi.\u00a0 Le infezioni delle vie respiratorie colpiscono soggetti di qualsiasi et\u00e0 e possono risultare mortali per i pazienti immunocompromessi. Secondo le statistiche dell\u2019Unione Europea, nel 2012 l\u20198% dei decessi \u00e8 stato causato da [&hellip;]<\/p>\n","protected":false},"author":1,"featured_media":0,"parent":95627,"menu_order":0,"comment_status":"closed","ping_status":"closed","template":"","meta":{"content-type":"","_relevanssi_hide_post":"","_relevanssi_hide_content":"","_relevanssi_pin_for_all":"","_relevanssi_pin_keywords":"","_relevanssi_unpin_keywords":"","_relevanssi_related_keywords":"","_relevanssi_related_include_ids":"","_relevanssi_related_exclude_ids":"","_relevanssi_related_no_append":"","_relevanssi_related_not_related":"","_relevanssi_related_posts":"","_relevanssi_noindex_reason":"","footnotes":""},"acf":[],"yoast_head":"<!-- This site is optimized with the Yoast SEO plugin v21.9 - https:\/\/yoast.com\/wordpress\/plugins\/seo\/ -->\n<title>Infezioni respiratorie: Diagnosi delle infezioni delle vie respiratorie<\/title>\n<meta name=\"description\" content=\"Respiratory tract infections may be caused by various pathogens. We offer modern test systems for a reliable diagnosis of respiratory infections.\" \/>\n<meta name=\"robots\" content=\"noindex, follow, max-snippet:-1, max-image-preview:large, max-video-preview:-1\" \/>\n<meta property=\"og:locale\" content=\"it_IT\" \/>\n<meta property=\"og:type\" content=\"article\" \/>\n<meta property=\"og:title\" content=\"Infezioni respiratorie: Diagnosi delle infezioni delle vie respiratorie\" \/>\n<meta property=\"og:description\" content=\"Respiratory tract infections may be caused by various pathogens. We offer modern test systems for a reliable diagnosis of respiratory infections.\" \/>\n<meta property=\"og:url\" content=\"https:\/\/devclinical.r-biopharm.com\/it\/indicazioni\/infezioni-respiratorie\/\" \/>\n<meta property=\"og:site_name\" content=\"\ud83d\udea8\ud83d\udea8\ud83d\udea8 Staging!!! Clinical Diagnostics \ud83d\udea8\ud83d\udea8\ud83d\udea8\" \/>\n<meta property=\"article:modified_time\" content=\"2020-04-08T14:17:31+00:00\" \/>\n<meta name=\"twitter:label1\" content=\"Est. reading time\" \/>\n\t<meta name=\"twitter:data1\" content=\"4 minutes\" \/>\n<script type=\"application\/ld+json\" class=\"yoast-schema-graph\">{\"@context\":\"https:\/\/schema.org\",\"@graph\":[{\"@type\":\"WebPage\",\"@id\":\"https:\/\/devclinical.r-biopharm.com\/it\/indicazioni\/infezioni-respiratorie\/\",\"url\":\"https:\/\/devclinical.r-biopharm.com\/it\/indicazioni\/infezioni-respiratorie\/\",\"name\":\"Infezioni respiratorie: Diagnosi delle infezioni delle vie respiratorie\",\"isPartOf\":{\"@id\":\"https:\/\/devdevclinical.r-biopharm.com\/#website\"},\"datePublished\":\"2015-10-05T09:44:21+00:00\",\"dateModified\":\"2020-04-08T14:17:31+00:00\",\"description\":\"Respiratory tract infections may be caused by various pathogens. We offer modern test systems for a reliable diagnosis of respiratory infections.\",\"breadcrumb\":{\"@id\":\"https:\/\/devclinical.r-biopharm.com\/it\/indicazioni\/infezioni-respiratorie\/#breadcrumb\"},\"inLanguage\":\"it-IT\",\"potentialAction\":[{\"@type\":\"ReadAction\",\"target\":[\"https:\/\/devclinical.r-biopharm.com\/it\/indicazioni\/infezioni-respiratorie\/\"]}]},{\"@type\":\"BreadcrumbList\",\"@id\":\"https:\/\/devclinical.r-biopharm.com\/it\/indicazioni\/infezioni-respiratorie\/#breadcrumb\",\"itemListElement\":[{\"@type\":\"ListItem\",\"position\":1,\"name\":\"Home\",\"item\":\"https:\/\/devclinical.r-biopharm.com\/it\/\"},{\"@type\":\"ListItem\",\"position\":2,\"name\":\"Indicazioni\",\"item\":\"https:\/\/devclinical.r-biopharm.com\/it\/indicazioni\/\"},{\"@type\":\"ListItem\",\"position\":3,\"name\":\"Infezioni respiratorie\"}]},{\"@type\":\"WebSite\",\"@id\":\"https:\/\/devdevclinical.r-biopharm.com\/#website\",\"url\":\"https:\/\/devdevclinical.r-biopharm.com\/\",\"name\":\"\ud83d\udea8\ud83d\udea8\ud83d\udea8 Staging!!! Clinical Diagnostics \ud83d\udea8\ud83d\udea8\ud83d\udea8\",\"description\":\"A Division of the R-Biopharm Group\",\"potentialAction\":[{\"@type\":\"SearchAction\",\"target\":{\"@type\":\"EntryPoint\",\"urlTemplate\":\"https:\/\/devdevclinical.r-biopharm.com\/?s={search_term_string}\"},\"query-input\":\"required name=search_term_string\"}],\"inLanguage\":\"it-IT\"}]}<\/script>\n<!-- \/ Yoast SEO plugin. -->","yoast_head_json":{"title":"Infezioni respiratorie: Diagnosi delle infezioni delle vie respiratorie","description":"Respiratory tract infections may be caused by various pathogens. We offer modern test systems for a reliable diagnosis of respiratory infections.","robots":{"index":"noindex","follow":"follow","max-snippet":"max-snippet:-1","max-image-preview":"max-image-preview:large","max-video-preview":"max-video-preview:-1"},"og_locale":"it_IT","og_type":"article","og_title":"Infezioni respiratorie: Diagnosi delle infezioni delle vie respiratorie","og_description":"Respiratory tract infections may be caused by various pathogens. We offer modern test systems for a reliable diagnosis of respiratory infections.","og_url":"https:\/\/devclinical.r-biopharm.com\/it\/indicazioni\/infezioni-respiratorie\/","og_site_name":"\ud83d\udea8\ud83d\udea8\ud83d\udea8 Staging!!! Clinical Diagnostics \ud83d\udea8\ud83d\udea8\ud83d\udea8","article_modified_time":"2020-04-08T14:17:31+00:00","twitter_misc":{"Est. reading time":"4 minutes"},"schema":{"@context":"https:\/\/schema.org","@graph":[{"@type":"WebPage","@id":"https:\/\/devclinical.r-biopharm.com\/it\/indicazioni\/infezioni-respiratorie\/","url":"https:\/\/devclinical.r-biopharm.com\/it\/indicazioni\/infezioni-respiratorie\/","name":"Infezioni respiratorie: Diagnosi delle infezioni delle vie respiratorie","isPartOf":{"@id":"https:\/\/devdevclinical.r-biopharm.com\/#website"},"datePublished":"2015-10-05T09:44:21+00:00","dateModified":"2020-04-08T14:17:31+00:00","description":"Respiratory tract infections may be caused by various pathogens. We offer modern test systems for a reliable diagnosis of respiratory infections.","breadcrumb":{"@id":"https:\/\/devclinical.r-biopharm.com\/it\/indicazioni\/infezioni-respiratorie\/#breadcrumb"},"inLanguage":"it-IT","potentialAction":[{"@type":"ReadAction","target":["https:\/\/devclinical.r-biopharm.com\/it\/indicazioni\/infezioni-respiratorie\/"]}]},{"@type":"BreadcrumbList","@id":"https:\/\/devclinical.r-biopharm.com\/it\/indicazioni\/infezioni-respiratorie\/#breadcrumb","itemListElement":[{"@type":"ListItem","position":1,"name":"Home","item":"https:\/\/devclinical.r-biopharm.com\/it\/"},{"@type":"ListItem","position":2,"name":"Indicazioni","item":"https:\/\/devclinical.r-biopharm.com\/it\/indicazioni\/"},{"@type":"ListItem","position":3,"name":"Infezioni respiratorie"}]},{"@type":"WebSite","@id":"https:\/\/devdevclinical.r-biopharm.com\/#website","url":"https:\/\/devdevclinical.r-biopharm.com\/","name":"\ud83d\udea8\ud83d\udea8\ud83d\udea8 Staging!!! Clinical Diagnostics \ud83d\udea8\ud83d\udea8\ud83d\udea8","description":"A Division of the R-Biopharm Group","potentialAction":[{"@type":"SearchAction","target":{"@type":"EntryPoint","urlTemplate":"https:\/\/devdevclinical.r-biopharm.com\/?s={search_term_string}"},"query-input":"required name=search_term_string"}],"inLanguage":"it-IT"}]}},"_links":{"self":[{"href":"https:\/\/devclinical.r-biopharm.com\/it\/wp-json\/wp\/v2\/pages\/95738"}],"collection":[{"href":"https:\/\/devclinical.r-biopharm.com\/it\/wp-json\/wp\/v2\/pages"}],"about":[{"href":"https:\/\/devclinical.r-biopharm.com\/it\/wp-json\/wp\/v2\/types\/page"}],"author":[{"embeddable":true,"href":"https:\/\/devclinical.r-biopharm.com\/it\/wp-json\/wp\/v2\/users\/1"}],"replies":[{"embeddable":true,"href":"https:\/\/devclinical.r-biopharm.com\/it\/wp-json\/wp\/v2\/comments?post=95738"}],"version-history":[{"count":4,"href":"https:\/\/devclinical.r-biopharm.com\/it\/wp-json\/wp\/v2\/pages\/95738\/revisions"}],"predecessor-version":[{"id":149007,"href":"https:\/\/devclinical.r-biopharm.com\/it\/wp-json\/wp\/v2\/pages\/95738\/revisions\/149007"}],"up":[{"embeddable":true,"href":"https:\/\/devclinical.r-biopharm.com\/it\/wp-json\/wp\/v2\/pages\/95627"}],"wp:attachment":[{"href":"https:\/\/devclinical.r-biopharm.com\/it\/wp-json\/wp\/v2\/media?parent=95738"}],"curies":[{"name":"wp","href":"https:\/\/api.w.org\/{rel}","templated":true}]}}