{"id":95742,"date":"2016-12-15T15:28:07","date_gmt":"2016-12-15T14:28:07","guid":{"rendered":"https:\/\/clinical.r-biopharm.com\/indicazioni\/monitoraggio-terapeutico-dei-farmaci\/"},"modified":"2020-06-03T15:22:04","modified_gmt":"2020-06-03T13:22:04","slug":"monitoraggio-terapeutico-dei-farmaci","status":"publish","type":"page","link":"https:\/\/devclinical.r-biopharm.com\/it\/indicazioni\/monitoraggio-terapeutico-dei-farmaci\/","title":{"rendered":"Monitoraggio terapeutico dei farmaci"},"content":{"rendered":"<div class=\"wpb-content-wrapper\">[mk_page_section padding_top=&#8221;30&#8243; padding_bottom=&#8221;30&#8243; sidebar=&#8221;sidebar-1&#8243;][vc_column width=&#8221;2\/3&#8243;][vc_column_text css=&#8221;.vc_custom_1516112941238{margin-bottom: 0px !important;}&#8221;]\n<strong>I nostri test ELISA e a flusso laterale per il monitoraggio terapeutico dei farmaci (Therapeutic Drug Monitoring &#8211; TDM) permettono di controllare la concentrazione del farmaco nel sangue del paziente e quindi adeguarne il dosaggio a seconda delle esigenze individuali del paziente.<\/strong><\/p>\n<p>I cosiddetti TNF\u03b1 inibitori sono agenti biologici impiegati nel trattamento delle malattie infiammatorie come la colite ulcerosa, il morbo di Crohn e l\u2019artrite reumatoide. L\u2019Infliximab (IFX, Remicade\u00ae, Remsima\u2122, Inflectra\u00ae) cos\u00ec come l\u2019Adalimumab (ADM, Humira\u00ae) appartengono a questa categoria di farmaci.<br \/>\n[\/vc_column_text][vc_video link=&#8221;https:\/\/www.youtube.com\/watch?v=K2fW_PkBAAw&#8221;][vc_empty_space][vc_column_text css=&#8221;.vc_custom_1516196917972{margin-bottom: 0px !important;}&#8221;]\n<h3 class=\"knubbel\">Come funzionano gli inibitori dei TNF\u03b1?<\/h3>\n<p>Quando si scatena una infiammazione, le cellule del sistema immunitario aumentano la produzione di TNF\u03b1. Questa molecola va a legarsi recettori specifici, e ci\u00f2 innesca il segnale per il processo infiammatorio.<\/p>\n<p>Nel caso di infiammazione cronica, il sistema immunitario produce continuamente TNF\u03b1, perci\u00f2 il processo non si arresta mai. Gli inibitori dei TNF\u03b1 interrompono questo ciclo e formando un legame con il ligando (TNF\u03b1). In questo modo la molecola non pu\u00f2 pi\u00f9 legarsi al recettore e la cascata infiammatoria si arresta. Di conseguenza l\u2019infiammazione e i suoi sintomi regrediscono o cessano del tutto.<br \/>\n[\/vc_column_text][mk_image_slideshow images=&#8221;75804,75807,75808&#8243; pause_on_hover=&#8221;true&#8221;][vc_empty_space][vc_column_text css=&#8221;.vc_custom_1516196933539{margin-bottom: 0px !important;}&#8221;]\n<h3 class=\"knubbel\">Misurazione dei livelli del farmaco e immunogenicit\u00e0 e per la regolazione della dose individuale<\/h3>\n<p>Per consentire agli inibitori del TNF\u03b1 di funzionare nel modo migliore, \u00e8 importante controllarne il livello di concentrazione regolarmente perch\u00e9 la biodisponibilit\u00e0 cambia da soggetto a soggetto. Il livello di concentrazione (trough level &#8211; TL) \u00e8 definita dalla concentrazione del farmaco nel sangue misurata appena prima di una nuova infusione.<\/p>\n<p>Inoltre, anche l\u2019immunogenicit\u00e0 impatta sull\u2019efficacia di un farmaco. I cosiddetti anticorpi anti-farmaco (anti-drug antibodies &#8211; ADA) si legano al farmaco e possono portare a una diminuzione della disponibilit\u00e0 del farmaco nel metabolismo, cos\u00ec come a reazioni allergiche. Il monitoraggio del farmaco e degli anticorpi anti-farmaco per gli inibitori del TNF\u03b1 \u00e8 un valido supporto all\u2019aggiustamento della terapia in funzione dei bisogni del singolo paziente.<br \/>\n[\/vc_column_text][vc_column_text css=&#8221;.vc_custom_1516197016974{margin-bottom: 0px !important;}&#8221;]\n<h3 class=\"knubbel\">Adeguamento della terapia basato sul monitoraggio terapeutico<\/h3>\n<p>L\u2019algoritmo TAXIT (= trough concentration adapted infliximab treatment \u2013 trattamento infliximab basato sulla concentrazione minima) \u00e8 una raccomandazione per l\u2019adattamento della terapia, basata sui valori del livello di concentrazione dell\u2019infliximab e della concentrazione degli anticorpi anti-farmaco.  Questo \u00e8 il risultato di uno studio condotto da Nils Vande Casteele et al. (KU Leuven) relativo all\u2019effetto del monitoraggio terapeutico sull\u2019esito della terapia con gli inibitori dei TNF\u03b1.<\/p>\n<p>Lo studio dimostra l\u2019effetto positivo del TDM sull\u2019ottimizzazione della terapia e sulla riduzione dei costi. Inoltre, prova che la ricerca della presenza degli anticorpi anti-farmaco non \u00e8 sempre necessaria, ma conviene eseguirla solo nei casi in cui la concentrazione minima di infliximab non sia quantificabile. RIDASCREEN\u00ae IFX Monitoring e RIDASCREEN\u00ae Anti-IFX Antibodies si basano sui saggi utilizzati in questo studio.<br \/>\n[\/vc_column_text][vc_cta h2=&#8221;Maggiori informazioni&#8221; shape=&#8221;square&#8221; style=&#8221;flat&#8221; color=&#8221;grey&#8221; add_button=&#8221;right&#8221; btn_title=&#8221;Scarica&#8221; btn_style=&#8221;flat&#8221; btn_shape=&#8221;square&#8221; btn_color=&#8221;inverse&#8221; btn_link=&#8221;url:https%3A%2F%2Fdevclinical.r-biopharm.com%2Fwp-content%2Fuploads%2Fsites%2F3%2F2018%2F08%2F2018-07_gn3041_rq-ifx-monitoring_2p_en_lores-2.pdf|target:%20_blank|&#8221;]Per maggiori informazioni sul monitoraggio terapeutico dei farmaci, consulta il nostro opuscolo gratuito.<\/p>\n[\/vc_cta][\/vc_column][vc_column width=&#8221;1\/3&#8243;][vc_column_text margin_bottom=&#8221;40&#8243;]\n<h3 style=\"margin-bottom: 25px\">Scegli una tecnologia<\/h3>\n<div class=\"facetwp-facet facetwp-facet-technology_fselect facetwp-type-fselect\" data-name=\"technology_fselect\" data-type=\"fselect\"><\/div>\n<h3 style=\"margin-bottom: 25px\">Scegli il tuo prodotto<\/h3>\n<div class=\"facetwp-template\" data-name=\"therapeutic_drug_monitoring\"><ul class=\"product_facets\"><\/ul><\/div>[\/vc_column_text][\/vc_column][\/mk_page_section][mk_page_section bg_color=&#8221;#f7f7f7&#8243; padding_top=&#8221;0&#8243; padding_bottom=&#8221;0&#8243; sidebar=&#8221;sidebar-1&#8243;][vc_column css=&#8221;.vc_custom_1469015765963{margin-top: 25px !important;padding-bottom: 5px !important;}&#8221;][vc_column_text margin_bottom=&#8221;20&#8243;]\n<h2 class=\"knubbel\">TDM &#8211; ultime notizie<\/h2>\n[\/vc_column_text][mk_blog_carousel cat=&#8221;228&#8243;][\/vc_column][\/mk_page_section][mk_page_section bg_color=&#8221;#ffffff&#8221; padding_top=&#8221;0&#8243; sidebar=&#8221;sidebar-1&#8243;][vc_column css=&#8221;.vc_custom_1467042052405{margin-top: 40px !important;}&#8221;][vc_column_text margin_bottom=&#8221;20&#8243;]\n<h2 class=\"knubbel\">Potrebbe interessarti anche<\/h2>\n[\/vc_column_text][vc_row_inner css=&#8221;.vc_custom_1468404266697{margin-bottom: 40px !important;}&#8221;][vc_column_inner width=&#8221;1\/3&#8243; css=&#8221;.vc_custom_1468416557833{padding-bottom: 10px !important;padding-left: 0px !important;}&#8221;][mk_flipbox_rb taxonomy=&#8221;indication&#8221; tag_indication=&#8221;therapeutic-drug-monitoring&#8221; min_height=&#8221;200&#8243; button_bg_color=&#8221;#4d4d4d&#8221; button_bg_hover_color=&#8221;#ffffff&#8221; button_text=&#8221;More&#8221;][\/vc_column_inner][vc_column_inner width=&#8221;1\/3&#8243; css=&#8221;.vc_custom_1468416552613{padding-right: 7.5px !important;padding-bottom: 10px !important;padding-left: 7.5px !important;}&#8221;][mk_flipbox_rb taxonomy=&#8221;indication&#8221; tag_indication=&#8221;therapeutic-drug-monitoring&#8221; offset=&#8221;1&#8243; min_height=&#8221;200&#8243; button_bg_color=&#8221;#4d4d4d&#8221; button_bg_hover_color=&#8221;#ffffff&#8221; button_text=&#8221;More&#8221;][\/vc_column_inner][vc_column_inner width=&#8221;1\/3&#8243; css=&#8221;.vc_custom_1468416547451{padding-right: 0px !important;padding-bottom: 10px !important;}&#8221;][mk_flipbox_rb taxonomy=&#8221;indication&#8221; tag_indication=&#8221;therapeutic-drug-monitoring&#8221; offset=&#8221;2&#8243; min_height=&#8221;200&#8243; button_bg_color=&#8221;#4d4d4d&#8221; button_bg_hover_color=&#8221;#ffffff&#8221; button_text=&#8221;More&#8221;][\/vc_column_inner][\/vc_row_inner][\/vc_column][\/mk_page_section][mk_page_section bg_color=&#8221;#f7f7f7&#8243; padding_top=&#8221;20&#8243; padding_bottom=&#8221;20&#8243; sidebar=&#8221;sidebar-1&#8243;][vc_column css=&#8221;.vc_custom_1468415774645{padding-top: 0px !important;padding-bottom: 0px !important;}&#8221;][vc_column_text disable_pattern=&#8221;false&#8221; align=&#8221;center&#8221;]\n<h2>TDM &#8211; supporto<\/h2>\n<p>Hai domande? Le nostre competenze sono a tua disposizione! La nostra assistenza \u00e8 garanzia di successo per i test diagnostici della tua azienda[\/vc_column_text][mk_button dimension=&#8221;flat&#8221; url=&#8221;\/it\/contatti\/&#8221; align=&#8221;center&#8221; margin_bottom=&#8221;&#8221; bg_color=&#8221;#4d4d4d&#8221; btn_hover_bg=&#8221;#ffffff&#8221; btn_hover_txt_color=&#8221;#4d4d4d&#8221;]Contattaci[\/mk_button][\/vc_column][\/mk_page_section]\n<\/div>","protected":false},"excerpt":{"rendered":"<p>[mk_page_section padding_top=&#8221;30&#8243; padding_bottom=&#8221;30&#8243; sidebar=&#8221;sidebar-1&#8243;][vc_column width=&#8221;2\/3&#8243;][vc_column_text css=&#8221;.vc_custom_1516112941238{margin-bottom: 0px !important;}&#8221;] I nostri test ELISA e a flusso laterale per il monitoraggio terapeutico dei farmaci (Therapeutic Drug Monitoring &#8211; TDM) permettono di controllare la concentrazione del farmaco nel sangue del paziente e quindi adeguarne il dosaggio a seconda delle esigenze individuali del paziente. I cosiddetti TNF\u03b1 inibitori sono [&hellip;]<\/p>\n","protected":false},"author":1,"featured_media":0,"parent":95627,"menu_order":0,"comment_status":"closed","ping_status":"closed","template":"","meta":{"content-type":"","_relevanssi_hide_post":"","_relevanssi_hide_content":"","_relevanssi_pin_for_all":"","_relevanssi_pin_keywords":"","_relevanssi_unpin_keywords":"","_relevanssi_related_keywords":"","_relevanssi_related_include_ids":"","_relevanssi_related_exclude_ids":"","_relevanssi_related_no_append":"","_relevanssi_related_not_related":"","_relevanssi_related_posts":"","_relevanssi_noindex_reason":"","footnotes":""},"acf":[],"yoast_head":"<!-- This site is optimized with the Yoast SEO plugin v21.9 - https:\/\/yoast.com\/wordpress\/plugins\/seo\/ -->\n<title>Monitoraggio terapeutico dei farmaci: Ottimizzare il trattamento, ridurre i costi<\/title>\n<meta name=\"description\" content=\"Therapeutic Drug Monitoring (TDM) allows you to measure the concentration of a specific drug in patient&#039;s blood in order to individually adjust the dosage.\" \/>\n<meta name=\"robots\" content=\"noindex, follow, max-snippet:-1, max-image-preview:large, max-video-preview:-1\" \/>\n<meta property=\"og:locale\" content=\"it_IT\" \/>\n<meta property=\"og:type\" content=\"article\" \/>\n<meta property=\"og:title\" content=\"Monitoraggio terapeutico dei farmaci: Ottimizzare il trattamento, ridurre i costi\" \/>\n<meta property=\"og:description\" content=\"Therapeutic Drug Monitoring (TDM) allows you to measure the concentration of a specific drug in patient&#039;s blood in order to individually adjust the dosage.\" \/>\n<meta property=\"og:url\" content=\"https:\/\/devclinical.r-biopharm.com\/it\/indicazioni\/monitoraggio-terapeutico-dei-farmaci\/\" \/>\n<meta property=\"og:site_name\" content=\"\ud83d\udea8\ud83d\udea8\ud83d\udea8 Staging!!! Clinical Diagnostics \ud83d\udea8\ud83d\udea8\ud83d\udea8\" \/>\n<meta property=\"article:modified_time\" content=\"2020-06-03T13:22:04+00:00\" \/>\n<meta name=\"twitter:label1\" content=\"Est. reading time\" \/>\n\t<meta name=\"twitter:data1\" content=\"5 minutes\" \/>\n<script type=\"application\/ld+json\" class=\"yoast-schema-graph\">{\"@context\":\"https:\/\/schema.org\",\"@graph\":[{\"@type\":\"WebPage\",\"@id\":\"https:\/\/devclinical.r-biopharm.com\/it\/indicazioni\/monitoraggio-terapeutico-dei-farmaci\/\",\"url\":\"https:\/\/devclinical.r-biopharm.com\/it\/indicazioni\/monitoraggio-terapeutico-dei-farmaci\/\",\"name\":\"Monitoraggio terapeutico dei farmaci: Ottimizzare il trattamento, ridurre i costi\",\"isPartOf\":{\"@id\":\"https:\/\/devdevclinical.r-biopharm.com\/#website\"},\"datePublished\":\"2016-12-15T14:28:07+00:00\",\"dateModified\":\"2020-06-03T13:22:04+00:00\",\"description\":\"Therapeutic Drug Monitoring (TDM) allows you to measure the concentration of a specific drug in patient's blood in order to individually adjust the dosage.\",\"breadcrumb\":{\"@id\":\"https:\/\/devclinical.r-biopharm.com\/it\/indicazioni\/monitoraggio-terapeutico-dei-farmaci\/#breadcrumb\"},\"inLanguage\":\"it-IT\",\"potentialAction\":[{\"@type\":\"ReadAction\",\"target\":[\"https:\/\/devclinical.r-biopharm.com\/it\/indicazioni\/monitoraggio-terapeutico-dei-farmaci\/\"]}]},{\"@type\":\"BreadcrumbList\",\"@id\":\"https:\/\/devclinical.r-biopharm.com\/it\/indicazioni\/monitoraggio-terapeutico-dei-farmaci\/#breadcrumb\",\"itemListElement\":[{\"@type\":\"ListItem\",\"position\":1,\"name\":\"Home\",\"item\":\"https:\/\/devclinical.r-biopharm.com\/it\/\"},{\"@type\":\"ListItem\",\"position\":2,\"name\":\"Indicazioni\",\"item\":\"https:\/\/devclinical.r-biopharm.com\/it\/indicazioni\/\"},{\"@type\":\"ListItem\",\"position\":3,\"name\":\"Monitoraggio terapeutico dei farmaci\"}]},{\"@type\":\"WebSite\",\"@id\":\"https:\/\/devdevclinical.r-biopharm.com\/#website\",\"url\":\"https:\/\/devdevclinical.r-biopharm.com\/\",\"name\":\"\ud83d\udea8\ud83d\udea8\ud83d\udea8 Staging!!! Clinical Diagnostics \ud83d\udea8\ud83d\udea8\ud83d\udea8\",\"description\":\"A Division of the R-Biopharm Group\",\"potentialAction\":[{\"@type\":\"SearchAction\",\"target\":{\"@type\":\"EntryPoint\",\"urlTemplate\":\"https:\/\/devdevclinical.r-biopharm.com\/?s={search_term_string}\"},\"query-input\":\"required name=search_term_string\"}],\"inLanguage\":\"it-IT\"}]}<\/script>\n<!-- \/ Yoast SEO plugin. -->","yoast_head_json":{"title":"Monitoraggio terapeutico dei farmaci: Ottimizzare il trattamento, ridurre i costi","description":"Therapeutic Drug Monitoring (TDM) allows you to measure the concentration of a specific drug in patient's blood in order to individually adjust the dosage.","robots":{"index":"noindex","follow":"follow","max-snippet":"max-snippet:-1","max-image-preview":"max-image-preview:large","max-video-preview":"max-video-preview:-1"},"og_locale":"it_IT","og_type":"article","og_title":"Monitoraggio terapeutico dei farmaci: Ottimizzare il trattamento, ridurre i costi","og_description":"Therapeutic Drug Monitoring (TDM) allows you to measure the concentration of a specific drug in patient's blood in order to individually adjust the dosage.","og_url":"https:\/\/devclinical.r-biopharm.com\/it\/indicazioni\/monitoraggio-terapeutico-dei-farmaci\/","og_site_name":"\ud83d\udea8\ud83d\udea8\ud83d\udea8 Staging!!! Clinical Diagnostics \ud83d\udea8\ud83d\udea8\ud83d\udea8","article_modified_time":"2020-06-03T13:22:04+00:00","twitter_misc":{"Est. reading time":"5 minutes"},"schema":{"@context":"https:\/\/schema.org","@graph":[{"@type":"WebPage","@id":"https:\/\/devclinical.r-biopharm.com\/it\/indicazioni\/monitoraggio-terapeutico-dei-farmaci\/","url":"https:\/\/devclinical.r-biopharm.com\/it\/indicazioni\/monitoraggio-terapeutico-dei-farmaci\/","name":"Monitoraggio terapeutico dei farmaci: Ottimizzare il trattamento, ridurre i costi","isPartOf":{"@id":"https:\/\/devdevclinical.r-biopharm.com\/#website"},"datePublished":"2016-12-15T14:28:07+00:00","dateModified":"2020-06-03T13:22:04+00:00","description":"Therapeutic Drug Monitoring (TDM) allows you to measure the concentration of a specific drug in patient's blood in order to individually adjust the dosage.","breadcrumb":{"@id":"https:\/\/devclinical.r-biopharm.com\/it\/indicazioni\/monitoraggio-terapeutico-dei-farmaci\/#breadcrumb"},"inLanguage":"it-IT","potentialAction":[{"@type":"ReadAction","target":["https:\/\/devclinical.r-biopharm.com\/it\/indicazioni\/monitoraggio-terapeutico-dei-farmaci\/"]}]},{"@type":"BreadcrumbList","@id":"https:\/\/devclinical.r-biopharm.com\/it\/indicazioni\/monitoraggio-terapeutico-dei-farmaci\/#breadcrumb","itemListElement":[{"@type":"ListItem","position":1,"name":"Home","item":"https:\/\/devclinical.r-biopharm.com\/it\/"},{"@type":"ListItem","position":2,"name":"Indicazioni","item":"https:\/\/devclinical.r-biopharm.com\/it\/indicazioni\/"},{"@type":"ListItem","position":3,"name":"Monitoraggio terapeutico dei farmaci"}]},{"@type":"WebSite","@id":"https:\/\/devdevclinical.r-biopharm.com\/#website","url":"https:\/\/devdevclinical.r-biopharm.com\/","name":"\ud83d\udea8\ud83d\udea8\ud83d\udea8 Staging!!! Clinical Diagnostics \ud83d\udea8\ud83d\udea8\ud83d\udea8","description":"A Division of the R-Biopharm Group","potentialAction":[{"@type":"SearchAction","target":{"@type":"EntryPoint","urlTemplate":"https:\/\/devdevclinical.r-biopharm.com\/?s={search_term_string}"},"query-input":"required name=search_term_string"}],"inLanguage":"it-IT"}]}},"_links":{"self":[{"href":"https:\/\/devclinical.r-biopharm.com\/it\/wp-json\/wp\/v2\/pages\/95742"}],"collection":[{"href":"https:\/\/devclinical.r-biopharm.com\/it\/wp-json\/wp\/v2\/pages"}],"about":[{"href":"https:\/\/devclinical.r-biopharm.com\/it\/wp-json\/wp\/v2\/types\/page"}],"author":[{"embeddable":true,"href":"https:\/\/devclinical.r-biopharm.com\/it\/wp-json\/wp\/v2\/users\/1"}],"replies":[{"embeddable":true,"href":"https:\/\/devclinical.r-biopharm.com\/it\/wp-json\/wp\/v2\/comments?post=95742"}],"version-history":[{"count":6,"href":"https:\/\/devclinical.r-biopharm.com\/it\/wp-json\/wp\/v2\/pages\/95742\/revisions"}],"predecessor-version":[{"id":149646,"href":"https:\/\/devclinical.r-biopharm.com\/it\/wp-json\/wp\/v2\/pages\/95742\/revisions\/149646"}],"up":[{"embeddable":true,"href":"https:\/\/devclinical.r-biopharm.com\/it\/wp-json\/wp\/v2\/pages\/95627"}],"wp:attachment":[{"href":"https:\/\/devclinical.r-biopharm.com\/it\/wp-json\/wp\/v2\/media?parent=95742"}],"curies":[{"name":"wp","href":"https:\/\/api.w.org\/{rel}","templated":true}]}}