{"id":95757,"date":"2016-11-24T14:52:11","date_gmt":"2016-11-24T13:52:11","guid":{"rendered":"https:\/\/clinical.r-biopharm.com\/tecnologie\/array\/"},"modified":"2019-07-08T16:01:08","modified_gmt":"2019-07-08T14:01:08","slug":"array","status":"publish","type":"page","link":"https:\/\/devclinical.r-biopharm.com\/it\/tecnologie\/array\/","title":{"rendered":"Array"},"content":{"rendered":"<div class=\"wpb-content-wrapper\">[mk_page_section padding_top=&#8221;30&#8243; padding_bottom=&#8221;30&#8243; sidebar=&#8221;sidebar-1&#8243;][vc_column width=&#8221;2\/3&#8243;][vc_column_text]<strong>Il sistema intelligente <em>SeraSpot<\/em>\u00ae combina le capacit\u00e0 diagnostiche della moderna tecnologia degli array con i vantaggi del saggio provato e automatizzato ELISA.<br \/>\n<\/strong><\/p>\n<p>I test contengono autoantigeni multipli o antigeni di agenti patogeni. Questi antigeni rivestono il fondo di ciascun pozzetto di una piastra. Questo metodo consente di analizzare fino a 96 campioni diversi in ciascuna piastra e valutare la presenza di malattie infettive o autoimmuni. SeraSpot\u00ae \u00e8 una soluzione completa che include il test kit, una unit\u00e0 di scansione ad alta precisione e un software di facile utilizzo.[\/vc_column_text][vc_video max_width=&#8221;770&#8243; link=&#8221;https:\/\/www.youtube.com\/watch?v=FZxsLrq02i4&amp;t=1s?rel=0&#8243;][vc_empty_space][vc_column_text css=&#8221;.vc_custom_1511259020159{margin-bottom: 0px !important;}&#8221;]\n<h2 class=\"knubbel\"><em>SeraSpot<\/em>\u00ae viene incontro a\u2026<\/h2>\n[\/vc_column_text][mk_custom_list style=&#8221;mk-moon-circle-small&#8221;]\n<ul>\n<li>Necessit\u00e0 di diversi laboratori grazie all\u2019elaborazione flessibile dei campioni e alla combinazione di diversi test: con il sistema SeraSpot\u00ae \u00e8 possibile processare simultaneamente diversi microspot. Si possono combinare diversi test diagnostici in una micropiastra o utilizzare le strisce singole.<\/li>\n<li>Standard qualitativi elevati grazie alla presenza di controlli interni e all\u2019uso di antigeni di conosciuta rilevanza clinica: tutti i test dimostrano una elevata sensibilit\u00e0 e specificit\u00e0. I controlli interni e la codifica dei diversi array per colore garantiscono una qualit\u00e0 interna elevata. Inoltre, un indicatore di posizione presente all\u2019interno di ogni pozzetto assicura una lettura accurata dei risultati del test.<\/li>\n<li>Necessit\u00e0 dell\u2019utilizzatore, grazie a un software intuitivo e all\u2019elaborazione automatizzata dei campioni: SeraSpot\u00ae facilita il flusso di lavoro all\u2019interno dei laboratori diagnostici offrendo tutti i reagenti pronti all\u2019uso e un unico protocollo di esecuzione per tutti i tipi di test. Il tempo di preparazione viene perci\u00f2 ridotto al minimo e la procedura del test risulta semplice e rapida.<\/li>\n<\/ul>\n[\/mk_custom_list][vc_column_text]Grazie a queste caratteristiche, <em>SeraSpot<\/em>\u00ae fornisce una diagnosi conveniente e tempestiva.[\/vc_column_text][vc_cta h2=&#8221;Opuscolo&#8221; shape=&#8221;square&#8221; style=&#8221;flat&#8221; color=&#8221;grey&#8221; add_button=&#8221;right&#8221; btn_title=&#8221;Scarica&#8221; btn_shape=&#8221;square&#8221; btn_color=&#8221;inverse&#8221; btn_link=&#8221;url:https%3A%2F%2Fdevclinical.r-biopharm.com%2Fwp-content%2Fuploads%2Fsites%2F3%2F2019%2F06%2Fseraspot_4p_en_2019-03_lores.pdf||target:%20_blank|&#8221;]L\u2019opuscolo <em>SeraSpot\u00ae<\/em> fornisce informazioni pi\u00f9 dettagliate sulla tecnologia, le sue caratteristiche e la procedura diagnostica.[\/vc_cta][vc_column_text css=&#8221;.vc_custom_1511258984981{margin-bottom: 0px !important;}&#8221;]\n<h2 class=\"knubbel\">Accessori per SeraSpot\u00ae array:<\/h2>\n[\/vc_column_text][mk_custom_list style=&#8221;mk-moon-circle-small&#8221;]\n<ul>\n<li><a href=\"\/products\/spotsight-strip\/\">SpotSight\u00ae strip:<\/a> unit\u00e0 di scansione specifica per le strisce da 8 pozzetti<\/li>\n<li><a href=\"\/products\/spotsight-plate-mono\/\">SpotSight\u00ae plate mono:<\/a> unit\u00e0 di scansione specifica per micro-piastra da 96 pozzetti<\/li>\n<li><a href=\"\/products\/spotsight-scan\/\">SpotSight\u00ae Scan:<\/a> software di analisi per gli array <em>SeraSpot<\/em>\u00ae<\/li>\n<\/ul>\n[\/mk_custom_list][\/vc_column][vc_column width=&#8221;1\/3&#8243;][vc_column_text margin_bottom=&#8221;20&#8243;]\n<p>&nbsp;<\/p>\n<h3 style=\"margin-bottom: 25px;\">Scegli un\u2019indicazione<\/h3>\n<div class=\"facetwp-facet facetwp-facet-indication_fselect facetwp-type-fselect\" data-name=\"indication_fselect\" data-type=\"fselect\"><\/div>[\/vc_column_text][vc_column_text margin_bottom=&#8221;20&#8243;]\n<h3 style=\"margin-bottom: 25px;\">Scegli un settore diagnostico<\/h3>\n<div class=\"facetwp-facet facetwp-facet-diagnostics_fselect facetwp-type-fselect\" data-name=\"diagnostics_fselect\" data-type=\"fselect\"><\/div>[\/vc_column_text][vc_column_text margin_bottom=&#8221;40&#8243;]\n<h3 style=\"margin-bottom: 25px;\">Scegli il tuo prodotto<\/h3>\n<div class=\"facetwp-template\" data-name=\"array\"><ul class=\"product_facets\"><\/ul><\/div>[\/vc_column_text][\/vc_column][\/mk_page_section][mk_page_section bg_color=&#8221;#f7f7f7&#8243; padding_top=&#8221;0&#8243; padding_bottom=&#8221;0&#8243; sidebar=&#8221;sidebar-1&#8243;][vc_column css=&#8221;.vc_custom_1469015765963{margin-top: 25px !important;padding-bottom: 5px !important;}&#8221;][vc_column_text margin_bottom=&#8221;20&#8243;]\n<h2 class=\"knubbel\">Array &#8211; ultime notizie<\/h2>\n[\/vc_column_text][mk_blog_carousel cat=&#8221;230&#8243;][\/vc_column][\/mk_page_section][mk_page_section bg_color=&#8221;#ffffff&#8221; padding_top=&#8221;0&#8243; sidebar=&#8221;sidebar-1&#8243;][vc_column css=&#8221;.vc_custom_1467042052405{margin-top: 40px !important;}&#8221;][vc_column_text margin_bottom=&#8221;20&#8243;]\n<h2 class=\"knubbel\">Potrebbe interessarti anche<\/h2>\n[\/vc_column_text][vc_row_inner css=&#8221;.vc_custom_1468404266697{margin-bottom: 40px !important;}&#8221;][vc_column_inner width=&#8221;1\/3&#8243; css=&#8221;.vc_custom_1468416557833{padding-bottom: 10px !important;padding-left: 0px !important;}&#8221;][mk_flipbox_rb taxonomy=&#8221;technology&#8221; tag_technology=&#8221;array&#8221; min_height=&#8221;200&#8243; button_bg_color=&#8221;#4d4d4d&#8221; button_bg_hover_color=&#8221;#ffffff&#8221; button_text=&#8221;More&#8221;][\/vc_column_inner][vc_column_inner width=&#8221;1\/3&#8243; css=&#8221;.vc_custom_1468416552613{padding-right: 7.5px !important;padding-bottom: 10px !important;padding-left: 7.5px !important;}&#8221;][mk_flipbox_rb taxonomy=&#8221;technology&#8221; tag_technology=&#8221;array&#8221; offset=&#8221;1&#8243; min_height=&#8221;200&#8243; button_bg_color=&#8221;#4d4d4d&#8221; button_bg_hover_color=&#8221;#ffffff&#8221; button_text=&#8221;More&#8221;][\/vc_column_inner][vc_column_inner width=&#8221;1\/3&#8243; css=&#8221;.vc_custom_1468416547451{padding-right: 0px !important;padding-bottom: 10px !important;}&#8221;][mk_flipbox_rb taxonomy=&#8221;technology&#8221; tag_technology=&#8221;array&#8221; offset=&#8221;2&#8243; min_height=&#8221;200&#8243; button_bg_color=&#8221;#4d4d4d&#8221; button_bg_hover_color=&#8221;#ffffff&#8221; button_text=&#8221;More&#8221;][\/vc_column_inner][\/vc_row_inner][\/vc_column][\/mk_page_section][mk_page_section bg_color=&#8221;#f7f7f7&#8243; padding_top=&#8221;20&#8243; padding_bottom=&#8221;20&#8243; sidebar=&#8221;sidebar-1&#8243;][vc_column css=&#8221;.vc_custom_1468415774645{padding-top: 0px !important;padding-bottom: 0px !important;}&#8221;][vc_column_text disable_pattern=&#8221;false&#8221; align=&#8221;center&#8221;]\n<h2>Array &#8211; supporto<\/h2>\n<p>Hai domande? Le nostre competenze sono a tua disposizione! La nostra assistenza \u00e8 garanzia di successo per i test diagnostici della tua azienda[\/vc_column_text][mk_button dimension=&#8221;flat&#8221; url=&#8221;\/it\/contatti\/&#8221; align=&#8221;center&#8221; margin_bottom=&#8221;&#8221; bg_color=&#8221;#4d4d4d&#8221; btn_hover_bg=&#8221;#ffffff&#8221; btn_hover_txt_color=&#8221;#4d4d4d&#8221;]Contattaci[\/mk_button][\/vc_column][\/mk_page_section]\n<\/div>","protected":false},"excerpt":{"rendered":"<p>[mk_page_section padding_top=&#8221;30&#8243; padding_bottom=&#8221;30&#8243; sidebar=&#8221;sidebar-1&#8243;][vc_column width=&#8221;2\/3&#8243;][vc_column_text]Il sistema intelligente SeraSpot\u00ae combina le capacit\u00e0 diagnostiche della moderna tecnologia degli array con i vantaggi del saggio provato e automatizzato ELISA. I test contengono autoantigeni multipli o antigeni di agenti patogeni. Questi antigeni rivestono il fondo di ciascun pozzetto di una piastra. Questo metodo consente di analizzare fino a 96 [&hellip;]<\/p>\n","protected":false},"author":1,"featured_media":0,"parent":95629,"menu_order":0,"comment_status":"closed","ping_status":"closed","template":"","meta":{"content-type":"","_relevanssi_hide_post":"","_relevanssi_hide_content":"","_relevanssi_pin_for_all":"","_relevanssi_pin_keywords":"","_relevanssi_unpin_keywords":"","_relevanssi_related_keywords":"","_relevanssi_related_include_ids":"","_relevanssi_related_exclude_ids":"","_relevanssi_related_no_append":"","_relevanssi_related_not_related":"","_relevanssi_related_posts":"","_relevanssi_noindex_reason":"","footnotes":""},"acf":[],"yoast_head":"<!-- This site is optimized with the Yoast SEO plugin v21.9 - https:\/\/yoast.com\/wordpress\/plugins\/seo\/ -->\n<title>Array - Innovativi microspot array per una efficiente diagnostica multipla<\/title>\n<meta name=\"description\" content=\"Microspot arrays are stable &amp; flexible tests for various applications in the area of clinical diagnostics. View all arrays for clinical diagnostics here.\" \/>\n<meta name=\"robots\" content=\"noindex, follow, max-snippet:-1, max-image-preview:large, max-video-preview:-1\" \/>\n<meta property=\"og:locale\" content=\"it_IT\" \/>\n<meta property=\"og:type\" content=\"article\" \/>\n<meta property=\"og:title\" content=\"Array - Innovativi microspot array per una efficiente diagnostica multipla\" \/>\n<meta property=\"og:description\" content=\"Microspot arrays are stable &amp; flexible tests for various applications in the area of clinical diagnostics. View all arrays for clinical diagnostics here.\" \/>\n<meta property=\"og:url\" content=\"https:\/\/devclinical.r-biopharm.com\/it\/tecnologie\/array\/\" \/>\n<meta property=\"og:site_name\" content=\"\ud83d\udea8\ud83d\udea8\ud83d\udea8 Staging!!! Clinical Diagnostics \ud83d\udea8\ud83d\udea8\ud83d\udea8\" \/>\n<meta property=\"article:modified_time\" content=\"2019-07-08T14:01:08+00:00\" \/>\n<meta name=\"twitter:label1\" content=\"Est. reading time\" \/>\n\t<meta name=\"twitter:data1\" content=\"4 minutes\" \/>\n<script type=\"application\/ld+json\" class=\"yoast-schema-graph\">{\"@context\":\"https:\/\/schema.org\",\"@graph\":[{\"@type\":\"WebPage\",\"@id\":\"https:\/\/devclinical.r-biopharm.com\/it\/tecnologie\/array\/\",\"url\":\"https:\/\/devclinical.r-biopharm.com\/it\/tecnologie\/array\/\",\"name\":\"Array - Innovativi microspot array per una efficiente diagnostica multipla\",\"isPartOf\":{\"@id\":\"https:\/\/devdevclinical.r-biopharm.com\/#website\"},\"datePublished\":\"2016-11-24T13:52:11+00:00\",\"dateModified\":\"2019-07-08T14:01:08+00:00\",\"description\":\"Microspot arrays are stable & flexible tests for various applications in the area of clinical diagnostics. View all arrays for clinical diagnostics here.\",\"breadcrumb\":{\"@id\":\"https:\/\/devclinical.r-biopharm.com\/it\/tecnologie\/array\/#breadcrumb\"},\"inLanguage\":\"it-IT\",\"potentialAction\":[{\"@type\":\"ReadAction\",\"target\":[\"https:\/\/devclinical.r-biopharm.com\/it\/tecnologie\/array\/\"]}]},{\"@type\":\"BreadcrumbList\",\"@id\":\"https:\/\/devclinical.r-biopharm.com\/it\/tecnologie\/array\/#breadcrumb\",\"itemListElement\":[{\"@type\":\"ListItem\",\"position\":1,\"name\":\"Home\",\"item\":\"https:\/\/devclinical.r-biopharm.com\/it\/\"},{\"@type\":\"ListItem\",\"position\":2,\"name\":\"Tecnologie\",\"item\":\"https:\/\/devclinical.r-biopharm.com\/it\/tecnologie\/\"},{\"@type\":\"ListItem\",\"position\":3,\"name\":\"Array\"}]},{\"@type\":\"WebSite\",\"@id\":\"https:\/\/devdevclinical.r-biopharm.com\/#website\",\"url\":\"https:\/\/devdevclinical.r-biopharm.com\/\",\"name\":\"\ud83d\udea8\ud83d\udea8\ud83d\udea8 Staging!!! Clinical Diagnostics \ud83d\udea8\ud83d\udea8\ud83d\udea8\",\"description\":\"A Division of the R-Biopharm Group\",\"potentialAction\":[{\"@type\":\"SearchAction\",\"target\":{\"@type\":\"EntryPoint\",\"urlTemplate\":\"https:\/\/devdevclinical.r-biopharm.com\/?s={search_term_string}\"},\"query-input\":\"required name=search_term_string\"}],\"inLanguage\":\"it-IT\"}]}<\/script>\n<!-- \/ Yoast SEO plugin. -->","yoast_head_json":{"title":"Array - Innovativi microspot array per una efficiente diagnostica multipla","description":"Microspot arrays are stable & flexible tests for various applications in the area of clinical diagnostics. View all arrays for clinical diagnostics here.","robots":{"index":"noindex","follow":"follow","max-snippet":"max-snippet:-1","max-image-preview":"max-image-preview:large","max-video-preview":"max-video-preview:-1"},"og_locale":"it_IT","og_type":"article","og_title":"Array - Innovativi microspot array per una efficiente diagnostica multipla","og_description":"Microspot arrays are stable & flexible tests for various applications in the area of clinical diagnostics. View all arrays for clinical diagnostics here.","og_url":"https:\/\/devclinical.r-biopharm.com\/it\/tecnologie\/array\/","og_site_name":"\ud83d\udea8\ud83d\udea8\ud83d\udea8 Staging!!! Clinical Diagnostics \ud83d\udea8\ud83d\udea8\ud83d\udea8","article_modified_time":"2019-07-08T14:01:08+00:00","twitter_misc":{"Est. reading time":"4 minutes"},"schema":{"@context":"https:\/\/schema.org","@graph":[{"@type":"WebPage","@id":"https:\/\/devclinical.r-biopharm.com\/it\/tecnologie\/array\/","url":"https:\/\/devclinical.r-biopharm.com\/it\/tecnologie\/array\/","name":"Array - Innovativi microspot array per una efficiente diagnostica multipla","isPartOf":{"@id":"https:\/\/devdevclinical.r-biopharm.com\/#website"},"datePublished":"2016-11-24T13:52:11+00:00","dateModified":"2019-07-08T14:01:08+00:00","description":"Microspot arrays are stable & flexible tests for various applications in the area of clinical diagnostics. View all arrays for clinical diagnostics here.","breadcrumb":{"@id":"https:\/\/devclinical.r-biopharm.com\/it\/tecnologie\/array\/#breadcrumb"},"inLanguage":"it-IT","potentialAction":[{"@type":"ReadAction","target":["https:\/\/devclinical.r-biopharm.com\/it\/tecnologie\/array\/"]}]},{"@type":"BreadcrumbList","@id":"https:\/\/devclinical.r-biopharm.com\/it\/tecnologie\/array\/#breadcrumb","itemListElement":[{"@type":"ListItem","position":1,"name":"Home","item":"https:\/\/devclinical.r-biopharm.com\/it\/"},{"@type":"ListItem","position":2,"name":"Tecnologie","item":"https:\/\/devclinical.r-biopharm.com\/it\/tecnologie\/"},{"@type":"ListItem","position":3,"name":"Array"}]},{"@type":"WebSite","@id":"https:\/\/devdevclinical.r-biopharm.com\/#website","url":"https:\/\/devdevclinical.r-biopharm.com\/","name":"\ud83d\udea8\ud83d\udea8\ud83d\udea8 Staging!!! Clinical Diagnostics \ud83d\udea8\ud83d\udea8\ud83d\udea8","description":"A Division of the R-Biopharm Group","potentialAction":[{"@type":"SearchAction","target":{"@type":"EntryPoint","urlTemplate":"https:\/\/devdevclinical.r-biopharm.com\/?s={search_term_string}"},"query-input":"required name=search_term_string"}],"inLanguage":"it-IT"}]}},"_links":{"self":[{"href":"https:\/\/devclinical.r-biopharm.com\/it\/wp-json\/wp\/v2\/pages\/95757"}],"collection":[{"href":"https:\/\/devclinical.r-biopharm.com\/it\/wp-json\/wp\/v2\/pages"}],"about":[{"href":"https:\/\/devclinical.r-biopharm.com\/it\/wp-json\/wp\/v2\/types\/page"}],"author":[{"embeddable":true,"href":"https:\/\/devclinical.r-biopharm.com\/it\/wp-json\/wp\/v2\/users\/1"}],"replies":[{"embeddable":true,"href":"https:\/\/devclinical.r-biopharm.com\/it\/wp-json\/wp\/v2\/comments?post=95757"}],"version-history":[{"count":4,"href":"https:\/\/devclinical.r-biopharm.com\/it\/wp-json\/wp\/v2\/pages\/95757\/revisions"}],"predecessor-version":[{"id":97425,"href":"https:\/\/devclinical.r-biopharm.com\/it\/wp-json\/wp\/v2\/pages\/95757\/revisions\/97425"}],"up":[{"embeddable":true,"href":"https:\/\/devclinical.r-biopharm.com\/it\/wp-json\/wp\/v2\/pages\/95629"}],"wp:attachment":[{"href":"https:\/\/devclinical.r-biopharm.com\/it\/wp-json\/wp\/v2\/media?parent=95757"}],"curies":[{"name":"wp","href":"https:\/\/api.w.org\/{rel}","templated":true}]}}