{"id":90214,"date":"2015-10-05T11:44:28","date_gmt":"2015-10-05T09:44:28","guid":{"rendered":"https:\/\/clinical.r-biopharm.com\/indicatie\/seksueel-overdraagbare-aandoeningen\/"},"modified":"2018-10-08T16:24:27","modified_gmt":"2018-10-08T14:24:27","slug":"seksueel-overdraagbare-aandoeningen","status":"publish","type":"page","link":"https:\/\/devclinical.r-biopharm.com\/nl\/indicatie\/seksueel-overdraagbare-aandoeningen\/","title":{"rendered":"Seksueel overdraagbare aandoeningen"},"content":{"rendered":"<div class=\"wpb-content-wrapper\">[mk_page_section padding_top=&#8221;30&#8243; padding_bottom=&#8221;30&#8243; sidebar=&#8221;sidebar-1&#8243;][vc_column width=&#8221;2\/3&#8243;][vc_column_text]<strong>Seksueel overdraagbare aandoeningen (SOA&#8217;s) worden voornamelijk overgebracht via geslachtsgemeenschap. Meer dan 30\u00a0verschillende pathogenen, waaronder virussen, bacteri\u00ebn en parasieten, kunnen een SOA veroorzaken. Pathogenen kunnen ook zonder seksueel contact worden overgebracht via bloed of borstvoeding.<\/strong><\/p>\n<p>Infecties met een grote incidentie die momenteel kunnen worden genezen, zijn syfilis, gonorroe (Neisseria gonnorrhoeae), chlamydia (Chlamydia trachomatis) en trichomoniasis (Trichomonas vaginalis). Naar schatting zijn er 357\u00a0miljoen nieuwe infecties per jaar met \u00e9\u00e9n van deze vier seksueel overdraagbare aandoeningen.<\/p>\n<p>Bij tellingen wereldwijd bedraagt het aantal nieuwe SOA-gevallen meer dan \u00e9\u00e9n miljoen. Zonder adequate preventie kunnen pathogenen zich gemakkelijk verspreiden en eventueel ook van moeder op kind overgaan. De situatie wordt ingewikkelder door het feit dat in een meerderheid van de gevallen een SOA-infectie geen duidelijke symptomen veroorzaakt of alleen lichte symptomen die niet als seksueel overdraagbare aandoening worden herkend. Dit vergroot de kans op verspreiding van infecties onder niet-ge\u00efnfecteerde personen.<\/p>\n<h3 class=\"knubbel\">Symptomen en behandeling van SOA&#8217;s<\/h3>\n<p>Typische symptomen kunnen bestaan uit vaginale\/urethrale afscheiding, genitale zweren en buikpijn. Hoewel infecties asymptomatisch kunnen verlopen, kunnen SOA&#8217;s ernstige gevolgen hebben, zoals infertiliteit, chronische pijn of zelfs overlijden. Bovendien kunnen SOA&#8217;s gevolgen hebben voor zuigelingen als deze v\u00f3\u00f3r of tijdens de geboorte zijn ge\u00efnfecteerd.<\/p>\n<p>De vier geneesbare SOA&#8217;s, syfilis, gonorroe, chlamydia en trichomoniasis, worden behandeld met diverse antibiotica, soms in combinatie. Hierdoor hebben zich geneesmiddelresistenties ontwikkeld, vooral in het geval van gonorroe. Gonorroe-infecties kunnen ook optreden in combinatie met chlamydia.<\/p>\n<p>Geneesmiddelresistenties compliceren de behandeling van SOA&#8217;S en blijven een bedreiging vormen bij de bestrijding van nieuwe infecties wereldwijd. Om nieuwe infecties en de overdracht van SOA&#8217;s met succes te voorkomen en de resultaten van behandelingen te verbeteren, is een vroegtijdige en correcte identificatie van de pathogenen noodzakelijk.[\/vc_column_text][\/vc_column][vc_column width=&#8221;1\/3&#8243;][vc_column_text margin_bottom=&#8221;20&#8243;]\n<h3 style=\"margin-bottom: 25px;\">Kies een technologie<\/h3>\n<div class=\"facetwp-facet facetwp-facet-technology_fselect facetwp-type-fselect\" data-name=\"technology_fselect\" data-type=\"fselect\"><\/div>[\/vc_column_text][vc_column_text margin_bottom=&#8221;20&#8243;]\n<h3 style=\"margin-bottom: 25px;\">Kies een diagnostisch gebied<\/h3>\n<div class=\"facetwp-facet facetwp-facet-diagnostics_fselect facetwp-type-fselect\" data-name=\"diagnostics_fselect\" data-type=\"fselect\"><\/div>[\/vc_column_text][vc_column_text margin_bottom=&#8221;40&#8243;]\n<h3 style=\"margin-bottom: 25px;\">Kies uw SOA-product<\/h3>\n<div class=\"facetwp-template\" data-name=\"sexually_transmitted_infections\"><ul class=\"product_facets\"><\/ul><\/div>[\/vc_column_text][\/vc_column][\/mk_page_section][mk_page_section bg_color=&#8221;#f7f7f7&#8243; padding_top=&#8221;0&#8243; padding_bottom=&#8221;0&#8243; sidebar=&#8221;sidebar-1&#8243;][vc_column css=&#8221;.vc_custom_1469015765963{margin-top: 25px !important;padding-bottom: 5px !important;}&#8221;][vc_column_text margin_bottom=&#8221;20&#8243; css=&#8221;.vc_custom_1530179587835{margin-bottom: 20px !important;}&#8221;]\n<h2 class=\"knubbel\">Recent nieuws<\/h2>\n[\/vc_column_text][mk_blog_carousel][\/vc_column][\/mk_page_section][mk_page_section bg_color=&#8221;#ffffff&#8221; padding_top=&#8221;0&#8243; sidebar=&#8221;sidebar-1&#8243;][vc_column css=&#8221;.vc_custom_1467042052405{margin-top: 40px !important;}&#8221;][vc_column_text margin_bottom=&#8221;20&#8243;]\n<h2 class=\"knubbel\">U bent misschien ook ge\u00efnteresseerd in<\/h2>\n[\/vc_column_text][vc_row_inner css=&#8221;.vc_custom_1468404266697{margin-bottom: 40px !important;}&#8221;][vc_column_inner width=&#8221;1\/3&#8243; css=&#8221;.vc_custom_1468416557833{padding-bottom: 10px !important;padding-left: 0px !important;}&#8221;][mk_flipbox_rb taxonomy=&#8221;indication&#8221; tag_indication=&#8221;sexually-transmitted-infections&#8221; min_height=&#8221;200&#8243; button_bg_color=&#8221;#4d4d4d&#8221; button_bg_hover_color=&#8221;#ffffff&#8221; button_text=&#8221;More&#8221;][\/vc_column_inner][vc_column_inner width=&#8221;1\/3&#8243; css=&#8221;.vc_custom_1468416552613{padding-right: 7.5px !important;padding-bottom: 10px !important;padding-left: 7.5px !important;}&#8221;][mk_flipbox_rb taxonomy=&#8221;indication&#8221; tag_indication=&#8221;sexually-transmitted-infections&#8221; offset=&#8221;1&#8243; min_height=&#8221;200&#8243; button_bg_color=&#8221;#4d4d4d&#8221; button_bg_hover_color=&#8221;#ffffff&#8221; button_text=&#8221;More&#8221;][\/vc_column_inner][vc_column_inner width=&#8221;1\/3&#8243; css=&#8221;.vc_custom_1468416547451{padding-right: 0px !important;padding-bottom: 10px !important;}&#8221;][mk_flipbox_rb taxonomy=&#8221;indication&#8221; tag_indication=&#8221;sexually-transmitted-infections&#8221; offset=&#8221;2&#8243; min_height=&#8221;200&#8243; button_bg_color=&#8221;#4d4d4d&#8221; button_bg_hover_color=&#8221;#ffffff&#8221; button_text=&#8221;More&#8221;][\/vc_column_inner][\/vc_row_inner][\/vc_column][\/mk_page_section][mk_page_section bg_color=&#8221;#f7f7f7&#8243; padding_top=&#8221;20&#8243; padding_bottom=&#8221;20&#8243; sidebar=&#8221;sidebar-1&#8243;][vc_column css=&#8221;.vc_custom_1468415774645{padding-top: 0px !important;padding-bottom: 0px !important;}&#8221;][vc_column_text disable_pattern=&#8221;false&#8221; align=&#8221;center&#8221;]\n<h2>Ondersteuning voor SOA&#8217;s<\/h2>\n<p>Vragen? Maak gebruik van de expertise van ons team. Wij zijn er om u en uw organisatie tijdens het hele testproces te ondersteunen om uw succes te garanderen.[\/vc_column_text][mk_button dimension=&#8221;flat&#8221; url=&#8221;\/nl\/contact\/&#8221; align=&#8221;center&#8221; margin_bottom=&#8221;&#8221; bg_color=&#8221;#4d4d4d&#8221; btn_hover_bg=&#8221;#ffffff&#8221; btn_hover_txt_color=&#8221;#4d4d4d&#8221;]Neem contact met ons op[\/mk_button][\/vc_column][\/mk_page_section]\n<\/div>","protected":false},"excerpt":{"rendered":"<p>[mk_page_section padding_top=&#8221;30&#8243; padding_bottom=&#8221;30&#8243; sidebar=&#8221;sidebar-1&#8243;][vc_column width=&#8221;2\/3&#8243;][vc_column_text]Seksueel overdraagbare aandoeningen (SOA&#8217;s) worden voornamelijk overgebracht via geslachtsgemeenschap. Meer dan 30\u00a0verschillende pathogenen, waaronder virussen, bacteri\u00ebn en parasieten, kunnen een SOA veroorzaken. Pathogenen kunnen ook zonder seksueel contact worden overgebracht via bloed of borstvoeding. Infecties met een grote incidentie die momenteel kunnen worden genezen, zijn syfilis, gonorroe (Neisseria gonnorrhoeae), chlamydia (Chlamydia [&hellip;]<\/p>\n","protected":false},"author":1,"featured_media":0,"parent":90032,"menu_order":0,"comment_status":"closed","ping_status":"closed","template":"","meta":{"content-type":"","_relevanssi_hide_post":"","_relevanssi_hide_content":"","_relevanssi_pin_for_all":"","_relevanssi_pin_keywords":"","_relevanssi_unpin_keywords":"","_relevanssi_related_keywords":"","_relevanssi_related_include_ids":"","_relevanssi_related_exclude_ids":"","_relevanssi_related_no_append":"","_relevanssi_related_not_related":"","_relevanssi_related_posts":"","_relevanssi_noindex_reason":"","footnotes":""},"acf":[],"yoast_head":"<!-- This site is optimized with the Yoast SEO plugin v21.9 - https:\/\/yoast.com\/wordpress\/plugins\/seo\/ -->\n<title>Seksueel overdraagbare aandoeningen: Snelle diagnostische testen voor SOA&#039;S<\/title>\n<meta name=\"description\" content=\"Een seksueel overdraagbare aandoening kan worden veroorzaakt door diverse pathogenen. Wij bieden moderne testsystemen aan voor betrouwbare diagnostiek van seksueel overdraagbare aandoeningen.\" \/>\n<meta name=\"robots\" content=\"noindex, follow, max-snippet:-1, max-image-preview:large, max-video-preview:-1\" \/>\n<meta property=\"og:locale\" content=\"nl_NL\" \/>\n<meta property=\"og:type\" content=\"article\" \/>\n<meta property=\"og:title\" content=\"Seksueel overdraagbare aandoeningen: Snelle diagnostische testen voor SOA&#039;S\" \/>\n<meta property=\"og:description\" content=\"Een seksueel overdraagbare aandoening kan worden veroorzaakt door diverse pathogenen. Wij bieden moderne testsystemen aan voor betrouwbare diagnostiek van seksueel overdraagbare aandoeningen.\" \/>\n<meta property=\"og:url\" content=\"https:\/\/devclinical.r-biopharm.com\/nl\/indicatie\/seksueel-overdraagbare-aandoeningen\/\" \/>\n<meta property=\"og:site_name\" content=\"\ud83d\udea8\ud83d\udea8\ud83d\udea8 Staging!!! Clinical Diagnostics \ud83d\udea8\ud83d\udea8\ud83d\udea8\" \/>\n<meta property=\"article:modified_time\" content=\"2018-10-08T14:24:27+00:00\" \/>\n<meta name=\"twitter:label1\" content=\"Est. reading time\" \/>\n\t<meta name=\"twitter:data1\" content=\"3 minutes\" \/>\n<script type=\"application\/ld+json\" class=\"yoast-schema-graph\">{\"@context\":\"https:\/\/schema.org\",\"@graph\":[{\"@type\":\"WebPage\",\"@id\":\"https:\/\/devclinical.r-biopharm.com\/nl\/indicatie\/seksueel-overdraagbare-aandoeningen\/\",\"url\":\"https:\/\/devclinical.r-biopharm.com\/nl\/indicatie\/seksueel-overdraagbare-aandoeningen\/\",\"name\":\"Seksueel overdraagbare aandoeningen: Snelle diagnostische testen voor SOA'S\",\"isPartOf\":{\"@id\":\"https:\/\/devdevclinical.r-biopharm.com\/#website\"},\"datePublished\":\"2015-10-05T09:44:28+00:00\",\"dateModified\":\"2018-10-08T14:24:27+00:00\",\"description\":\"Een seksueel overdraagbare aandoening kan worden veroorzaakt door diverse pathogenen. Wij bieden moderne testsystemen aan voor betrouwbare diagnostiek van seksueel overdraagbare aandoeningen.\",\"breadcrumb\":{\"@id\":\"https:\/\/devclinical.r-biopharm.com\/nl\/indicatie\/seksueel-overdraagbare-aandoeningen\/#breadcrumb\"},\"inLanguage\":\"nl-NL\",\"potentialAction\":[{\"@type\":\"ReadAction\",\"target\":[\"https:\/\/devclinical.r-biopharm.com\/nl\/indicatie\/seksueel-overdraagbare-aandoeningen\/\"]}]},{\"@type\":\"BreadcrumbList\",\"@id\":\"https:\/\/devclinical.r-biopharm.com\/nl\/indicatie\/seksueel-overdraagbare-aandoeningen\/#breadcrumb\",\"itemListElement\":[{\"@type\":\"ListItem\",\"position\":1,\"name\":\"Home\",\"item\":\"https:\/\/devclinical.r-biopharm.com\/nl\/\"},{\"@type\":\"ListItem\",\"position\":2,\"name\":\"Indicatie\",\"item\":\"https:\/\/devclinical.r-biopharm.com\/nl\/indicatie\/\"},{\"@type\":\"ListItem\",\"position\":3,\"name\":\"Seksueel overdraagbare aandoeningen\"}]},{\"@type\":\"WebSite\",\"@id\":\"https:\/\/devdevclinical.r-biopharm.com\/#website\",\"url\":\"https:\/\/devdevclinical.r-biopharm.com\/\",\"name\":\"\ud83d\udea8\ud83d\udea8\ud83d\udea8 Staging!!! Clinical Diagnostics \ud83d\udea8\ud83d\udea8\ud83d\udea8\",\"description\":\"A Division of the R-Biopharm Group\",\"potentialAction\":[{\"@type\":\"SearchAction\",\"target\":{\"@type\":\"EntryPoint\",\"urlTemplate\":\"https:\/\/devdevclinical.r-biopharm.com\/?s={search_term_string}\"},\"query-input\":\"required name=search_term_string\"}],\"inLanguage\":\"nl-NL\"}]}<\/script>\n<!-- \/ Yoast SEO plugin. -->","yoast_head_json":{"title":"Seksueel overdraagbare aandoeningen: Snelle diagnostische testen voor SOA'S","description":"Een seksueel overdraagbare aandoening kan worden veroorzaakt door diverse pathogenen. Wij bieden moderne testsystemen aan voor betrouwbare diagnostiek van seksueel overdraagbare aandoeningen.","robots":{"index":"noindex","follow":"follow","max-snippet":"max-snippet:-1","max-image-preview":"max-image-preview:large","max-video-preview":"max-video-preview:-1"},"og_locale":"nl_NL","og_type":"article","og_title":"Seksueel overdraagbare aandoeningen: Snelle diagnostische testen voor SOA'S","og_description":"Een seksueel overdraagbare aandoening kan worden veroorzaakt door diverse pathogenen. Wij bieden moderne testsystemen aan voor betrouwbare diagnostiek van seksueel overdraagbare aandoeningen.","og_url":"https:\/\/devclinical.r-biopharm.com\/nl\/indicatie\/seksueel-overdraagbare-aandoeningen\/","og_site_name":"\ud83d\udea8\ud83d\udea8\ud83d\udea8 Staging!!! Clinical Diagnostics \ud83d\udea8\ud83d\udea8\ud83d\udea8","article_modified_time":"2018-10-08T14:24:27+00:00","twitter_misc":{"Est. reading time":"3 minutes"},"schema":{"@context":"https:\/\/schema.org","@graph":[{"@type":"WebPage","@id":"https:\/\/devclinical.r-biopharm.com\/nl\/indicatie\/seksueel-overdraagbare-aandoeningen\/","url":"https:\/\/devclinical.r-biopharm.com\/nl\/indicatie\/seksueel-overdraagbare-aandoeningen\/","name":"Seksueel overdraagbare aandoeningen: Snelle diagnostische testen voor SOA'S","isPartOf":{"@id":"https:\/\/devdevclinical.r-biopharm.com\/#website"},"datePublished":"2015-10-05T09:44:28+00:00","dateModified":"2018-10-08T14:24:27+00:00","description":"Een seksueel overdraagbare aandoening kan worden veroorzaakt door diverse pathogenen. Wij bieden moderne testsystemen aan voor betrouwbare diagnostiek van seksueel overdraagbare aandoeningen.","breadcrumb":{"@id":"https:\/\/devclinical.r-biopharm.com\/nl\/indicatie\/seksueel-overdraagbare-aandoeningen\/#breadcrumb"},"inLanguage":"nl-NL","potentialAction":[{"@type":"ReadAction","target":["https:\/\/devclinical.r-biopharm.com\/nl\/indicatie\/seksueel-overdraagbare-aandoeningen\/"]}]},{"@type":"BreadcrumbList","@id":"https:\/\/devclinical.r-biopharm.com\/nl\/indicatie\/seksueel-overdraagbare-aandoeningen\/#breadcrumb","itemListElement":[{"@type":"ListItem","position":1,"name":"Home","item":"https:\/\/devclinical.r-biopharm.com\/nl\/"},{"@type":"ListItem","position":2,"name":"Indicatie","item":"https:\/\/devclinical.r-biopharm.com\/nl\/indicatie\/"},{"@type":"ListItem","position":3,"name":"Seksueel overdraagbare aandoeningen"}]},{"@type":"WebSite","@id":"https:\/\/devdevclinical.r-biopharm.com\/#website","url":"https:\/\/devdevclinical.r-biopharm.com\/","name":"\ud83d\udea8\ud83d\udea8\ud83d\udea8 Staging!!! Clinical Diagnostics \ud83d\udea8\ud83d\udea8\ud83d\udea8","description":"A Division of the R-Biopharm Group","potentialAction":[{"@type":"SearchAction","target":{"@type":"EntryPoint","urlTemplate":"https:\/\/devdevclinical.r-biopharm.com\/?s={search_term_string}"},"query-input":"required name=search_term_string"}],"inLanguage":"nl-NL"}]}},"_links":{"self":[{"href":"https:\/\/devclinical.r-biopharm.com\/nl\/wp-json\/wp\/v2\/pages\/90214"}],"collection":[{"href":"https:\/\/devclinical.r-biopharm.com\/nl\/wp-json\/wp\/v2\/pages"}],"about":[{"href":"https:\/\/devclinical.r-biopharm.com\/nl\/wp-json\/wp\/v2\/types\/page"}],"author":[{"embeddable":true,"href":"https:\/\/devclinical.r-biopharm.com\/nl\/wp-json\/wp\/v2\/users\/1"}],"replies":[{"embeddable":true,"href":"https:\/\/devclinical.r-biopharm.com\/nl\/wp-json\/wp\/v2\/comments?post=90214"}],"version-history":[{"count":12,"href":"https:\/\/devclinical.r-biopharm.com\/nl\/wp-json\/wp\/v2\/pages\/90214\/revisions"}],"predecessor-version":[{"id":91126,"href":"https:\/\/devclinical.r-biopharm.com\/nl\/wp-json\/wp\/v2\/pages\/90214\/revisions\/91126"}],"up":[{"embeddable":true,"href":"https:\/\/devclinical.r-biopharm.com\/nl\/wp-json\/wp\/v2\/pages\/90032"}],"wp:attachment":[{"href":"https:\/\/devclinical.r-biopharm.com\/nl\/wp-json\/wp\/v2\/media?parent=90214"}],"curies":[{"name":"wp","href":"https:\/\/api.w.org\/{rel}","templated":true}]}}