{"id":90363,"date":"2016-12-15T16:05:30","date_gmt":"2016-12-15T15:05:30","guid":{"rendered":"https:\/\/clinical.r-biopharm.com\/indicatie\/parasitaire-infecties\/"},"modified":"2019-07-08T15:21:10","modified_gmt":"2019-07-08T13:21:10","slug":"parasitaire-infecties","status":"publish","type":"page","link":"https:\/\/devclinical.r-biopharm.com\/nl\/indicatie\/parasitaire-infecties\/","title":{"rendered":"Parasitaire infecties"},"content":{"rendered":"<div class=\"wpb-content-wrapper\">[mk_page_section padding_top=&#8221;30&#8243; padding_bottom=&#8221;30&#8243; sidebar=&#8221;sidebar-1&#8243;][vc_column width=&#8221;2\/3&#8243;][vc_column_text]\n<div id=\"text-block-3\" class=\"mk-text-block \">\n<p><strong>Infecties met parasieten komen zeer vaak voor in gebieden met een tropisch klimaat, met malaria als meest voorkomende voorbeeld. In niet-tropische gebieden zijn de volgende parasitaire ziekten het meest karakteristiek: trichomoniasis, giardiasis, cryptosporidiose, amoebiasis en toxoplasmose.<\/strong><\/p>\n<p>Parasitaire infecties worden veroorzaakt door drie soorten organismen: protozo\u00ebn, wormen en ectoparasieten. Infecties met protozo\u00ebn kunnen bijvoorbeeld optreden door drinkwater met de cellen van het protozo\u00ebnorganisme of door voeding die niet voldoende verhit is. Giardia lamblia, Cryptosporidium parvum, Entamoeba histolytica en Dientamoeba fragilis zijn de belangrijkste protozo\u00ebn die diarree veroorzaken.<\/p>\n<p>Door de gemakkelijke verspreiding is een snelle en betrouwbare diagnose van een parasitaire infectie in een vroeg stadium cruciaal voor een effectieve behandeling. Immunoassays en moleculaire diagnostiek maken het mogelijk om parasitaire infecties eerder te detecteren en te differenti\u00ebren dan met traditionele methoden, zoals microscopie.<\/p>\n<h3>Innovatieve diagnostische oplossingen voor parasitologie<\/h3>\n<p>R-Biopharm biedt diverse technologie\u00ebn voor parasitologie die voldoen aan de diagnostische en organisatorische behoeften van kleine tot grote laboratoria, waaronder:<\/p>\n<\/div>\n[\/vc_column_text][mk_custom_list style=&#8221;mk-moon-circle-small&#8221;]\n<ul>\n<li>Rapid tests in de vorm van een cassette of een dipstick \u2013 een directe, eenvoudige, snelle en gevoelige methode voor de detectie van virale antigenen in kleine monstersets<\/li>\n<li>Real-time PCR-testkits die geschikt zijn voor verschillende open-platformcyclers<\/li>\n<li>Enzym-immunoassays gevalideerd voor automatiseringsplatformen<\/li>\n<\/ul>\n[\/mk_custom_list][vc_column_text]U kunt uit verschillende diagnostische systemen kiezen om op een verscheidenheid aan parasieten te testen, waaronder Entamoeba, Giardia en Cryptosporidium. Om een snelle detectie van meer parasieten door real-time PCR mogelijk te maken, bieden we ook RIDA\u00aeGENE Parasitic-fecespanelen aan.[\/vc_column_text][\/vc_column][vc_column width=&#8221;1\/3&#8243;][vc_column_text margin_bottom=&#8221;20&#8243;]\n<h3 style=\"margin-bottom: 25px;\">Kies een technologie<\/h3>\n<div class=\"facetwp-facet facetwp-facet-technology_fselect facetwp-type-fselect\" data-name=\"technology_fselect\" data-type=\"fselect\"><\/div>[\/vc_column_text][vc_column_text margin_bottom=&#8221;20&#8243;]\n<h3 style=\"margin-bottom: 25px;\">Kies een diagnostisch gebied<\/h3>\n<div class=\"facetwp-facet facetwp-facet-diagnostics_fselect facetwp-type-fselect\" data-name=\"diagnostics_fselect\" data-type=\"fselect\"><\/div>[\/vc_column_text][vc_column_text margin_bottom=&#8221;40&#8243;]\n<h3 style=\"margin-bottom: 25px;\">Kies uw product voor parasitaire infecties<\/h3>\n<div class=\"facetwp-template\" data-name=\"parasitic-infections\"><ul class=\"product_facets\"><\/ul><\/div>[\/vc_column_text][\/vc_column][\/mk_page_section][mk_page_section bg_color=&#8221;#f7f7f7&#8243; padding_top=&#8221;0&#8243; padding_bottom=&#8221;0&#8243; sidebar=&#8221;sidebar-1&#8243;][vc_column css=&#8221;.vc_custom_1469015765963{margin-top: 25px !important;padding-bottom: 5px !important;}&#8221;][vc_column_text margin_bottom=&#8221;20&#8243; css=&#8221;.vc_custom_1530179502907{margin-bottom: 20px !important;}&#8221;]\n<h2 class=\"knubbel\">Recent nieuws<\/h2>\n[\/vc_column_text][mk_blog_carousel cat=&#8221;225&#8243;][\/vc_column][\/mk_page_section][mk_page_section bg_color=&#8221;#ffffff&#8221; padding_top=&#8221;0&#8243; sidebar=&#8221;sidebar-1&#8243;][vc_column css=&#8221;.vc_custom_1467042052405{margin-top: 40px !important;}&#8221;][vc_column_text margin_bottom=&#8221;20&#8243;]\n<h2 class=\"knubbel\">U bent misschien ook ge\u00efnteresseerd in<\/h2>\n[\/vc_column_text][vc_row_inner css=&#8221;.vc_custom_1468404266697{margin-bottom: 40px !important;}&#8221;][vc_column_inner width=&#8221;1\/3&#8243; css=&#8221;.vc_custom_1468416557833{padding-bottom: 10px !important;padding-left: 0px !important;}&#8221;][mk_flipbox_rb taxonomy=&#8221;indication&#8221; tag_indication=&#8221;parasitic-infections&#8221; min_height=&#8221;200&#8243; button_bg_color=&#8221;#4d4d4d&#8221; button_bg_hover_color=&#8221;#ffffff&#8221; button_text=&#8221;More&#8221;][\/vc_column_inner][vc_column_inner width=&#8221;1\/3&#8243; css=&#8221;.vc_custom_1468416552613{padding-right: 7.5px !important;padding-bottom: 10px !important;padding-left: 7.5px !important;}&#8221;][mk_flipbox_rb taxonomy=&#8221;indication&#8221; tag_indication=&#8221;parasitic-infections&#8221; offset=&#8221;1&#8243; min_height=&#8221;200&#8243; button_bg_color=&#8221;#4d4d4d&#8221; button_bg_hover_color=&#8221;#ffffff&#8221; button_text=&#8221;More&#8221;][\/vc_column_inner][vc_column_inner width=&#8221;1\/3&#8243; css=&#8221;.vc_custom_1468416547451{padding-right: 0px !important;padding-bottom: 10px !important;}&#8221;][mk_flipbox_rb taxonomy=&#8221;indication&#8221; tag_indication=&#8221;parasitic-infections&#8221; offset=&#8221;1&#8243; min_height=&#8221;200&#8243; button_bg_color=&#8221;#4d4d4d&#8221; button_bg_hover_color=&#8221;#ffffff&#8221; button_text=&#8221;More&#8221;][\/vc_column_inner][\/vc_row_inner][\/vc_column][\/mk_page_section][mk_page_section bg_color=&#8221;#f7f7f7&#8243; padding_top=&#8221;20&#8243; padding_bottom=&#8221;20&#8243; sidebar=&#8221;sidebar-1&#8243;][vc_column css=&#8221;.vc_custom_1468415774645{padding-top: 0px !important;padding-bottom: 0px !important;}&#8221;][vc_column_text disable_pattern=&#8221;false&#8221; align=&#8221;center&#8221;]\n<h2>Ondersteuning voor parasitaire infecties<\/h2>\n<p>Vragen? Maak gebruik van de expertise van ons team. Wij zijn er om u en uw organisatie tijdens het hele testproces te ondersteunen om uw succes te garanderen.[\/vc_column_text][mk_button dimension=&#8221;flat&#8221; url=&#8221;\/nl\/contact\/&#8221; align=&#8221;center&#8221; margin_bottom=&#8221;&#8221; bg_color=&#8221;#4d4d4d&#8221; btn_hover_bg=&#8221;#ffffff&#8221; btn_hover_txt_color=&#8221;#4d4d4d&#8221;]Neem contact met ons op[\/mk_button][\/vc_column][\/mk_page_section]\n<\/div>","protected":false},"excerpt":{"rendered":"<p>[mk_page_section padding_top=&#8221;30&#8243; padding_bottom=&#8221;30&#8243; sidebar=&#8221;sidebar-1&#8243;][vc_column width=&#8221;2\/3&#8243;][vc_column_text] Infecties met parasieten komen zeer vaak voor in gebieden met een tropisch klimaat, met malaria als meest voorkomende voorbeeld. In niet-tropische gebieden zijn de volgende parasitaire ziekten het meest karakteristiek: trichomoniasis, giardiasis, cryptosporidiose, amoebiasis en toxoplasmose. Parasitaire infecties worden veroorzaakt door drie soorten organismen: protozo\u00ebn, wormen en ectoparasieten. Infecties met [&hellip;]<\/p>\n","protected":false},"author":1,"featured_media":0,"parent":90032,"menu_order":0,"comment_status":"closed","ping_status":"closed","template":"","meta":{"content-type":"","_relevanssi_hide_post":"","_relevanssi_hide_content":"","_relevanssi_pin_for_all":"","_relevanssi_pin_keywords":"","_relevanssi_unpin_keywords":"","_relevanssi_related_keywords":"","_relevanssi_related_include_ids":"","_relevanssi_related_exclude_ids":"","_relevanssi_related_no_append":"","_relevanssi_related_not_related":"","_relevanssi_related_posts":"","_relevanssi_noindex_reason":"","footnotes":""},"acf":[],"yoast_head":"<!-- This site is optimized with the Yoast SEO plugin v21.9 - https:\/\/yoast.com\/wordpress\/plugins\/seo\/ -->\n<title>Parasitaire infecties: Oplossingen voor infectiediagnostiek<\/title>\n<meta name=\"robots\" content=\"noindex, follow, max-snippet:-1, max-image-preview:large, max-video-preview:-1\" \/>\n<meta property=\"og:locale\" content=\"nl_NL\" \/>\n<meta property=\"og:type\" content=\"article\" \/>\n<meta property=\"og:title\" content=\"Parasitaire infecties: Oplossingen voor infectiediagnostiek\" \/>\n<meta property=\"og:description\" content=\"[mk_page_section padding_top=&#8221;30&#8243; padding_bottom=&#8221;30&#8243; sidebar=&#8221;sidebar-1&#8243;][vc_column width=&#8221;2\/3&#8243;][vc_column_text] Infecties met parasieten komen zeer vaak voor in gebieden met een tropisch klimaat, met malaria als meest voorkomende voorbeeld. In niet-tropische gebieden zijn de volgende parasitaire ziekten het meest karakteristiek: trichomoniasis, giardiasis, cryptosporidiose, amoebiasis en toxoplasmose. Parasitaire infecties worden veroorzaakt door drie soorten organismen: protozo\u00ebn, wormen en ectoparasieten. Infecties met [&hellip;]\" \/>\n<meta property=\"og:url\" content=\"https:\/\/devclinical.r-biopharm.com\/nl\/indicatie\/parasitaire-infecties\/\" \/>\n<meta property=\"og:site_name\" content=\"\ud83d\udea8\ud83d\udea8\ud83d\udea8 Staging!!! Clinical Diagnostics \ud83d\udea8\ud83d\udea8\ud83d\udea8\" \/>\n<meta property=\"article:modified_time\" content=\"2019-07-08T13:21:10+00:00\" \/>\n<meta name=\"twitter:label1\" content=\"Est. reading time\" \/>\n\t<meta name=\"twitter:data1\" content=\"3 minutes\" \/>\n<script type=\"application\/ld+json\" class=\"yoast-schema-graph\">{\"@context\":\"https:\/\/schema.org\",\"@graph\":[{\"@type\":\"WebPage\",\"@id\":\"https:\/\/devclinical.r-biopharm.com\/nl\/indicatie\/parasitaire-infecties\/\",\"url\":\"https:\/\/devclinical.r-biopharm.com\/nl\/indicatie\/parasitaire-infecties\/\",\"name\":\"Parasitaire infecties: Oplossingen voor infectiediagnostiek\",\"isPartOf\":{\"@id\":\"https:\/\/devdevclinical.r-biopharm.com\/#website\"},\"datePublished\":\"2016-12-15T15:05:30+00:00\",\"dateModified\":\"2019-07-08T13:21:10+00:00\",\"breadcrumb\":{\"@id\":\"https:\/\/devclinical.r-biopharm.com\/nl\/indicatie\/parasitaire-infecties\/#breadcrumb\"},\"inLanguage\":\"nl-NL\",\"potentialAction\":[{\"@type\":\"ReadAction\",\"target\":[\"https:\/\/devclinical.r-biopharm.com\/nl\/indicatie\/parasitaire-infecties\/\"]}]},{\"@type\":\"BreadcrumbList\",\"@id\":\"https:\/\/devclinical.r-biopharm.com\/nl\/indicatie\/parasitaire-infecties\/#breadcrumb\",\"itemListElement\":[{\"@type\":\"ListItem\",\"position\":1,\"name\":\"Home\",\"item\":\"https:\/\/devclinical.r-biopharm.com\/nl\/\"},{\"@type\":\"ListItem\",\"position\":2,\"name\":\"Indicatie\",\"item\":\"https:\/\/devclinical.r-biopharm.com\/nl\/indicatie\/\"},{\"@type\":\"ListItem\",\"position\":3,\"name\":\"Parasitaire infecties\"}]},{\"@type\":\"WebSite\",\"@id\":\"https:\/\/devdevclinical.r-biopharm.com\/#website\",\"url\":\"https:\/\/devdevclinical.r-biopharm.com\/\",\"name\":\"\ud83d\udea8\ud83d\udea8\ud83d\udea8 Staging!!! Clinical Diagnostics \ud83d\udea8\ud83d\udea8\ud83d\udea8\",\"description\":\"A Division of the R-Biopharm Group\",\"potentialAction\":[{\"@type\":\"SearchAction\",\"target\":{\"@type\":\"EntryPoint\",\"urlTemplate\":\"https:\/\/devdevclinical.r-biopharm.com\/?s={search_term_string}\"},\"query-input\":\"required name=search_term_string\"}],\"inLanguage\":\"nl-NL\"}]}<\/script>\n<!-- \/ Yoast SEO plugin. -->","yoast_head_json":{"title":"Parasitaire infecties: Oplossingen voor infectiediagnostiek","robots":{"index":"noindex","follow":"follow","max-snippet":"max-snippet:-1","max-image-preview":"max-image-preview:large","max-video-preview":"max-video-preview:-1"},"og_locale":"nl_NL","og_type":"article","og_title":"Parasitaire infecties: Oplossingen voor infectiediagnostiek","og_description":"[mk_page_section padding_top=&#8221;30&#8243; padding_bottom=&#8221;30&#8243; sidebar=&#8221;sidebar-1&#8243;][vc_column width=&#8221;2\/3&#8243;][vc_column_text] Infecties met parasieten komen zeer vaak voor in gebieden met een tropisch klimaat, met malaria als meest voorkomende voorbeeld. In niet-tropische gebieden zijn de volgende parasitaire ziekten het meest karakteristiek: trichomoniasis, giardiasis, cryptosporidiose, amoebiasis en toxoplasmose. Parasitaire infecties worden veroorzaakt door drie soorten organismen: protozo\u00ebn, wormen en ectoparasieten. Infecties met [&hellip;]","og_url":"https:\/\/devclinical.r-biopharm.com\/nl\/indicatie\/parasitaire-infecties\/","og_site_name":"\ud83d\udea8\ud83d\udea8\ud83d\udea8 Staging!!! Clinical Diagnostics \ud83d\udea8\ud83d\udea8\ud83d\udea8","article_modified_time":"2019-07-08T13:21:10+00:00","twitter_misc":{"Est. reading time":"3 minutes"},"schema":{"@context":"https:\/\/schema.org","@graph":[{"@type":"WebPage","@id":"https:\/\/devclinical.r-biopharm.com\/nl\/indicatie\/parasitaire-infecties\/","url":"https:\/\/devclinical.r-biopharm.com\/nl\/indicatie\/parasitaire-infecties\/","name":"Parasitaire infecties: Oplossingen voor infectiediagnostiek","isPartOf":{"@id":"https:\/\/devdevclinical.r-biopharm.com\/#website"},"datePublished":"2016-12-15T15:05:30+00:00","dateModified":"2019-07-08T13:21:10+00:00","breadcrumb":{"@id":"https:\/\/devclinical.r-biopharm.com\/nl\/indicatie\/parasitaire-infecties\/#breadcrumb"},"inLanguage":"nl-NL","potentialAction":[{"@type":"ReadAction","target":["https:\/\/devclinical.r-biopharm.com\/nl\/indicatie\/parasitaire-infecties\/"]}]},{"@type":"BreadcrumbList","@id":"https:\/\/devclinical.r-biopharm.com\/nl\/indicatie\/parasitaire-infecties\/#breadcrumb","itemListElement":[{"@type":"ListItem","position":1,"name":"Home","item":"https:\/\/devclinical.r-biopharm.com\/nl\/"},{"@type":"ListItem","position":2,"name":"Indicatie","item":"https:\/\/devclinical.r-biopharm.com\/nl\/indicatie\/"},{"@type":"ListItem","position":3,"name":"Parasitaire infecties"}]},{"@type":"WebSite","@id":"https:\/\/devdevclinical.r-biopharm.com\/#website","url":"https:\/\/devdevclinical.r-biopharm.com\/","name":"\ud83d\udea8\ud83d\udea8\ud83d\udea8 Staging!!! Clinical Diagnostics \ud83d\udea8\ud83d\udea8\ud83d\udea8","description":"A Division of the R-Biopharm Group","potentialAction":[{"@type":"SearchAction","target":{"@type":"EntryPoint","urlTemplate":"https:\/\/devdevclinical.r-biopharm.com\/?s={search_term_string}"},"query-input":"required name=search_term_string"}],"inLanguage":"nl-NL"}]}},"_links":{"self":[{"href":"https:\/\/devclinical.r-biopharm.com\/nl\/wp-json\/wp\/v2\/pages\/90363"}],"collection":[{"href":"https:\/\/devclinical.r-biopharm.com\/nl\/wp-json\/wp\/v2\/pages"}],"about":[{"href":"https:\/\/devclinical.r-biopharm.com\/nl\/wp-json\/wp\/v2\/types\/page"}],"author":[{"embeddable":true,"href":"https:\/\/devclinical.r-biopharm.com\/nl\/wp-json\/wp\/v2\/users\/1"}],"replies":[{"embeddable":true,"href":"https:\/\/devclinical.r-biopharm.com\/nl\/wp-json\/wp\/v2\/comments?post=90363"}],"version-history":[{"count":15,"href":"https:\/\/devclinical.r-biopharm.com\/nl\/wp-json\/wp\/v2\/pages\/90363\/revisions"}],"predecessor-version":[{"id":97393,"href":"https:\/\/devclinical.r-biopharm.com\/nl\/wp-json\/wp\/v2\/pages\/90363\/revisions\/97393"}],"up":[{"embeddable":true,"href":"https:\/\/devclinical.r-biopharm.com\/nl\/wp-json\/wp\/v2\/pages\/90032"}],"wp:attachment":[{"href":"https:\/\/devclinical.r-biopharm.com\/nl\/wp-json\/wp\/v2\/media?parent=90363"}],"curies":[{"name":"wp","href":"https:\/\/api.w.org\/{rel}","templated":true}]}}