{"id":90364,"date":"2017-06-23T14:07:43","date_gmt":"2017-06-23T12:07:43","guid":{"rendered":"https:\/\/clinical.r-biopharm.com\/diagnostiek\/allergologie\/type-i-allergieen\/"},"modified":"2019-10-28T10:42:16","modified_gmt":"2019-10-28T09:42:16","slug":"type-i-allergieen","status":"publish","type":"page","link":"https:\/\/devclinical.r-biopharm.com\/nl\/diagnostiek\/allergologie\/type-i-allergieen\/","title":{"rendered":"Type I-allergie\u00ebn"},"content":{"rendered":"<div class=\"wpb-content-wrapper\">[mk_page_section padding_top=&#8221;30&#8243; padding_bottom=&#8221;30&#8243; sidebar=&#8221;sidebar-1&#8243;][vc_column width=&#8221;2\/3&#8243;][vc_column_text]<strong>Allergie\u00ebn komen wereldwijd steeds meer voor. Aangenomen wordt dat in Europa tot 15% van de bevolking eraan lijdt. Allergiespecifieke laboratoriumtesten zijn nu onmisbare hulpmiddelen voor de diagnostiek van allergie\u00ebn. <\/strong><\/p>\n<p>Pati\u00ebnten vertonen vaak een breed scala aan vari\u00ebrende symptomen en sensibiliseringspatronen tegen verscheidene allergenen. Het is noodzakelijk om het bloed van een pati\u00ebnt te testen wanneer een allergische respons of ernstige reactie wordt vermoed. De allergiediagnostiek van R-Biopharm biedt twee kwantitatieve testmethoden voor antistofdetectie: de enzym-immunoassay (RIDASCREEN\u00ae Allergy ELISA) en de immunoblot (RIDA qLine\u00ae Allergy).<\/p>\n<h3 class=\"knubbel\">RIDASCREEN\u00ae Allergy ELISA \u2013 enzym-immunoassay voor de detectie van allergeenspecifieke IgE\/IgG-antilichamen<\/h3>\n<p>De RIDASCREEN\u00ae Allergy ELISA voor de bepaling van respectievelijk het totale en specifieke IgE en het specifieke IgG is een enzym-immunoassay waarin de allergenen voor de detectie van specifiek IgE\/IgG covalent zijn gebonden aan celluloseschijven. Aangezien de allergeendiagnostiek flexibele en individuele oplossingen vereist met betrekking tot de productsamenstelling, biedt R-Biopharm AG een breed assortiment van producten aan die speciaal zijn ontworpen voor deze verschillende behoeften:[\/vc_column_text][mk_custom_list style=&#8221;mk-moon-circle-small&#8221;]\n<ul>\n<li>Totaal IgE<\/li>\n<li>Allergy Basic \u2013 te breken 8-wells strips<\/li>\n<li>Allergy Advance \u2013 aangepast paneel van 8 allergenen in 8-wells strips<\/li>\n<li>Allergy Active \u2013 voorgeladen microtiterplaat met aangepaste allergeensamenstelling<\/li>\n<\/ul>\n[\/mk_custom_list][vc_column_text]\n<h3 class=\"knubbel\">RIDA qLine\u00ae Allergy \u2013 allergiepanelen voor kwantitatieve analyse van specifiek IgE in humaan serum of plasma<\/h3>\n<p>De meest algemeen gebruikte in-vitro testsystemen voor allergiediagnostiek zijn tegenwoordig ofwel duurdere kwantitatieve testen voor een enkelvoudig allergeen, dan wel goedkopere en gemakkelijk te hanteren semikwantitatieve paneeltestsystemen. R-Biopharm AG ging de uitdaging aan om een geavanceerd in-vitro testsysteem voor allergie\u00ebn te ontwikkelen dat een kwantitatieve bepaling combineert met een zeer economische en gemakkelijke uitvoering.[\/vc_column_text][mk_custom_list style=&#8221;mk-moon-circle-small&#8221;]\n<ul>\n<li>Kwantitatief \u2013 standaardcurve op elke strip<\/li>\n<li>Economisch \u2013 allergeenpanelen met maximaal 20 allergenen voor effectieve diagnostiek<\/li>\n<li>Betrouwbaar \u2013 standaardcurve gekalibreerd tegen de \u201c2nd WHO IRP 75\/502 for human IgE\u201d<\/li>\n<li>Aangepast \u2013 klantspecifieke allergeensamenstellingen voor flexibele en individuele diagnostiek<\/li>\n<li>Individueel \u2013 software-evaluatie met individueel te ontwerpen rapport<\/li>\n<\/ul>\n[\/mk_custom_list][vc_cta h2=&#8221;Meer informatie&#8221; shape=&#8221;square&#8221; style=&#8221;flat&#8221; color=&#8221;grey&#8221; add_button=&#8221;right&#8221; btn_title=&#8221;Downloaden&#8221; btn_style=&#8221;flat&#8221; btn_shape=&#8221;square&#8221; btn_color=&#8221;inverse&#8221; btn_link=&#8221;url:https%3A%2F%2Fdevclinical.r-biopharm.com%2Fwp-content%2Fuploads%2Fsites%2F3%2F2017-08_allergy_rida-qline_12p_en_lores.pdf|target:%20_blank|&#8221;]U vindt meer informatie over onze RIDA qLine\u00ae Allergy kits in onze gratis brochure.[\/vc_cta][\/vc_column][vc_column width=&#8221;1\/3&#8243;][vc_column_text margin_bottom=&#8221;20&#8243;]\n<h3 style=\"margin-bottom: 25px;\">Kies een indicatie<\/h3>\n<div class=\"facetwp-facet facetwp-facet-indication_fselect facetwp-type-fselect\" data-name=\"indication_fselect\" data-type=\"fselect\"><\/div>[\/vc_column_text][vc_column_text margin_bottom=&#8221;20&#8243;]\n<h3 style=\"margin-bottom: 25px;\">Kies een technologie<\/h3>\n<div class=\"facetwp-facet facetwp-facet-technology_fselect facetwp-type-fselect\" data-name=\"technology_fselect\" data-type=\"fselect\"><\/div>[\/vc_column_text][vc_column_text margin_bottom=&#8221;40&#8243;]\n<h3 style=\"margin-bottom: 25px;\"><\/h3>\n<h3 style=\"margin-bottom: 25px;\">Kies uw allergologieproduct<\/h3>\n<div class=\"facetwp-template\" data-name=\"allergology\"><ul class=\"product_facets\"><\/ul><\/div>[\/vc_column_text][\/vc_column][\/mk_page_section][mk_page_section bg_color=&#8221;#f7f7f7&#8243; padding_top=&#8221;0&#8243; padding_bottom=&#8221;0&#8243; sidebar=&#8221;sidebar-1&#8243;][vc_column css=&#8221;.vc_custom_1469015765963{margin-top: 25px !important;padding-bottom: 5px !important;}&#8221;][vc_column_text margin_bottom=&#8221;20&#8243;]\n<h2 class=\"knubbel\">Recent allergologienieuws<\/h2>\n[\/vc_column_text][mk_blog_carousel cat=&#8221;221&#8243;][\/vc_column][\/mk_page_section][mk_page_section bg_color=&#8221;#ffffff&#8221; padding_top=&#8221;0&#8243; sidebar=&#8221;sidebar-1&#8243;][vc_column css=&#8221;.vc_custom_1467042052405{margin-top: 40px !important;}&#8221;][vc_column_text margin_bottom=&#8221;20&#8243;]\n<h2 class=\"knubbel\">U bent misschien ook ge\u00efnteresseerd in<\/h2>\n[\/vc_column_text][vc_row_inner css=&#8221;.vc_custom_1468404266697{margin-bottom: 40px !important;}&#8221;][vc_column_inner width=&#8221;1\/3&#8243; css=&#8221;.vc_custom_1468416557833{padding-bottom: 10px !important;padding-left: 0px !important;}&#8221;][mk_flipbox_rb taxonomy=&#8221;diagnostic&#8221; tag_diagnostics=&#8221;allergology&#8221; min_height=&#8221;200&#8243; button_bg_color=&#8221;#4d4d4d&#8221; button_bg_hover_color=&#8221;#ffffff&#8221; button_text=&#8221;More information&#8221;][\/vc_column_inner][vc_column_inner width=&#8221;1\/3&#8243; css=&#8221;.vc_custom_1468416552613{padding-right: 7.5px !important;padding-bottom: 10px !important;padding-left: 7.5px !important;}&#8221;][mk_flipbox_rb taxonomy=&#8221;diagnostic&#8221; tag_diagnostics=&#8221;allergology&#8221; offset=&#8221;1&#8243; min_height=&#8221;200&#8243; button_bg_color=&#8221;#4d4d4d&#8221; button_bg_hover_color=&#8221;#ffffff&#8221; button_text=&#8221;More information&#8221;][\/vc_column_inner][vc_column_inner width=&#8221;1\/3&#8243; css=&#8221;.vc_custom_1468416547451{padding-right: 0px !important;padding-bottom: 10px !important;}&#8221;][mk_flipbox_rb taxonomy=&#8221;diagnostic&#8221; tag_diagnostics=&#8221;allergology&#8221; offset=&#8221;2&#8243; min_height=&#8221;200&#8243; button_bg_color=&#8221;#4d4d4d&#8221; button_bg_hover_color=&#8221;#ffffff&#8221; button_text=&#8221;More information&#8221;][\/vc_column_inner][\/vc_row_inner][\/vc_column][\/mk_page_section][mk_page_section bg_color=&#8221;#f7f7f7&#8243; padding_top=&#8221;20&#8243; padding_bottom=&#8221;20&#8243; sidebar=&#8221;sidebar-1&#8243;][vc_column css=&#8221;.vc_custom_1468415774645{padding-top: 0px !important;padding-bottom: 0px !important;}&#8221;][vc_column_text disable_pattern=&#8221;false&#8221; align=&#8221;center&#8221;]\n<h2>Allergologische ondersteuning<\/h2>\n<p>Vragen? Maak gebruik van de expertise van ons team. Wij zijn er om u en uw organisatie tijdens het hele testproces te ondersteunen om uw succes te garanderen.[\/vc_column_text][mk_button dimension=&#8221;flat&#8221; url=&#8221;\/contact&#8221; align=&#8221;center&#8221; margin_bottom=&#8221;&#8221; bg_color=&#8221;#4d4d4d&#8221; btn_hover_bg=&#8221;#ffffff&#8221; btn_hover_txt_color=&#8221;#4d4d4d&#8221;]Neem contact met ons op[\/mk_button][\/vc_column][\/mk_page_section]\n<\/div>","protected":false},"excerpt":{"rendered":"<p>[mk_page_section padding_top=&#8221;30&#8243; padding_bottom=&#8221;30&#8243; sidebar=&#8221;sidebar-1&#8243;][vc_column width=&#8221;2\/3&#8243;][vc_column_text]Allergie\u00ebn komen wereldwijd steeds meer voor. Aangenomen wordt dat in Europa tot 15% van de bevolking eraan lijdt. Allergiespecifieke laboratoriumtesten zijn nu onmisbare hulpmiddelen voor de diagnostiek van allergie\u00ebn. Pati\u00ebnten vertonen vaak een breed scala aan vari\u00ebrende symptomen en sensibiliseringspatronen tegen verscheidene allergenen. Het is noodzakelijk om het bloed van een [&hellip;]<\/p>\n","protected":false},"author":27,"featured_media":0,"parent":90089,"menu_order":0,"comment_status":"closed","ping_status":"closed","template":"","meta":{"content-type":"","_relevanssi_hide_post":"","_relevanssi_hide_content":"","_relevanssi_pin_for_all":"","_relevanssi_pin_keywords":"","_relevanssi_unpin_keywords":"","_relevanssi_related_keywords":"","_relevanssi_related_include_ids":"","_relevanssi_related_exclude_ids":"","_relevanssi_related_no_append":"","_relevanssi_related_not_related":"","_relevanssi_related_posts":"","_relevanssi_noindex_reason":"","footnotes":""},"acf":[],"yoast_head":"<!-- This site is optimized with the Yoast SEO plugin v21.9 - https:\/\/yoast.com\/wordpress\/plugins\/seo\/ -->\n<title>Allergiediagnostiek: Betrouwbare testen voor de diagnostiek van allergie\u00ebn<\/title>\n<meta name=\"description\" content=\"Steeds meer mensen lijden aan allergie\u00ebn. Wij bieden geavanceerde testmethoden voor IgE- en IgG-antilichaamdetectie in bloed \u2013 nauwkeurig en betrouwbaar.\" \/>\n<meta name=\"robots\" content=\"noindex, follow, max-snippet:-1, max-image-preview:large, max-video-preview:-1\" \/>\n<meta property=\"og:locale\" content=\"nl_NL\" \/>\n<meta property=\"og:type\" content=\"article\" \/>\n<meta property=\"og:title\" content=\"Allergiediagnostiek: Betrouwbare testen voor de diagnostiek van allergie\u00ebn\" \/>\n<meta property=\"og:description\" content=\"Steeds meer mensen lijden aan allergie\u00ebn. Wij bieden geavanceerde testmethoden voor IgE- en IgG-antilichaamdetectie in bloed \u2013 nauwkeurig en betrouwbaar.\" \/>\n<meta property=\"og:url\" content=\"https:\/\/devclinical.r-biopharm.com\/nl\/diagnostiek\/allergologie\/type-i-allergieen\/\" \/>\n<meta property=\"og:site_name\" content=\"\ud83d\udea8\ud83d\udea8\ud83d\udea8 Staging!!! Clinical Diagnostics \ud83d\udea8\ud83d\udea8\ud83d\udea8\" \/>\n<meta property=\"article:modified_time\" content=\"2019-10-28T09:42:16+00:00\" \/>\n<meta name=\"twitter:label1\" content=\"Est. reading time\" \/>\n\t<meta name=\"twitter:data1\" content=\"4 minutes\" \/>\n<script type=\"application\/ld+json\" class=\"yoast-schema-graph\">{\"@context\":\"https:\/\/schema.org\",\"@graph\":[{\"@type\":\"WebPage\",\"@id\":\"https:\/\/devclinical.r-biopharm.com\/nl\/diagnostiek\/allergologie\/type-i-allergieen\/\",\"url\":\"https:\/\/devclinical.r-biopharm.com\/nl\/diagnostiek\/allergologie\/type-i-allergieen\/\",\"name\":\"Allergiediagnostiek: Betrouwbare testen voor de diagnostiek van allergie\u00ebn\",\"isPartOf\":{\"@id\":\"https:\/\/devdevclinical.r-biopharm.com\/#website\"},\"datePublished\":\"2017-06-23T12:07:43+00:00\",\"dateModified\":\"2019-10-28T09:42:16+00:00\",\"description\":\"Steeds meer mensen lijden aan allergie\u00ebn. Wij bieden geavanceerde testmethoden voor IgE- en IgG-antilichaamdetectie in bloed \u2013 nauwkeurig en betrouwbaar.\",\"breadcrumb\":{\"@id\":\"https:\/\/devclinical.r-biopharm.com\/nl\/diagnostiek\/allergologie\/type-i-allergieen\/#breadcrumb\"},\"inLanguage\":\"nl-NL\",\"potentialAction\":[{\"@type\":\"ReadAction\",\"target\":[\"https:\/\/devclinical.r-biopharm.com\/nl\/diagnostiek\/allergologie\/type-i-allergieen\/\"]}]},{\"@type\":\"BreadcrumbList\",\"@id\":\"https:\/\/devclinical.r-biopharm.com\/nl\/diagnostiek\/allergologie\/type-i-allergieen\/#breadcrumb\",\"itemListElement\":[{\"@type\":\"ListItem\",\"position\":1,\"name\":\"Home\",\"item\":\"https:\/\/devclinical.r-biopharm.com\/nl\/\"},{\"@type\":\"ListItem\",\"position\":2,\"name\":\"Diagnostiek\",\"item\":\"https:\/\/devclinical.r-biopharm.com\/nl\/diagnostiek\/\"},{\"@type\":\"ListItem\",\"position\":3,\"name\":\"Allergologie\",\"item\":\"https:\/\/devclinical.r-biopharm.com\/nl\/diagnostiek\/allergologie\/\"},{\"@type\":\"ListItem\",\"position\":4,\"name\":\"Type I-allergie\u00ebn\"}]},{\"@type\":\"WebSite\",\"@id\":\"https:\/\/devdevclinical.r-biopharm.com\/#website\",\"url\":\"https:\/\/devdevclinical.r-biopharm.com\/\",\"name\":\"\ud83d\udea8\ud83d\udea8\ud83d\udea8 Staging!!! Clinical Diagnostics \ud83d\udea8\ud83d\udea8\ud83d\udea8\",\"description\":\"A Division of the R-Biopharm Group\",\"potentialAction\":[{\"@type\":\"SearchAction\",\"target\":{\"@type\":\"EntryPoint\",\"urlTemplate\":\"https:\/\/devdevclinical.r-biopharm.com\/?s={search_term_string}\"},\"query-input\":\"required name=search_term_string\"}],\"inLanguage\":\"nl-NL\"}]}<\/script>\n<!-- \/ Yoast SEO plugin. -->","yoast_head_json":{"title":"Allergiediagnostiek: Betrouwbare testen voor de diagnostiek van allergie\u00ebn","description":"Steeds meer mensen lijden aan allergie\u00ebn. Wij bieden geavanceerde testmethoden voor IgE- en IgG-antilichaamdetectie in bloed \u2013 nauwkeurig en betrouwbaar.","robots":{"index":"noindex","follow":"follow","max-snippet":"max-snippet:-1","max-image-preview":"max-image-preview:large","max-video-preview":"max-video-preview:-1"},"og_locale":"nl_NL","og_type":"article","og_title":"Allergiediagnostiek: Betrouwbare testen voor de diagnostiek van allergie\u00ebn","og_description":"Steeds meer mensen lijden aan allergie\u00ebn. Wij bieden geavanceerde testmethoden voor IgE- en IgG-antilichaamdetectie in bloed \u2013 nauwkeurig en betrouwbaar.","og_url":"https:\/\/devclinical.r-biopharm.com\/nl\/diagnostiek\/allergologie\/type-i-allergieen\/","og_site_name":"\ud83d\udea8\ud83d\udea8\ud83d\udea8 Staging!!! Clinical Diagnostics \ud83d\udea8\ud83d\udea8\ud83d\udea8","article_modified_time":"2019-10-28T09:42:16+00:00","twitter_misc":{"Est. reading time":"4 minutes"},"schema":{"@context":"https:\/\/schema.org","@graph":[{"@type":"WebPage","@id":"https:\/\/devclinical.r-biopharm.com\/nl\/diagnostiek\/allergologie\/type-i-allergieen\/","url":"https:\/\/devclinical.r-biopharm.com\/nl\/diagnostiek\/allergologie\/type-i-allergieen\/","name":"Allergiediagnostiek: Betrouwbare testen voor de diagnostiek van allergie\u00ebn","isPartOf":{"@id":"https:\/\/devdevclinical.r-biopharm.com\/#website"},"datePublished":"2017-06-23T12:07:43+00:00","dateModified":"2019-10-28T09:42:16+00:00","description":"Steeds meer mensen lijden aan allergie\u00ebn. Wij bieden geavanceerde testmethoden voor IgE- en IgG-antilichaamdetectie in bloed \u2013 nauwkeurig en betrouwbaar.","breadcrumb":{"@id":"https:\/\/devclinical.r-biopharm.com\/nl\/diagnostiek\/allergologie\/type-i-allergieen\/#breadcrumb"},"inLanguage":"nl-NL","potentialAction":[{"@type":"ReadAction","target":["https:\/\/devclinical.r-biopharm.com\/nl\/diagnostiek\/allergologie\/type-i-allergieen\/"]}]},{"@type":"BreadcrumbList","@id":"https:\/\/devclinical.r-biopharm.com\/nl\/diagnostiek\/allergologie\/type-i-allergieen\/#breadcrumb","itemListElement":[{"@type":"ListItem","position":1,"name":"Home","item":"https:\/\/devclinical.r-biopharm.com\/nl\/"},{"@type":"ListItem","position":2,"name":"Diagnostiek","item":"https:\/\/devclinical.r-biopharm.com\/nl\/diagnostiek\/"},{"@type":"ListItem","position":3,"name":"Allergologie","item":"https:\/\/devclinical.r-biopharm.com\/nl\/diagnostiek\/allergologie\/"},{"@type":"ListItem","position":4,"name":"Type I-allergie\u00ebn"}]},{"@type":"WebSite","@id":"https:\/\/devdevclinical.r-biopharm.com\/#website","url":"https:\/\/devdevclinical.r-biopharm.com\/","name":"\ud83d\udea8\ud83d\udea8\ud83d\udea8 Staging!!! Clinical Diagnostics \ud83d\udea8\ud83d\udea8\ud83d\udea8","description":"A Division of the R-Biopharm Group","potentialAction":[{"@type":"SearchAction","target":{"@type":"EntryPoint","urlTemplate":"https:\/\/devdevclinical.r-biopharm.com\/?s={search_term_string}"},"query-input":"required name=search_term_string"}],"inLanguage":"nl-NL"}]}},"_links":{"self":[{"href":"https:\/\/devclinical.r-biopharm.com\/nl\/wp-json\/wp\/v2\/pages\/90364"}],"collection":[{"href":"https:\/\/devclinical.r-biopharm.com\/nl\/wp-json\/wp\/v2\/pages"}],"about":[{"href":"https:\/\/devclinical.r-biopharm.com\/nl\/wp-json\/wp\/v2\/types\/page"}],"author":[{"embeddable":true,"href":"https:\/\/devclinical.r-biopharm.com\/nl\/wp-json\/wp\/v2\/users\/27"}],"replies":[{"embeddable":true,"href":"https:\/\/devclinical.r-biopharm.com\/nl\/wp-json\/wp\/v2\/comments?post=90364"}],"version-history":[{"count":22,"href":"https:\/\/devclinical.r-biopharm.com\/nl\/wp-json\/wp\/v2\/pages\/90364\/revisions"}],"predecessor-version":[{"id":102038,"href":"https:\/\/devclinical.r-biopharm.com\/nl\/wp-json\/wp\/v2\/pages\/90364\/revisions\/102038"}],"up":[{"embeddable":true,"href":"https:\/\/devclinical.r-biopharm.com\/nl\/wp-json\/wp\/v2\/pages\/90089"}],"wp:attachment":[{"href":"https:\/\/devclinical.r-biopharm.com\/nl\/wp-json\/wp\/v2\/media?parent=90364"}],"curies":[{"name":"wp","href":"https:\/\/api.w.org\/{rel}","templated":true}]}}